{"id":38,"date":"2024-09-14T23:45:33","date_gmt":"2024-09-14T23:45:33","guid":{"rendered":"https:\/\/jobaqui.com\/?page_id=38"},"modified":"2025-10-14T00:26:57","modified_gmt":"2025-10-14T00:26:57","slug":"medical-assistance","status":"publish","type":"page","link":"https:\/\/jobaqui.com\/index.php\/medical-assistance\/","title":{"rendered":"Medical Assistant"},"content":{"rendered":"<p><span style=\"font-size: 14pt;\"><strong>Medical Assistant<\/strong> (JOB) Available today (<span style=\"color: #ff0000;\">Just click it the source to apply<\/span>).<\/span><\/p>\n<hr \/>\n<p><span style=\"color: #993300;\"><strong>Proactive Resume focus (Open Positions Requirements):<\/strong><\/span><\/p>\n<ul>\n<li><span style=\"font-size: 14pt;\"><a href=\"https:\/\/hiapromo.com\/sfit\/jobaqui\/ma_pr\/index.html\" target=\"_blank\" rel=\"noopener\">Medical Assistant (HTML to PDF)<\/a><\/span><\/li>\n<\/ul>\n<p><span style=\"color: #993300;\"><strong>Attendance and Survey:<\/strong><\/span><\/p>\n<table style=\"width: 96.1379%; height: 61px;\" width=\"330\">\n<tbody>\n<tr>\n<td style=\"text-align: left; width: 100%;\" width=\"330\"><span style=\"font-size: 14pt;\"><a href=\"https:\/\/hiapromo.com\/sfit\/jobaqui\/pr_ma_s\/index.html\" target=\"_blank\" rel=\"noopener\">Medical Assistant &#8211; Participants Survey<\/a><\/span><\/td>\n<\/tr>\n<\/tbody>\n<\/table>\n<hr \/>\n<p><span style=\"font-size: 12pt; color: #008000; font-family: 'arial black', sans-serif;\"><a style=\"color: #008000;\" href=\"https:\/\/jobaqui.com\/certifications\/application.html\" target=\"_blank\" rel=\"noopener\">Gu\u00eda Universal de Plataformas de Empleo \u2013 Dade County 2025<\/a><\/span><\/p>\n<p><span style=\"color: #0000ff;\"><strong>Sources to apply:<\/strong><\/span><\/p>\n<ol>\n<li><a href=\"https:\/\/www.ziprecruiter.com\/jobs-search?search=medical+assistant&amp;location=Hialeah%2C+FL&amp;lvk=b__WrcQeEz2FwrDbh5BI8Q.--NcXB3S6uw&amp;lk=LyjDGzH6Emzf4Q91VdYtCQ&amp;page=1\" target=\"_blank\" rel=\"noopener\">ZipRecruiter<\/a><\/li>\n<li><a href=\"https:\/\/www.indeed.com\/jobs?q=medical+assistant&amp;l=Hialeah%2C+FL&amp;radius=25&amp;from=searchOnDesktopSerp&amp;vjk=f79b217735f93037\" target=\"_blank\" rel=\"noopener\">Indeed<\/a><\/li>\n<li><a href=\"https:\/\/www.monster.com\/jobs\/search?q=Medical+Assistant&amp;where=Hialeah%2C+FL&amp;page=2&amp;rd=10&amp;so=m.s.sh\" target=\"_blank\" rel=\"noopener\">Monster<\/a><\/li>\n<li><a href=\"https:\/\/www.linkedin.com\/jobs\/search-results\/?f_TPR=r86400&amp;keywords=medical%20assistant%20dade%20county\" target=\"_blank\" rel=\"noopener\">LinkedIn<\/a><\/li>\n<li><a href=\"https:\/\/www.glassdoor.com\/Job\/hialeah-fl-us-medical-assistant-jobs-SRCH_IL.0,13_IC1154162_KO14,31.htm?radius=10\" target=\"_blank\" rel=\"noopener\">Glassdoor<\/a><\/li>\n<\/ol>\n<hr \/>\n<p><em><span style=\"color: #993366;\">We are working on this website designs and concepts (Draft Version)<\/span><\/em><\/p>\n<hr \/>\n<p><span style=\"color: #0000ff;\"><strong>SPONSORS HERE:<\/strong><\/span><\/p>\n<table style=\"border-collapse: collapse; width: 100%;\">\n<tbody>\n<tr>\n<td style=\"width: 33.3333%;\"><a href=\"https:\/\/www.walmart.com\/shop\/deals\" target=\"_blank\" rel=\"noopener\"><img loading=\"lazy\" decoding=\"async\" class=\"alignleft size-medium wp-image-363\" src=\"http:\/\/jobaqui.com\/wp-content\/uploads\/2024\/10\/Walmart-Deals-300x202.png\" alt=\"\" width=\"300\" height=\"202\" srcset=\"https:\/\/jobaqui.com\/wp-content\/uploads\/2024\/10\/Walmart-Deals-300x202.png 300w, https:\/\/jobaqui.com\/wp-content\/uploads\/2024\/10\/Walmart-Deals.png 311w\" sizes=\"auto, (max-width: 300px) 100vw, 300px\" \/><\/a><\/td>\n<td style=\"width: 33.3333%;\"><a href=\"https:\/\/www.bjs.com\/myCoupons\" target=\"_blank\" rel=\"noopener\"><img loading=\"lazy\" decoding=\"async\" class=\"alignleft size-medium wp-image-368\" src=\"http:\/\/jobaqui.com\/wp-content\/uploads\/2024\/10\/BJs-300x85.png\" alt=\"\" width=\"300\" height=\"85\" srcset=\"https:\/\/jobaqui.com\/wp-content\/uploads\/2024\/10\/BJs-300x85.png 300w, https:\/\/jobaqui.com\/wp-content\/uploads\/2024\/10\/BJs.png 341w\" sizes=\"auto, (max-width: 300px) 100vw, 300px\" \/><\/a><\/td>\n<td style=\"width: 33.3333%;\"><\/td>\n<\/tr>\n<\/tbody>\n<\/table>\n<hr \/>\n<p><span style=\"color: #0000ff;\"><strong>Important Documents:<\/strong><\/span><\/p>\n<ul>\n<li><a href=\"https:\/\/jobaqui.com\/certifications\/Certificaciones_Medical_Assistant_Miami.pdf\" target=\"_blank\" rel=\"noopener\">Recommended Certifications MA\u00a0<\/a><\/li>\n<li><a href=\"https:\/\/jobaqui.com\/certifications\/Medical_Assistant_Market_Study.pdf\" target=\"_blank\" rel=\"noopener\">Medical_Assistant_Market_Study<\/a><\/li>\n<li><a href=\"https:\/\/jobaqui.com\/certifications\/ma-t10.html\" target=\"_blank\" rel=\"noopener\">Top 10 \u2013 Medical Assistant (Task)<\/a><\/li>\n<\/ul>\n<hr \/>\n<p><span style=\"color: #0000ff;\"><strong>A day on Your Career Life:\u00a0 <a href=\"https:\/\/jobaqui.com\/daylife\/ma.html\" target=\"_blank\" rel=\"noopener\">MA Videos Summary Link<\/a><\/strong><\/span><\/p>\n<hr \/>\n<p><iframe loading=\"lazy\" src=\"\/\/www.youtube.com\/embed\/xYQQqx25M0Y\" width=\"560\" height=\"314\" allowfullscreen=\"allowfullscreen\"><\/iframe><\/p>\n<p><iframe loading=\"lazy\" src=\"\/\/www.youtube.com\/embed\/tEfBc6FhRWw\" width=\"560\" height=\"314\" allowfullscreen=\"allowfullscreen\"><\/iframe><\/p>\n<p><iframe loading=\"lazy\" src=\"\/\/www.youtube.com\/embed\/A1ac8Xx2Qng\" width=\"560\" height=\"314\" allowfullscreen=\"allowfullscreen\"><\/iframe><\/p>\n<hr \/>\n<p><span style=\"font-size: 14pt;\"><strong data-start=\"127\" data-end=\"210\">Top 20 Duties \/ Principales 20 Funciones \u2013 Medical Assistant \/ Asistente M\u00e9dico<\/strong><\/span><\/p>\n<ol data-start=\"213\" data-end=\"2339\">\n<li data-start=\"213\" data-end=\"380\">\n<p data-start=\"216\" data-end=\"380\">Take patient vital signs (blood pressure, temperature, pulse, respiration) \/ Tomar signos vitales del paciente (presi\u00f3n arterial, temperatura, pulso, respiraci\u00f3n)<\/p>\n<\/li>\n<li data-start=\"381\" data-end=\"491\">\n<p data-start=\"384\" data-end=\"491\">Prepare patients for examination and procedures \/ Preparar a los pacientes para ex\u00e1menes y procedimientos<\/p>\n<\/li>\n<li data-start=\"492\" data-end=\"600\">\n<p data-start=\"495\" data-end=\"600\">Record patient medical history and symptoms \/ Registrar el historial m\u00e9dico y los s\u00edntomas del paciente<\/p>\n<\/li>\n<li data-start=\"601\" data-end=\"688\">\n<p data-start=\"604\" data-end=\"688\">Assist physicians during examinations \/ Asistir a los m\u00e9dicos durante los ex\u00e1menes<\/p>\n<\/li>\n<li data-start=\"689\" data-end=\"806\">\n<p data-start=\"692\" data-end=\"806\">Administer medications as directed by the physician \/ Administrar medicamentos seg\u00fan las indicaciones del m\u00e9dico<\/p>\n<\/li>\n<li data-start=\"807\" data-end=\"952\">\n<p data-start=\"810\" data-end=\"952\">Perform basic laboratory tests (urinalysis, blood draws) \/ Realizar pruebas de laboratorio b\u00e1sicas (an\u00e1lisis de orina, extracci\u00f3n de sangre)<\/p>\n<\/li>\n<li data-start=\"953\" data-end=\"1024\">\n<p data-start=\"956\" data-end=\"1024\">Schedule patient appointments \/ Programar citas para los pacientes<\/p>\n<\/li>\n<li data-start=\"1025\" data-end=\"1116\">\n<p data-start=\"1028\" data-end=\"1116\">Handle medical records and data entry \/ Gestionar registros m\u00e9dicos e ingreso de datos<\/p>\n<\/li>\n<li data-start=\"1117\" data-end=\"1217\">\n<p data-start=\"1120\" data-end=\"1217\">Prepare and sterilize instruments and equipment \/ Preparar y esterilizar instrumentos y equipos<\/p>\n<\/li>\n<li data-start=\"1218\" data-end=\"1328\">\n<p data-start=\"1222\" data-end=\"1328\">Collect and prepare specimens for lab testing \/ Recoger y preparar muestras para an\u00e1lisis de laboratorio<\/p>\n<\/li>\n<li data-start=\"1329\" data-end=\"1436\">\n<p data-start=\"1333\" data-end=\"1436\">Explain treatment procedures to patients \/ Explicar los procedimientos de tratamiento a los pacientes<\/p>\n<\/li>\n<li data-start=\"1437\" data-end=\"1513\">\n<p data-start=\"1441\" data-end=\"1513\">Perform electrocardiograms (EKGs) \/ Realizar electrocardiogramas (EKG)<\/p>\n<\/li>\n<li data-start=\"1514\" data-end=\"1619\">\n<p data-start=\"1518\" data-end=\"1619\">Maintain exam rooms and clinical supplies \/ Mantener las salas de examen y los suministros cl\u00ednicos<\/p>\n<\/li>\n<li data-start=\"1620\" data-end=\"1709\">\n<p data-start=\"1624\" data-end=\"1709\">Assist in minor surgical procedures \/ Asistir en procedimientos quir\u00fargicos menores<\/p>\n<\/li>\n<li data-start=\"1710\" data-end=\"1798\">\n<p data-start=\"1714\" data-end=\"1798\">Process insurance forms and billing \/ Procesar formularios de seguro y facturaci\u00f3n<\/p>\n<\/li>\n<li data-start=\"1799\" data-end=\"1923\">\n<p data-start=\"1803\" data-end=\"1923\">Coordinate hospital admissions and laboratory services \/ Coordinar admisiones hospitalarias y servicios de laboratorio<\/p>\n<\/li>\n<li data-start=\"1924\" data-end=\"2014\">\n<p data-start=\"1928\" data-end=\"2014\">Follow infection control protocols \/ Seguir los protocolos de control de infecciones<\/p>\n<\/li>\n<li data-start=\"2015\" data-end=\"2105\">\n<p data-start=\"2019\" data-end=\"2105\">Monitor and restock medical inventory \/ Controlar y reabastecer el inventario m\u00e9dico<\/p>\n<\/li>\n<li data-start=\"2106\" data-end=\"2202\">\n<p data-start=\"2110\" data-end=\"2202\">Provide basic wound care and dressings \/ Proporcionar cuidado b\u00e1sico de heridas y vendajes<\/p>\n<\/li>\n<li data-start=\"2203\" data-end=\"2339\">\n<p data-start=\"2207\" data-end=\"2339\">Support patient education and preventive care guidance \/ Apoyar la educaci\u00f3n del paciente y la orientaci\u00f3n en cuidados preventivos<\/p>\n<\/li>\n<\/ol>\n<hr data-start=\"2341\" data-end=\"2344\" \/>\n<h2 data-start=\"2346\" data-end=\"2436\"><span style=\"font-size: 14pt;\"><strong data-start=\"2349\" data-end=\"2434\">Top 20 Skills \/ Principales 20 Habilidades \u2013 Medical Assistant \/ Asistente M\u00e9dico<\/strong><\/span><\/h2>\n<ol data-start=\"2437\" data-end=\"4182\">\n<li data-start=\"2437\" data-end=\"2512\">\n<p data-start=\"2440\" data-end=\"2512\">Knowledge of medical terminology \/ Conocimiento de terminolog\u00eda m\u00e9dica<\/p>\n<\/li>\n<li data-start=\"2513\" data-end=\"2634\">\n<p data-start=\"2516\" data-end=\"2634\">Proficiency in electronic health records (EHR) systems \/ Dominio de sistemas de registros m\u00e9dicos electr\u00f3nicos (EHR)<\/p>\n<\/li>\n<li data-start=\"2635\" data-end=\"2728\">\n<p data-start=\"2638\" data-end=\"2728\">Basic anatomy and physiology understanding \/ Comprensi\u00f3n b\u00e1sica de anatom\u00eda y fisiolog\u00eda<\/p>\n<\/li>\n<li data-start=\"2729\" data-end=\"2820\">\n<p data-start=\"2732\" data-end=\"2820\">Communication and interpersonal skills \/ Habilidades de comunicaci\u00f3n e interpersonales<\/p>\n<\/li>\n<li data-start=\"2821\" data-end=\"2908\">\n<p data-start=\"2824\" data-end=\"2908\">Phlebotomy skills (blood draws) \/ Habilidades de flebotom\u00eda (extracci\u00f3n de sangre)<\/p>\n<\/li>\n<li data-start=\"2909\" data-end=\"2982\">\n<p data-start=\"2912\" data-end=\"2982\">Time management and organization \/ Gesti\u00f3n del tiempo y organizaci\u00f3n<\/p>\n<\/li>\n<li data-start=\"2983\" data-end=\"3062\">\n<p data-start=\"2986\" data-end=\"3062\">Knowledge of clinical procedures \/ Conocimiento de procedimientos cl\u00ednicos<\/p>\n<\/li>\n<li data-start=\"3063\" data-end=\"3125\">\n<p data-start=\"3066\" data-end=\"3125\">Patient care and empathy \/ Cuidado del paciente y empat\u00eda<\/p>\n<\/li>\n<li data-start=\"3126\" data-end=\"3208\">\n<p data-start=\"3129\" data-end=\"3208\">Vital signs measurement accuracy \/ Precisi\u00f3n en la medici\u00f3n de signos vitales<\/p>\n<\/li>\n<li data-start=\"3209\" data-end=\"3285\">\n<p data-start=\"3213\" data-end=\"3285\">Teamwork in clinical settings \/ Trabajo en equipo en entornos cl\u00ednicos<\/p>\n<\/li>\n<li data-start=\"3286\" data-end=\"3358\">\n<p data-start=\"3290\" data-end=\"3358\">Basic pharmacology knowledge \/ Conocimiento b\u00e1sico de farmacolog\u00eda<\/p>\n<\/li>\n<li data-start=\"3359\" data-end=\"3440\">\n<p data-start=\"3363\" data-end=\"3440\">Customer service in healthcare \/ Atenci\u00f3n al cliente en el \u00e1mbito sanitario<\/p>\n<\/li>\n<li data-start=\"3441\" data-end=\"3513\">\n<p data-start=\"3445\" data-end=\"3513\">Multitasking under pressure \/ Capacidad de multitarea bajo presi\u00f3n<\/p>\n<\/li>\n<li data-start=\"3514\" data-end=\"3591\">\n<p data-start=\"3518\" data-end=\"3591\">Understanding HIPAA regulations \/ Comprensi\u00f3n de las regulaciones HIPAA<\/p>\n<\/li>\n<li data-start=\"3592\" data-end=\"3677\">\n<p data-start=\"3596\" data-end=\"3677\">Basic math for dosage calculations \/ Matem\u00e1ticas b\u00e1sicas para c\u00e1lculos de dosis<\/p>\n<\/li>\n<li data-start=\"3678\" data-end=\"3791\">\n<p data-start=\"3682\" data-end=\"3791\">Problem-solving in patient care situations \/ Resoluci\u00f3n de problemas en situaciones de atenci\u00f3n al paciente<\/p>\n<\/li>\n<li data-start=\"3792\" data-end=\"3899\">\n<p data-start=\"3796\" data-end=\"3899\">Administrative skills (scheduling, billing) \/ Habilidades administrativas (programaci\u00f3n, facturaci\u00f3n)<\/p>\n<\/li>\n<li data-start=\"3900\" data-end=\"4000\">\n<p data-start=\"3904\" data-end=\"4000\">Adaptability to different clinical environments \/ Adaptabilidad a diferentes entornos cl\u00ednicos<\/p>\n<\/li>\n<li data-start=\"4001\" data-end=\"4081\">\n<p data-start=\"4005\" data-end=\"4081\">Data entry speed and accuracy \/ Rapidez y precisi\u00f3n en el ingreso de datos<\/p>\n<\/li>\n<li data-start=\"4082\" data-end=\"4182\">\n<p data-start=\"4086\" data-end=\"4182\">Conflict resolution with patients or staff \/ Resoluci\u00f3n de conflictos con pacientes o personal<\/p>\n<\/li>\n<\/ol>\n<hr data-start=\"4184\" data-end=\"4187\" \/>\n<h2 data-start=\"4189\" data-end=\"4291\"><span style=\"font-size: 14pt;\"><strong data-start=\"4192\" data-end=\"4289\">Top 20 Certifications \/ Principales 20 Certificaciones \u2013 Medical Assistant \/ Asistente M\u00e9dico<\/strong><\/span><\/h2>\n<ol data-start=\"4292\" data-end=\"6191\">\n<li data-start=\"4292\" data-end=\"4381\">\n<p data-start=\"4295\" data-end=\"4381\">Certified Medical Assistant (CMA \u2013 AAMA) \/ Asistente M\u00e9dico Certificado (CMA \u2013 AAMA)<\/p>\n<\/li>\n<li data-start=\"4382\" data-end=\"4469\">\n<p data-start=\"4385\" data-end=\"4469\">Registered Medical Assistant (RMA \u2013 AMT) \/ Asistente M\u00e9dico Registrado (RMA \u2013 AMT)<\/p>\n<\/li>\n<li data-start=\"4470\" data-end=\"4579\">\n<p data-start=\"4473\" data-end=\"4579\">National Certified Medical Assistant (NCMA \u2013 NCCT) \/ Asistente M\u00e9dico Nacional Certificado (NCMA \u2013 NCCT)<\/p>\n<\/li>\n<li data-start=\"4580\" data-end=\"4686\">\n<p data-start=\"4583\" data-end=\"4686\">Certified Clinical Medical Assistant (CCMA \u2013 NHA) \/ Asistente M\u00e9dico Cl\u00ednico Certificado (CCMA \u2013 NHA)<\/p>\n<\/li>\n<li data-start=\"4687\" data-end=\"4776\">\n<p data-start=\"4690\" data-end=\"4776\">Basic Life Support (BLS) Certification \/ Certificaci\u00f3n en Soporte Vital B\u00e1sico (BLS)<\/p>\n<\/li>\n<li data-start=\"4777\" data-end=\"4854\">\n<p data-start=\"4780\" data-end=\"4854\">CPR &amp; First Aid Certification \/ Certificaci\u00f3n en RCP y Primeros Auxilios<\/p>\n<\/li>\n<li data-start=\"4855\" data-end=\"4948\">\n<p data-start=\"4858\" data-end=\"4948\">Phlebotomy Technician Certification (CPT) \/ Certificaci\u00f3n de T\u00e9cnico en Flebotom\u00eda (CPT)<\/p>\n<\/li>\n<li data-start=\"4949\" data-end=\"5028\">\n<p data-start=\"4952\" data-end=\"5028\">EKG Technician Certification (CET) \/ Certificaci\u00f3n de T\u00e9cnico en EKG (CET)<\/p>\n<\/li>\n<li data-start=\"5029\" data-end=\"5093\">\n<p data-start=\"5032\" data-end=\"5093\">OSHA Safety Certification \/ Certificaci\u00f3n de Seguridad OSHA<\/p>\n<\/li>\n<li data-start=\"5094\" data-end=\"5165\">\n<p data-start=\"5098\" data-end=\"5165\">HIPAA Compliance Training \/ Capacitaci\u00f3n en Cumplimiento de HIPAA<\/p>\n<\/li>\n<li data-start=\"5166\" data-end=\"5312\">\n<p data-start=\"5170\" data-end=\"5312\">Certified Nursing Assistant (CNA) \u2013 optional skill expansion \/ Asistente de Enfermer\u00eda Certificado (CNA) \u2013 expansi\u00f3n opcional de habilidades<\/p>\n<\/li>\n<li data-start=\"5313\" data-end=\"5419\">\n<p data-start=\"5317\" data-end=\"5419\">Patient Care Technician (PCT) Certification \/ Certificaci\u00f3n de T\u00e9cnico en Atenci\u00f3n al Paciente (PCT)<\/p>\n<\/li>\n<li data-start=\"5420\" data-end=\"5519\">\n<p data-start=\"5424\" data-end=\"5519\">Medical Billing and Coding Certification \/ Certificaci\u00f3n en Facturaci\u00f3n y Codificaci\u00f3n M\u00e9dica<\/p>\n<\/li>\n<li data-start=\"5520\" data-end=\"5599\">\n<p data-start=\"5524\" data-end=\"5599\">Infection Control Certification \/ Certificaci\u00f3n en Control de Infecciones<\/p>\n<\/li>\n<li data-start=\"5600\" data-end=\"5742\">\n<p data-start=\"5604\" data-end=\"5742\">Emergency Medical Technician (EMT) \u2013 optional skill expansion \/ T\u00e9cnico en Emergencias M\u00e9dicas (EMT) \u2013 expansi\u00f3n opcional de habilidades<\/p>\n<\/li>\n<li data-start=\"5743\" data-end=\"5812\">\n<p data-start=\"5747\" data-end=\"5812\">IV Therapy Certification \/ Certificaci\u00f3n en Terapia Intravenosa<\/p>\n<\/li>\n<li data-start=\"5813\" data-end=\"5881\">\n<p data-start=\"5817\" data-end=\"5881\">Wound Care Certification \/ Certificaci\u00f3n en Cuidado de Heridas<\/p>\n<\/li>\n<li data-start=\"5882\" data-end=\"6000\">\n<p data-start=\"5886\" data-end=\"6000\">Pediatric Advanced Life Support (PALS) Certification \/ Certificaci\u00f3n en Soporte Vital Avanzado Pedi\u00e1trico (PALS)<\/p>\n<\/li>\n<li data-start=\"6001\" data-end=\"6128\">\n<p data-start=\"6005\" data-end=\"6128\">Advanced Cardiovascular Life Support (ACLS) Certification \/ Certificaci\u00f3n en Soporte Vital Cardiovascular Avanzado (ACLS)<\/p>\n<\/li>\n<li data-start=\"6129\" data-end=\"6191\">\n<p data-start=\"6133\" data-end=\"6191\">Telehealth Certification \/ Certificaci\u00f3n en Telemedicina<\/p>\n<\/li>\n<\/ol>\n<hr \/>\n<h2 data-start=\"192\" data-end=\"234\"><strong data-start=\"195\" data-end=\"234\">6-Month Roadmap \u2013 Medical Assistant<\/strong><\/h2>\n<h3 data-start=\"236\" data-end=\"280\"><strong data-start=\"240\" data-end=\"280\">Month 1 \u2013 Fundamentals &amp; Orientation<\/strong><\/h3>\n<ul data-start=\"281\" data-end=\"683\">\n<li data-start=\"281\" data-end=\"386\">\n<p data-start=\"283\" data-end=\"386\">Learn <strong data-start=\"289\" data-end=\"312\">medical terminology<\/strong> (focus on common patient symptoms, anatomy terms, and procedure names).<\/p>\n<\/li>\n<li data-start=\"387\" data-end=\"468\">\n<p data-start=\"389\" data-end=\"468\">Understand <strong data-start=\"400\" data-end=\"430\">basic anatomy &amp; physiology<\/strong> (body systems, vital signs ranges).<\/p>\n<\/li>\n<li data-start=\"469\" data-end=\"540\">\n<p data-start=\"471\" data-end=\"540\">Study <strong data-start=\"477\" data-end=\"498\">HIPAA regulations<\/strong> and <strong data-start=\"503\" data-end=\"530\">patient confidentiality<\/strong> basics.<\/p>\n<\/li>\n<li data-start=\"541\" data-end=\"608\">\n<p data-start=\"543\" data-end=\"608\">Practice taking <strong data-start=\"559\" data-end=\"574\">vital signs<\/strong> (BP, pulse, temp, respiration).<\/p>\n<\/li>\n<li data-start=\"609\" data-end=\"683\">\n<p data-start=\"611\" data-end=\"683\">Tools: YouTube medical tutorials, free anatomy apps, Quizlet flashcards.<\/p>\n<\/li>\n<\/ul>\n<hr data-start=\"685\" data-end=\"688\" \/>\n<h3 data-start=\"690\" data-end=\"723\"><strong data-start=\"694\" data-end=\"723\">Month 2 \u2013 Clinical Basics<\/strong><\/h3>\n<ul data-start=\"724\" data-end=\"1066\">\n<li data-start=\"724\" data-end=\"805\">\n<p data-start=\"726\" data-end=\"805\">Learn to <strong data-start=\"735\" data-end=\"765\">prepare patients for exams<\/strong> (positioning, explaining procedures).<\/p>\n<\/li>\n<li data-start=\"806\" data-end=\"888\">\n<p data-start=\"808\" data-end=\"888\">Practice <strong data-start=\"817\" data-end=\"838\">phlebotomy basics<\/strong> (theory + video training before real practice).<\/p>\n<\/li>\n<li data-start=\"889\" data-end=\"953\">\n<p data-start=\"891\" data-end=\"953\">Study <strong data-start=\"897\" data-end=\"919\">basic pharmacology<\/strong> (common meds, dosages, safety).<\/p>\n<\/li>\n<li data-start=\"954\" data-end=\"1013\">\n<p data-start=\"956\" data-end=\"1013\">Introduction to <strong data-start=\"972\" data-end=\"1010\">infection control &amp; OSHA protocols<\/strong>.<\/p>\n<\/li>\n<li data-start=\"1014\" data-end=\"1066\">\n<p data-start=\"1016\" data-end=\"1066\">Tools: Medical assisting textbooks, NHA resources.<\/p>\n<\/li>\n<\/ul>\n<hr data-start=\"1068\" data-end=\"1071\" \/>\n<h3 data-start=\"1073\" data-end=\"1112\"><strong data-start=\"1077\" data-end=\"1112\">Month 3 \u2013 Administrative Skills<\/strong><\/h3>\n<ul data-start=\"1113\" data-end=\"1425\">\n<li data-start=\"1113\" data-end=\"1170\">\n<p data-start=\"1115\" data-end=\"1170\">Train on <strong data-start=\"1124\" data-end=\"1159\">Electronic Health Records (EHR)<\/strong> systems.<\/p>\n<\/li>\n<li data-start=\"1171\" data-end=\"1231\">\n<p data-start=\"1173\" data-end=\"1231\">Learn <strong data-start=\"1179\" data-end=\"1228\">appointment scheduling &amp; patient intake forms<\/strong>.<\/p>\n<\/li>\n<li data-start=\"1232\" data-end=\"1302\">\n<p data-start=\"1234\" data-end=\"1302\">Introduction to <strong data-start=\"1250\" data-end=\"1278\">medical billing &amp; coding<\/strong> (ICD-10, CPT basics).<\/p>\n<\/li>\n<li data-start=\"1303\" data-end=\"1369\">\n<p data-start=\"1305\" data-end=\"1369\">Practice <strong data-start=\"1314\" data-end=\"1344\">professional communication<\/strong> with patients &amp; staff.<\/p>\n<\/li>\n<li data-start=\"1370\" data-end=\"1425\">\n<p data-start=\"1372\" data-end=\"1425\">Tools: EHR demos, medical office simulation software.<\/p>\n<\/li>\n<\/ul>\n<hr data-start=\"1427\" data-end=\"1430\" \/>\n<h3 data-start=\"1432\" data-end=\"1474\"><strong data-start=\"1436\" data-end=\"1474\">Month 4 \u2013 Advanced Clinical Skills<\/strong><\/h3>\n<ul data-start=\"1475\" data-end=\"1771\">\n<li data-start=\"1475\" data-end=\"1538\">\n<p data-start=\"1477\" data-end=\"1538\">Perform <strong data-start=\"1485\" data-end=\"1503\">EKG procedures<\/strong> (12-lead setup, reading basics).<\/p>\n<\/li>\n<li data-start=\"1539\" data-end=\"1601\">\n<p data-start=\"1541\" data-end=\"1601\">Collect &amp; prepare <strong data-start=\"1559\" data-end=\"1576\">lab specimens<\/strong> (urine, blood, swabs).<\/p>\n<\/li>\n<li data-start=\"1602\" data-end=\"1652\">\n<p data-start=\"1604\" data-end=\"1652\">Learn <strong data-start=\"1610\" data-end=\"1649\">basic wound care &amp; dressing changes<\/strong>.<\/p>\n<\/li>\n<li data-start=\"1653\" data-end=\"1721\">\n<p data-start=\"1655\" data-end=\"1721\">Practice <strong data-start=\"1664\" data-end=\"1693\">administering medications<\/strong> (oral, IM, subcutaneous).<\/p>\n<\/li>\n<li data-start=\"1722\" data-end=\"1771\">\n<p data-start=\"1724\" data-end=\"1771\">Tools: Clinical skills videos, simulation kits.<\/p>\n<\/li>\n<\/ul>\n<hr data-start=\"1773\" data-end=\"1776\" \/>\n<h3 data-start=\"1778\" data-end=\"1821\"><strong data-start=\"1782\" data-end=\"1821\">Month 5 \u2013 Certification Preparation<\/strong><\/h3>\n<ul data-start=\"1822\" data-end=\"2096\">\n<li data-start=\"1822\" data-end=\"1884\">\n<p data-start=\"1824\" data-end=\"1884\">Choose your certification path (<strong data-start=\"1856\" data-end=\"1880\">CMA, RMA, CCMA, NCMA<\/strong>).<\/p>\n<\/li>\n<li data-start=\"1885\" data-end=\"1950\">\n<p data-start=\"1887\" data-end=\"1950\">Review <strong data-start=\"1894\" data-end=\"1919\">exam content outlines<\/strong> and take <strong data-start=\"1929\" data-end=\"1947\">practice tests<\/strong>.<\/p>\n<\/li>\n<li data-start=\"1951\" data-end=\"1997\">\n<p data-start=\"1953\" data-end=\"1997\">Attend <strong data-start=\"1960\" data-end=\"1994\">BLS &amp; CPR certification course<\/strong>.<\/p>\n<\/li>\n<li data-start=\"1998\" data-end=\"2048\">\n<p data-start=\"2000\" data-end=\"2048\">Strengthen <strong data-start=\"2011\" data-end=\"2025\">weak areas<\/strong> found in mock exams.<\/p>\n<\/li>\n<li data-start=\"2049\" data-end=\"2096\">\n<p data-start=\"2051\" data-end=\"2096\">Tools: AAMA study guides, NHA practice exams.<\/p>\n<\/li>\n<\/ul>\n<hr data-start=\"2098\" data-end=\"2101\" \/>\n<h3 data-start=\"2103\" data-end=\"2141\"><strong data-start=\"2107\" data-end=\"2141\">Month 6 \u2013 Real-World Readiness<\/strong><\/h3>\n<ul data-start=\"2142\" data-end=\"2456\">\n<li data-start=\"2142\" data-end=\"2213\">\n<p data-start=\"2144\" data-end=\"2213\">Do a <strong data-start=\"2149\" data-end=\"2172\">clinical externship<\/strong> or volunteer at a healthcare facility.<\/p>\n<\/li>\n<li data-start=\"2214\" data-end=\"2272\">\n<p data-start=\"2216\" data-end=\"2272\">Refine <strong data-start=\"2223\" data-end=\"2244\">resume &amp; LinkedIn<\/strong> with healthcare keywords.<\/p>\n<\/li>\n<li data-start=\"2273\" data-end=\"2333\">\n<p data-start=\"2275\" data-end=\"2333\">Practice <strong data-start=\"2284\" data-end=\"2330\">interview questions for medical assistants<\/strong>.<\/p>\n<\/li>\n<li data-start=\"2334\" data-end=\"2405\">\n<p data-start=\"2336\" data-end=\"2405\">Learn <strong data-start=\"2342\" data-end=\"2371\">telehealth best practices<\/strong> (emerging skill in healthcare).<\/p>\n<\/li>\n<li data-start=\"2406\" data-end=\"2456\">\n<p data-start=\"2408\" data-end=\"2456\">Apply to <strong data-start=\"2417\" data-end=\"2455\">entry-level Medical Assistant jobs<\/strong>.<\/p>\n<\/li>\n<\/ul>\n<div>\n<hr \/>\n<\/div>\n<div><span style=\"color: #0000ff;\">Unique Visitors:<\/span> <span class='visitors'>2749<\/span><br \/>\n<span style=\"color: #0000ff;\">Page-views:<\/span> <span class='page-views'>11453<\/span><\/div>\n","protected":false},"excerpt":{"rendered":"<p>Medical Assistant (JOB) Available today (Just click it the source to apply). Proactive Resume focus (Open&#8230;<\/p>\n","protected":false},"author":1,"featured_media":0,"parent":0,"menu_order":1,"comment_status":"closed","ping_status":"closed","template":"","meta":{"footnotes":""},"class_list":["post-38","page","type-page","status-publish","hentry"],"_links":{"self":[{"href":"https:\/\/jobaqui.com\/index.php\/wp-json\/wp\/v2\/pages\/38","targetHints":{"allow":["GET"]}}],"collection":[{"href":"https:\/\/jobaqui.com\/index.php\/wp-json\/wp\/v2\/pages"}],"about":[{"href":"https:\/\/jobaqui.com\/index.php\/wp-json\/wp\/v2\/types\/page"}],"author":[{"embeddable":true,"href":"https:\/\/jobaqui.com\/index.php\/wp-json\/wp\/v2\/users\/1"}],"replies":[{"embeddable":true,"href":"https:\/\/jobaqui.com\/index.php\/wp-json\/wp\/v2\/comments?post=38"}],"version-history":[{"count":74,"href":"https:\/\/jobaqui.com\/index.php\/wp-json\/wp\/v2\/pages\/38\/revisions"}],"predecessor-version":[{"id":1689,"href":"https:\/\/jobaqui.com\/index.php\/wp-json\/wp\/v2\/pages\/38\/revisions\/1689"}],"wp:attachment":[{"href":"https:\/\/jobaqui.com\/index.php\/wp-json\/wp\/v2\/media?parent=38"}],"curies":[{"name":"wp","href":"https:\/\/api.w.org\/{rel}","templated":true}]}}