{"id":59,"date":"2024-09-15T00:18:31","date_gmt":"2024-09-15T00:18:31","guid":{"rendered":"https:\/\/jobaqui.com\/?page_id=59"},"modified":"2025-10-14T00:27:22","modified_gmt":"2025-10-14T00:27:22","slug":"nursing-assistance","status":"publish","type":"page","link":"https:\/\/jobaqui.com\/index.php\/nursing-assistance\/","title":{"rendered":"Nursing Assistant"},"content":{"rendered":"<p><strong>Nursing Assistant<\/strong> (JOB) Available today (<span style=\"font-size: 14pt;\"><span style=\"color: #ff0000;\">Just click it the source to apply<\/span><\/span>).<\/p>\n<hr \/>\n<p><span style=\"color: #993300;\"><strong>Proactive Resume focus (Open Positions Requirements):<\/strong><\/span><\/p>\n<ul>\n<li><span style=\"font-size: 14pt;\"><a href=\"https:\/\/hiapromo.com\/sfit\/jobaqui\/na_pr\/index.html\" target=\"_blank\" rel=\"noopener\">Nursing Assistant (HTML to PDF)<\/a><\/span><\/li>\n<\/ul>\n<p><span style=\"color: #993300;\"><strong>Attendance and Survey:<\/strong><\/span><\/p>\n<table style=\"width: 100.023%;\" width=\"330\">\n<tbody>\n<tr>\n<td style=\"text-align: left; width: 100%;\" width=\"330\"><span style=\"font-size: 14pt;\"><a href=\"https:\/\/hiapromo.com\/sfit\/jobaqui\/pr_na_s\/index.html\" target=\"_blank\" rel=\"noopener\">Nursing Assistant &#8211; Participants Survey<\/a><\/span><\/td>\n<\/tr>\n<\/tbody>\n<\/table>\n<hr \/>\n<p><span style=\"font-size: 12pt; color: #008000; font-family: 'arial black', sans-serif;\"><a style=\"color: #008000;\" href=\"https:\/\/jobaqui.com\/certifications\/application.html\" target=\"_blank\" rel=\"noopener\">Gu\u00eda Universal de Plataformas de Empleo \u2013 Dade County 2025<\/a><\/span><\/p>\n<p><span style=\"color: #0000ff;\"><strong>Sources to Apply:<\/strong><\/span><\/p>\n<ol>\n<li><a href=\"https:\/\/www.ziprecruiter.com\/jobs-search?search=nursing+assistant&amp;location=Hialeah%2C+FL&amp;lvk=D_AxAz9ch9Cj_fL2oiuhHg.--Ncn7fJI7g&amp;lk=FUzrNQBWBmCii4eSCKIp0g&amp;page=1\" target=\"_blank\" rel=\"noopener\">ZipRecruiter<\/a><\/li>\n<li><a href=\"https:\/\/www.indeed.com\/jobs?q=nursing+assistant&amp;l=Hialeah%2C+FL&amp;radius=25&amp;from=searchOnDesktopSerp&amp;vjk=7012efcfa089f203\" target=\"_blank\" rel=\"noopener\">Indeed<\/a><\/li>\n<li><a href=\"https:\/\/www.monster.com\/jobs\/search?q=Nursing+Assistant&amp;where=Hialeah%2C+FL&amp;page=1&amp;so=m.h.s\" target=\"_blank\" rel=\"noopener\">Monster<\/a><\/li>\n<li><a href=\"https:\/\/www.linkedin.com\/jobs\/search-results\/?keywords=nursing%20assistant%20dade%20county%20posted%20in%20the%20past%2024%20hours\" target=\"_blank\" rel=\"noopener\">LinkedIn<\/a><\/li>\n<li><a href=\"https:\/\/www.glassdoor.com\/Job\/hialeah-fl-nursing-assistant-jobs-SRCH_IL.0,10_IC1154162_KO11,28.htm?radius=10\" target=\"_blank\" rel=\"noopener\">Glassdoor<\/a><\/li>\n<\/ol>\n<hr \/>\n<p><em><span style=\"color: #993366;\">We are working on this website designs and concepts (Draft Version)<\/span><\/em><\/p>\n<hr \/>\n<p><span style=\"color: #0000ff;\"><strong>SPONSORS HERE:<\/strong><\/span><\/p>\n<table style=\"border-collapse: collapse; width: 100%;\">\n<tbody>\n<tr>\n<td style=\"width: 33.3333%;\"><a href=\"https:\/\/www.walmart.com\/shop\/deals\" target=\"_blank\" rel=\"noopener\"><img loading=\"lazy\" decoding=\"async\" class=\"alignleft size-medium wp-image-363\" src=\"http:\/\/jobaqui.com\/wp-content\/uploads\/2024\/10\/Walmart-Deals-300x202.png\" alt=\"\" width=\"300\" height=\"202\" srcset=\"https:\/\/jobaqui.com\/wp-content\/uploads\/2024\/10\/Walmart-Deals-300x202.png 300w, https:\/\/jobaqui.com\/wp-content\/uploads\/2024\/10\/Walmart-Deals.png 311w\" sizes=\"auto, (max-width: 300px) 100vw, 300px\" \/><\/a><\/td>\n<td style=\"width: 33.3333%;\"><a href=\"https:\/\/www.bjs.com\/myCoupons\" target=\"_blank\" rel=\"noopener\"><img loading=\"lazy\" decoding=\"async\" class=\"alignleft size-medium wp-image-368\" src=\"http:\/\/jobaqui.com\/wp-content\/uploads\/2024\/10\/BJs-300x85.png\" alt=\"\" width=\"300\" height=\"85\" srcset=\"https:\/\/jobaqui.com\/wp-content\/uploads\/2024\/10\/BJs-300x85.png 300w, https:\/\/jobaqui.com\/wp-content\/uploads\/2024\/10\/BJs.png 341w\" sizes=\"auto, (max-width: 300px) 100vw, 300px\" \/><\/a><\/td>\n<td style=\"width: 33.3333%;\"><\/td>\n<\/tr>\n<\/tbody>\n<\/table>\n<hr \/>\n<p><span style=\"color: #0000ff;\"><strong>Important Documents:<\/strong><\/span><\/p>\n<ul>\n<li><a href=\"https:\/\/jobaqui.com\/certifications\/Certificaciones_Nursing_Assistant_Miami.pdf\" target=\"_blank\" rel=\"noopener\">Recommended Certifications NA<\/a><\/li>\n<li><a href=\"https:\/\/jobaqui.com\/certifications\/Nursing_Assistant_Market_Study.pdf\" target=\"_blank\" rel=\"noopener\">Nursing_Assistant_Market_Study<\/a><\/li>\n<li><a href=\"https:\/\/jobaqui.com\/certifications\/na-t10.html\" target=\"_blank\" rel=\"noopener\">Top 10 \u2013 Nursing Assistant (Task)<\/a><\/li>\n<\/ul>\n<hr \/>\n<p><span style=\"color: #0000ff;\"><strong>A day on Your Career Life: <a href=\"https:\/\/jobaqui.com\/daylife\/na.html\" target=\"_blank\" rel=\"noopener\">NA Videos Summary Link<\/a><\/strong><\/span><\/p>\n<hr \/>\n<p><iframe loading=\"lazy\" src=\"\/\/www.youtube.com\/embed\/CgR_F1dwWQM\" width=\"560\" height=\"314\" allowfullscreen=\"allowfullscreen\"><\/iframe><\/p>\n<p><iframe loading=\"lazy\" src=\"\/\/www.youtube.com\/embed\/lTv53IhSwKk\" width=\"560\" height=\"314\" allowfullscreen=\"allowfullscreen\"><\/iframe><\/p>\n<p><iframe loading=\"lazy\" src=\"\/\/www.youtube.com\/embed\/0quDo6LhNAY\" width=\"560\" height=\"314\" allowfullscreen=\"allowfullscreen\"><\/iframe><\/p>\n<hr \/>\n<h2 data-start=\"134\" data-end=\"229\"><span style=\"font-size: 14pt;\"><strong data-start=\"137\" data-end=\"227\">Top 20 Duties \u2013 Nursing Assistant \/ Principales 20 Funciones \u2013 Asistente de Enfermer\u00eda<\/strong><\/span><\/h2>\n<ol data-start=\"230\" data-end=\"2587\">\n<li data-start=\"230\" data-end=\"383\">\n<p data-start=\"233\" data-end=\"383\">Assist patients with daily living activities (bathing, dressing, eating) \/ Ayudar a los pacientes con actividades diarias (ba\u00f1arse, vestirse, comer)<\/p>\n<\/li>\n<li data-start=\"384\" data-end=\"544\">\n<p data-start=\"387\" data-end=\"544\">Measure and record vital signs (BP, pulse, temperature, respiration) \/ Medir y registrar signos vitales (presi\u00f3n arterial, pulso, temperatura, respiraci\u00f3n)<\/p>\n<\/li>\n<li data-start=\"545\" data-end=\"690\">\n<p data-start=\"548\" data-end=\"690\">Turn, position, and transfer patients between beds and wheelchairs \/ Girar, posicionar y transferir pacientes entre camas y sillas de ruedas<\/p>\n<\/li>\n<li data-start=\"691\" data-end=\"851\">\n<p data-start=\"694\" data-end=\"851\">Monitor patient health status and report changes to nursing staff \/ Monitorear el estado de salud del paciente y reportar cambios al personal de enfermer\u00eda<\/p>\n<\/li>\n<li data-start=\"852\" data-end=\"933\">\n<p data-start=\"855\" data-end=\"933\">Assist with feeding and hydration \/ Ayudar con la alimentaci\u00f3n e hidrataci\u00f3n<\/p>\n<\/li>\n<li data-start=\"934\" data-end=\"1021\">\n<p data-start=\"937\" data-end=\"1021\">Maintain patient hygiene and grooming \/ Mantener la higiene y el aseo del paciente<\/p>\n<\/li>\n<li data-start=\"1022\" data-end=\"1127\">\n<p data-start=\"1025\" data-end=\"1127\">Change bed linens and keep patient rooms clean \/ Cambiar s\u00e1banas y mantener limpias las habitaciones<\/p>\n<\/li>\n<li data-start=\"1128\" data-end=\"1221\">\n<p data-start=\"1131\" data-end=\"1221\">Assist in toileting and catheter care \/ Ayudar en el uso del ba\u00f1o y cuidado de cat\u00e9teres<\/p>\n<\/li>\n<li data-start=\"1222\" data-end=\"1359\">\n<p data-start=\"1225\" data-end=\"1359\">Support mobility exercises as directed by physical therapists \/ Apoyar ejercicios de movilidad seg\u00fan indicaciones del fisioterapeuta<\/p>\n<\/li>\n<li data-start=\"1360\" data-end=\"1475\">\n<p data-start=\"1364\" data-end=\"1475\">Help with patient admissions, transfers, and discharges \/ Ayudar con ingresos, traslados y altas de pacientes<\/p>\n<\/li>\n<li data-start=\"1476\" data-end=\"1562\">\n<p data-start=\"1480\" data-end=\"1562\">Follow infection control protocols \/ Seguir protocolos de control de infecciones<\/p>\n<\/li>\n<li data-start=\"1563\" data-end=\"1666\">\n<p data-start=\"1567\" data-end=\"1666\">Assist nurses during medical procedures \/ Asistir a las enfermeras durante procedimientos m\u00e9dicos<\/p>\n<\/li>\n<li data-start=\"1667\" data-end=\"1783\">\n<p data-start=\"1671\" data-end=\"1783\">Document patient care activities accurately \/ Documentar con precisi\u00f3n las actividades de cuidado del paciente<\/p>\n<\/li>\n<li data-start=\"1784\" data-end=\"1914\">\n<p data-start=\"1788\" data-end=\"1914\">Maintain stock of medical supplies in patient areas \/ Mantener el suministro de materiales m\u00e9dicos en las \u00e1reas de pacientes<\/p>\n<\/li>\n<li data-start=\"1915\" data-end=\"2029\">\n<p data-start=\"1919\" data-end=\"2029\">Provide emotional support and companionship to patients \/ Brindar apoyo emocional y compa\u00f1\u00eda a los pacientes<\/p>\n<\/li>\n<li data-start=\"2030\" data-end=\"2145\">\n<p data-start=\"2034\" data-end=\"2145\">Apply simple dressings and assist in wound care \/ Aplicar vendajes simples y asistir en el cuidado de heridas<\/p>\n<\/li>\n<li data-start=\"2146\" data-end=\"2253\">\n<p data-start=\"2150\" data-end=\"2253\">Assist with collecting specimens (urine, stool) \/ Ayudar en la recolecci\u00f3n de muestras (orina, heces)<\/p>\n<\/li>\n<li data-start=\"2254\" data-end=\"2371\">\n<p data-start=\"2258\" data-end=\"2371\">Use mechanical lifts and mobility aids safely \/ Usar elevadores mec\u00e1nicos y ayudas de movilidad de forma segura<\/p>\n<\/li>\n<li data-start=\"2372\" data-end=\"2481\">\n<p data-start=\"2376\" data-end=\"2481\">Follow safety protocols for patient handling \/ Seguir protocolos de seguridad en el manejo de pacientes<\/p>\n<\/li>\n<li data-start=\"2482\" data-end=\"2587\">\n<p data-start=\"2486\" data-end=\"2587\">Escort patients to examinations or treatments \/ Acompa\u00f1ar a los pacientes a ex\u00e1menes o tratamientos<\/p>\n<\/li>\n<\/ol>\n<hr data-start=\"2589\" data-end=\"2592\" \/>\n<h2 data-start=\"2594\" data-end=\"2691\"><span style=\"font-size: 14pt;\"><strong data-start=\"2597\" data-end=\"2689\">Top 20 Skills \u2013 Nursing Assistant \/ Principales 20 Habilidades \u2013 Asistente de Enfermer\u00eda<\/strong><\/span><\/h2>\n<ol data-start=\"2692\" data-end=\"4467\">\n<li data-start=\"2692\" data-end=\"2754\">\n<p data-start=\"2695\" data-end=\"2754\">Patient care and empathy \/ Cuidado del paciente y empat\u00eda<\/p>\n<\/li>\n<li data-start=\"2755\" data-end=\"2857\">\n<p data-start=\"2758\" data-end=\"2857\">Communication with patients and healthcare staff \/ Comunicaci\u00f3n con pacientes y personal de salud<\/p>\n<\/li>\n<li data-start=\"2858\" data-end=\"2949\">\n<p data-start=\"2861\" data-end=\"2949\">Knowledge of basic anatomy &amp; physiology \/ Conocimiento de anatom\u00eda y fisiolog\u00eda b\u00e1sica<\/p>\n<\/li>\n<li data-start=\"2950\" data-end=\"3032\">\n<p data-start=\"2953\" data-end=\"3032\">Vital signs measurement accuracy \/ Precisi\u00f3n en la medici\u00f3n de signos vitales<\/p>\n<\/li>\n<li data-start=\"3033\" data-end=\"3125\">\n<p data-start=\"3036\" data-end=\"3125\">Infection control and hygiene practices \/ Pr\u00e1cticas de control de infecciones e higiene<\/p>\n<\/li>\n<li data-start=\"3126\" data-end=\"3233\">\n<p data-start=\"3129\" data-end=\"3233\">Time management in busy healthcare settings \/ Gesti\u00f3n del tiempo en entornos de salud con alta demanda<\/p>\n<\/li>\n<li data-start=\"3234\" data-end=\"3334\">\n<p data-start=\"3237\" data-end=\"3334\">Observation and reporting of patient conditions \/ Observaci\u00f3n y reporte del estado del paciente<\/p>\n<\/li>\n<li data-start=\"3335\" data-end=\"3414\">\n<p data-start=\"3338\" data-end=\"3414\">Safe patient handling techniques \/ T\u00e9cnicas seguras de manejo del paciente<\/p>\n<\/li>\n<li data-start=\"3415\" data-end=\"3510\">\n<p data-start=\"3418\" data-end=\"3510\">Knowledge of mobility aids and transfers \/ Conocimiento de ayudas de movilidad y traslados<\/p>\n<\/li>\n<li data-start=\"3511\" data-end=\"3594\">\n<p data-start=\"3515\" data-end=\"3594\">CPR and basic life support skills \/ Habilidades en RCP y soporte vital b\u00e1sico<\/p>\n<\/li>\n<li data-start=\"3595\" data-end=\"3680\">\n<p data-start=\"3599\" data-end=\"3680\">Documentation and charting accuracy \/ Precisi\u00f3n en la documentaci\u00f3n y registros<\/p>\n<\/li>\n<li data-start=\"3681\" data-end=\"3763\">\n<p data-start=\"3685\" data-end=\"3763\">Teamwork in healthcare environments \/ Trabajo en equipo en entornos de salud<\/p>\n<\/li>\n<li data-start=\"3764\" data-end=\"3857\">\n<p data-start=\"3768\" data-end=\"3857\">Cultural sensitivity in patient care \/ Sensibilidad cultural en el cuidado del paciente<\/p>\n<\/li>\n<li data-start=\"3858\" data-end=\"3952\">\n<p data-start=\"3862\" data-end=\"3952\">Basic nutrition and hydration knowledge \/ Conocimiento b\u00e1sico de nutrici\u00f3n e hidrataci\u00f3n<\/p>\n<\/li>\n<li data-start=\"3953\" data-end=\"4028\">\n<p data-start=\"3957\" data-end=\"4028\">Ability to work under pressure \/ Capacidad para trabajar bajo presi\u00f3n<\/p>\n<\/li>\n<li data-start=\"4029\" data-end=\"4108\">\n<p data-start=\"4033\" data-end=\"4108\">End-of-life care compassion \/ Compasi\u00f3n en el cuidado al final de la vida<\/p>\n<\/li>\n<li data-start=\"4109\" data-end=\"4213\">\n<p data-start=\"4113\" data-end=\"4213\">Conflict resolution with patients and families \/ Resoluci\u00f3n de conflictos con pacientes y familias<\/p>\n<\/li>\n<li data-start=\"4214\" data-end=\"4294\">\n<p data-start=\"4218\" data-end=\"4294\">Understanding of HIPAA regulations \/ Comprensi\u00f3n de las regulaciones HIPAA<\/p>\n<\/li>\n<li data-start=\"4295\" data-end=\"4393\">\n<p data-start=\"4299\" data-end=\"4393\">Adaptability to different shifts and settings \/ Adaptabilidad a diferentes turnos y entornos<\/p>\n<\/li>\n<li data-start=\"4394\" data-end=\"4467\">\n<p data-start=\"4398\" data-end=\"4467\">Organization and multitasking \/ Organizaci\u00f3n y capacidad multitarea<\/p>\n<\/li>\n<\/ol>\n<hr data-start=\"4469\" data-end=\"4472\" \/>\n<h2 data-start=\"4474\" data-end=\"4583\"><span style=\"font-size: 14pt;\"><strong data-start=\"4477\" data-end=\"4581\">Top 20 Certifications \u2013 Nursing Assistant \/ Principales 20 Certificaciones \u2013 Asistente de Enfermer\u00eda<\/strong><\/span><\/h2>\n<ol data-start=\"4584\" data-end=\"6292\">\n<li data-start=\"4584\" data-end=\"4671\">\n<p data-start=\"4587\" data-end=\"4671\">Certified Nursing Assistant (CNA) \/ Certificaci\u00f3n de Asistente de Enfermer\u00eda (CNA)<\/p>\n<\/li>\n<li data-start=\"4672\" data-end=\"4761\">\n<p data-start=\"4675\" data-end=\"4761\">Basic Life Support (BLS) Certification \/ Certificaci\u00f3n en Soporte Vital B\u00e1sico (BLS)<\/p>\n<\/li>\n<li data-start=\"4762\" data-end=\"4807\">\n<p data-start=\"4765\" data-end=\"4807\">CPR Certification \/ Certificaci\u00f3n en RCP<\/p>\n<\/li>\n<li data-start=\"4808\" data-end=\"4873\">\n<p data-start=\"4811\" data-end=\"4873\">First Aid Certification \/ Certificaci\u00f3n en Primeros Auxilios<\/p>\n<\/li>\n<li data-start=\"4874\" data-end=\"4955\">\n<p data-start=\"4877\" data-end=\"4955\">Geriatric Nursing Assistant (GNA) \/ Asistente de Enfermer\u00eda Geri\u00e1trica (GNA)<\/p>\n<\/li>\n<li data-start=\"4956\" data-end=\"5061\">\n<p data-start=\"4959\" data-end=\"5061\">Patient Care Technician (PCT) Certification \/ Certificaci\u00f3n de T\u00e9cnico en Cuidado del Paciente (PCT)<\/p>\n<\/li>\n<li data-start=\"5062\" data-end=\"5188\">\n<p data-start=\"5065\" data-end=\"5188\">Advanced Cardiovascular Life Support (ACLS) Certification \/ Certificaci\u00f3n en Soporte Vital Cardiovascular Avanzado (ACLS)<\/p>\n<\/li>\n<li data-start=\"5189\" data-end=\"5306\">\n<p data-start=\"5192\" data-end=\"5306\">Pediatric Advanced Life Support (PALS) Certification \/ Certificaci\u00f3n en Soporte Vital Pedi\u00e1trico Avanzado (PALS)<\/p>\n<\/li>\n<li data-start=\"5307\" data-end=\"5378\">\n<p data-start=\"5310\" data-end=\"5378\">Dementia Care Certification \/ Certificaci\u00f3n en Cuidado de Demencia<\/p>\n<\/li>\n<li data-start=\"5379\" data-end=\"5455\">\n<p data-start=\"5383\" data-end=\"5455\">Alzheimer\u2019s Care Certification \/ Certificaci\u00f3n en Cuidado de Alzheimer<\/p>\n<\/li>\n<li data-start=\"5456\" data-end=\"5535\">\n<p data-start=\"5460\" data-end=\"5535\">Infection Control Certification \/ Certificaci\u00f3n en Control de Infecciones<\/p>\n<\/li>\n<li data-start=\"5536\" data-end=\"5607\">\n<p data-start=\"5540\" data-end=\"5607\">HIPAA Compliance Training \/ Capacitaci\u00f3n en Cumplimiento de HIPAA<\/p>\n<\/li>\n<li data-start=\"5608\" data-end=\"5673\">\n<p data-start=\"5612\" data-end=\"5673\">OSHA Safety Certification \/ Certificaci\u00f3n de Seguridad OSHA<\/p>\n<\/li>\n<li data-start=\"5674\" data-end=\"5769\">\n<p data-start=\"5678\" data-end=\"5769\">Hospice and Palliative Care Certification \/ Certificaci\u00f3n en Cuidado Hospicio y Paliativo<\/p>\n<\/li>\n<li data-start=\"5770\" data-end=\"5866\">\n<p data-start=\"5774\" data-end=\"5866\">Mental Health First Aid Certification \/ Certificaci\u00f3n en Primeros Auxilios en Salud Mental<\/p>\n<\/li>\n<li data-start=\"5867\" data-end=\"5936\">\n<p data-start=\"5871\" data-end=\"5936\">IV Therapy Certification \/ Certificaci\u00f3n en Terapia Intravenosa<\/p>\n<\/li>\n<li data-start=\"5937\" data-end=\"6005\">\n<p data-start=\"5941\" data-end=\"6005\">Wound Care Certification \/ Certificaci\u00f3n en Cuidado de Heridas<\/p>\n<\/li>\n<li data-start=\"6006\" data-end=\"6116\">\n<p data-start=\"6010\" data-end=\"6116\">Restorative Nursing Assistant Certification \/ Certificaci\u00f3n de Asistente de Enfermer\u00eda en Rehabilitaci\u00f3n<\/p>\n<\/li>\n<li data-start=\"6117\" data-end=\"6192\">\n<p data-start=\"6121\" data-end=\"6192\">Telehealth Skills Training \/ Capacitaci\u00f3n en Habilidades de Telesalud<\/p>\n<\/li>\n<li data-start=\"6193\" data-end=\"6292\">\n<p data-start=\"6197\" data-end=\"6292\">Basic Pharmacology for Nursing Assistants \/ Farmacolog\u00eda B\u00e1sica para Asistentes de Enfermer\u00eda<\/p>\n<\/li>\n<\/ol>\n<hr \/>\n<h2 data-start=\"138\" data-end=\"180\"><strong data-start=\"141\" data-end=\"180\">6-Month Roadmap \u2013 Nursing Assistant<\/strong><\/h2>\n<h3 data-start=\"182\" data-end=\"223\"><strong data-start=\"186\" data-end=\"223\">Month 1 \u2013 Healthcare Fundamentals<\/strong><\/h3>\n<ul data-start=\"224\" data-end=\"583\">\n<li data-start=\"224\" data-end=\"285\">\n<p data-start=\"226\" data-end=\"285\">Learn <strong data-start=\"232\" data-end=\"261\">basic medical terminology<\/strong> used in nursing care.<\/p>\n<\/li>\n<li data-start=\"286\" data-end=\"386\">\n<p data-start=\"288\" data-end=\"386\">Study <strong data-start=\"294\" data-end=\"318\">anatomy &amp; physiology<\/strong> (focus on musculoskeletal, circulatory, and respiratory systems).<\/p>\n<\/li>\n<li data-start=\"387\" data-end=\"447\">\n<p data-start=\"389\" data-end=\"447\">Understand <strong data-start=\"400\" data-end=\"418\">patient rights<\/strong> and <strong data-start=\"423\" data-end=\"444\">HIPAA regulations<\/strong>.<\/p>\n<\/li>\n<li data-start=\"448\" data-end=\"510\">\n<p data-start=\"450\" data-end=\"510\">Introduction to <strong data-start=\"466\" data-end=\"507\">infection control &amp; hygiene protocols<\/strong>.<\/p>\n<\/li>\n<li data-start=\"511\" data-end=\"583\">\n<p data-start=\"513\" data-end=\"583\">Tools: CNA textbooks, free online medical courses, Quizlet flashcards.<\/p>\n<\/li>\n<\/ul>\n<hr data-start=\"585\" data-end=\"588\" \/>\n<h3 data-start=\"590\" data-end=\"632\"><strong data-start=\"594\" data-end=\"632\">Month 2 \u2013 Core Patient Care Skills<\/strong><\/h3>\n<ul data-start=\"633\" data-end=\"988\">\n<li data-start=\"633\" data-end=\"729\">\n<p data-start=\"635\" data-end=\"729\">Practice <strong data-start=\"644\" data-end=\"696\">assisting with activities of daily living (ADLs)<\/strong> (bathing, dressing, grooming).<\/p>\n<\/li>\n<li data-start=\"730\" data-end=\"805\">\n<p data-start=\"732\" data-end=\"805\">Learn <strong data-start=\"738\" data-end=\"764\">safe patient transfers<\/strong> (bed to wheelchair, mechanical lifts).<\/p>\n<\/li>\n<li data-start=\"806\" data-end=\"853\">\n<p data-start=\"808\" data-end=\"853\">Take and record <strong data-start=\"824\" data-end=\"839\">vital signs<\/strong> accurately.<\/p>\n<\/li>\n<li data-start=\"854\" data-end=\"916\">\n<p data-start=\"856\" data-end=\"916\">Learn <strong data-start=\"862\" data-end=\"884\">feeding assistance<\/strong> and proper nutrition support.<\/p>\n<\/li>\n<li data-start=\"917\" data-end=\"988\">\n<p data-start=\"919\" data-end=\"988\">Tools: CNA skills videos, practice with family members or mannequins.<\/p>\n<\/li>\n<\/ul>\n<hr data-start=\"990\" data-end=\"993\" \/>\n<h3 data-start=\"995\" data-end=\"1036\"><strong data-start=\"999\" data-end=\"1036\">Month 3 \u2013 Clinical Support Skills<\/strong><\/h3>\n<ul data-start=\"1037\" data-end=\"1333\">\n<li data-start=\"1037\" data-end=\"1090\">\n<p data-start=\"1039\" data-end=\"1090\">Assist in <strong data-start=\"1049\" data-end=\"1072\">specimen collection<\/strong> (urine, stool).<\/p>\n<\/li>\n<li data-start=\"1091\" data-end=\"1163\">\n<p data-start=\"1093\" data-end=\"1163\">Practice <strong data-start=\"1102\" data-end=\"1138\">bed-making and room organization<\/strong> for infection control.<\/p>\n<\/li>\n<li data-start=\"1164\" data-end=\"1221\">\n<p data-start=\"1166\" data-end=\"1221\">Learn <strong data-start=\"1172\" data-end=\"1189\">catheter care<\/strong> and <strong data-start=\"1194\" data-end=\"1218\">toileting assistance<\/strong>.<\/p>\n<\/li>\n<li data-start=\"1222\" data-end=\"1277\">\n<p data-start=\"1224\" data-end=\"1277\">Practice <strong data-start=\"1233\" data-end=\"1274\">basic wound care and dressing changes<\/strong>.<\/p>\n<\/li>\n<li data-start=\"1278\" data-end=\"1333\">\n<p data-start=\"1280\" data-end=\"1333\">Tools: CNA training kits, healthcare simulation labs.<\/p>\n<\/li>\n<\/ul>\n<hr data-start=\"1335\" data-end=\"1338\" \/>\n<h3 data-start=\"1340\" data-end=\"1391\"><strong data-start=\"1344\" data-end=\"1391\">Month 4 \u2013 Communication &amp; Emotional Support<\/strong><\/h3>\n<ul data-start=\"1392\" data-end=\"1737\">\n<li data-start=\"1392\" data-end=\"1484\">\n<p data-start=\"1394\" data-end=\"1484\">Improve <strong data-start=\"1402\" data-end=\"1434\">patient communication skills<\/strong> (especially for elderly and dementia patients).<\/p>\n<\/li>\n<li data-start=\"1485\" data-end=\"1547\">\n<p data-start=\"1487\" data-end=\"1547\">Practice <strong data-start=\"1496\" data-end=\"1525\">observation and reporting<\/strong> of patient changes.<\/p>\n<\/li>\n<li data-start=\"1548\" data-end=\"1619\">\n<p data-start=\"1550\" data-end=\"1619\">Learn <strong data-start=\"1556\" data-end=\"1583\">end-of-life care basics<\/strong> and emotional support techniques.<\/p>\n<\/li>\n<li data-start=\"1620\" data-end=\"1674\">\n<p data-start=\"1622\" data-end=\"1674\">Understand <strong data-start=\"1633\" data-end=\"1671\">cultural sensitivity in healthcare<\/strong>.<\/p>\n<\/li>\n<li data-start=\"1675\" data-end=\"1737\">\n<p data-start=\"1677\" data-end=\"1737\">Tools: Role-playing exercises, patient care scenario videos.<\/p>\n<\/li>\n<\/ul>\n<hr data-start=\"1739\" data-end=\"1742\" \/>\n<h3 data-start=\"1744\" data-end=\"1787\"><strong data-start=\"1748\" data-end=\"1787\">Month 5 \u2013 Certification Preparation<\/strong><\/h3>\n<ul data-start=\"1788\" data-end=\"2073\">\n<li data-start=\"1788\" data-end=\"1876\">\n<p data-start=\"1790\" data-end=\"1876\">Enroll in a <strong data-start=\"1802\" data-end=\"1847\">Certified Nursing Assistant (CNA) program<\/strong> (if not already enrolled).<\/p>\n<\/li>\n<li data-start=\"1877\" data-end=\"1924\">\n<p data-start=\"1879\" data-end=\"1924\">Attend <strong data-start=\"1886\" data-end=\"1913\">BLS &amp; CPR certification<\/strong> courses.<\/p>\n<\/li>\n<li data-start=\"1925\" data-end=\"1970\">\n<p data-start=\"1927\" data-end=\"1970\">Study <strong data-start=\"1933\" data-end=\"1967\">state CNA exam content outline<\/strong>.<\/p>\n<\/li>\n<li data-start=\"1971\" data-end=\"2018\">\n<p data-start=\"1973\" data-end=\"2018\">Take <strong data-start=\"1978\" data-end=\"2015\">practice written and skills exams<\/strong>.<\/p>\n<\/li>\n<li data-start=\"2019\" data-end=\"2073\">\n<p data-start=\"2021\" data-end=\"2073\">Tools: AHA CPR courses, state CNA exam study guides.<\/p>\n<\/li>\n<\/ul>\n<hr data-start=\"2075\" data-end=\"2078\" \/>\n<h3 data-start=\"2080\" data-end=\"2118\"><strong data-start=\"2084\" data-end=\"2118\">Month 6 \u2013 Real-World Readiness<\/strong><\/h3>\n<ul data-start=\"2119\" data-end=\"2445\">\n<li data-start=\"2119\" data-end=\"2193\">\n<p data-start=\"2121\" data-end=\"2193\">Complete <strong data-start=\"2130\" data-end=\"2165\">clinical training or externship<\/strong> at a healthcare facility.<\/p>\n<\/li>\n<li data-start=\"2194\" data-end=\"2258\">\n<p data-start=\"2196\" data-end=\"2258\">Build a <strong data-start=\"2204\" data-end=\"2255\">resume highlighting CNA skills &amp; certifications<\/strong>.<\/p>\n<\/li>\n<li data-start=\"2259\" data-end=\"2309\">\n<p data-start=\"2261\" data-end=\"2309\">Practice <strong data-start=\"2270\" data-end=\"2306\">job interview questions for CNAs<\/strong>.<\/p>\n<\/li>\n<li data-start=\"2310\" data-end=\"2367\">\n<p data-start=\"2312\" data-end=\"2367\">Learn <strong data-start=\"2318\" data-end=\"2339\">telehealth basics<\/strong> for modern care settings.<\/p>\n<\/li>\n<li data-start=\"2368\" data-end=\"2445\">\n<p data-start=\"2370\" data-end=\"2445\">Apply to <strong data-start=\"2379\" data-end=\"2403\">entry-level CNA jobs<\/strong> in hospitals, nursing homes, and clinics.<\/p>\n<\/li>\n<\/ul>\n<hr \/>\n<p><span style=\"color: #0000ff;\">Unique Visitors:<\/span> <span class='visitors'>2760<\/span><br \/>\n<span style=\"color: #0000ff;\">Page-views:<\/span> <span class='page-views'>11471<\/span><\/p>\n","protected":false},"excerpt":{"rendered":"<p>Nursing Assistant (JOB) Available today (Just click it the source to apply). Proactive Resume focus (Open&#8230;<\/p>\n","protected":false},"author":1,"featured_media":0,"parent":0,"menu_order":1,"comment_status":"closed","ping_status":"closed","template":"","meta":{"footnotes":""},"class_list":["post-59","page","type-page","status-publish","hentry"],"_links":{"self":[{"href":"https:\/\/jobaqui.com\/index.php\/wp-json\/wp\/v2\/pages\/59","targetHints":{"allow":["GET"]}}],"collection":[{"href":"https:\/\/jobaqui.com\/index.php\/wp-json\/wp\/v2\/pages"}],"about":[{"href":"https:\/\/jobaqui.com\/index.php\/wp-json\/wp\/v2\/types\/page"}],"author":[{"embeddable":true,"href":"https:\/\/jobaqui.com\/index.php\/wp-json\/wp\/v2\/users\/1"}],"replies":[{"embeddable":true,"href":"https:\/\/jobaqui.com\/index.php\/wp-json\/wp\/v2\/comments?post=59"}],"version-history":[{"count":59,"href":"https:\/\/jobaqui.com\/index.php\/wp-json\/wp\/v2\/pages\/59\/revisions"}],"predecessor-version":[{"id":1691,"href":"https:\/\/jobaqui.com\/index.php\/wp-json\/wp\/v2\/pages\/59\/revisions\/1691"}],"wp:attachment":[{"href":"https:\/\/jobaqui.com\/index.php\/wp-json\/wp\/v2\/media?parent=59"}],"curies":[{"name":"wp","href":"https:\/\/api.w.org\/{rel}","templated":true}]}}