{"id":71,"date":"2024-09-15T00:26:00","date_gmt":"2024-09-15T00:26:00","guid":{"rendered":"https:\/\/jobaqui.com\/?page_id=71"},"modified":"2025-10-14T00:27:48","modified_gmt":"2025-10-14T00:27:48","slug":"electrician","status":"publish","type":"page","link":"https:\/\/jobaqui.com\/index.php\/electrician\/","title":{"rendered":"Electrician"},"content":{"rendered":"<p><strong>Electrician<\/strong> (JOB) Available today (<span style=\"color: #ff0000;\">Just click it the source to apply<\/span>).<\/p>\n<hr \/>\n<p><span style=\"color: #993300;\"><strong>Proactive Resume focus (Open Positions Requirements):<\/strong><\/span><\/p>\n<ul>\n<li><span style=\"font-size: 14pt;\"><a href=\"https:\/\/hiapromo.com\/sfit\/jobaqui\/ele_pr\/index.html\" target=\"_blank\" rel=\"noopener\">Electrician (HTML to PDF)<\/a><\/span><\/li>\n<\/ul>\n<p><span style=\"color: #993300;\"><strong>Attendance and Survey:<\/strong><\/span><\/p>\n<table style=\"width: 97.7723%;\" width=\"330\">\n<tbody>\n<tr>\n<td style=\"text-align: left; width: 100%;\" width=\"330\"><span style=\"font-size: 14pt;\"><a href=\"https:\/\/hiapromo.com\/sfit\/jobaqui\/pr_ele_s\/index.html\" target=\"_blank\" rel=\"noopener\">Electrician &#8211; Participants Survey<\/a><\/span><\/td>\n<\/tr>\n<\/tbody>\n<\/table>\n<hr \/>\n<p><span style=\"font-size: 12pt; color: #008000; font-family: 'arial black', sans-serif;\"><a style=\"color: #008000;\" href=\"https:\/\/jobaqui.com\/certifications\/application.html\" target=\"_blank\" rel=\"noopener\">Gu\u00eda Universal de Plataformas de Empleo \u2013 Dade County 2025<\/a><\/span><\/p>\n<p><span style=\"color: #0000ff;\"><strong>Sources to Apply:<\/strong><\/span><\/p>\n<ol>\n<li><a href=\"https:\/\/www.ziprecruiter.com\/jobs-search?search=electrician&amp;location=Hialeah%2C+FL&amp;refine_by_location_type=&amp;radius=25&amp;days=&amp;refine_by_employment=employment_type%3Aall&amp;refine_by_salary=&amp;refine_by_salary_ceil=&amp;lk=DWrul5QYsv8_gbkHchI0mA&amp;page=1\" target=\"_blank\" rel=\"noopener\">ZipRecruiter<\/a><\/li>\n<li><a href=\"https:\/\/www.indeed.com\/jobs?q=electrician&amp;l=Hialeah%2C+FL&amp;radius=35&amp;from=searchOnDesktopSerp&amp;vjk=2c63e1c12e325275\" target=\"_blank\" rel=\"noopener\">Indeed<\/a><\/li>\n<li><a href=\"https:\/\/www.monster.com\/jobs\/search?q=Electrician&amp;where=Hialeah%2C+FL&amp;page=1&amp;so=m.s.sh\" target=\"_blank\" rel=\"noopener\">Monster<\/a><\/li>\n<li><a href=\"https:\/\/www.linkedin.com\/jobs\/search-results\/?f_TPR=r604800&amp;keywords=Electrician%20dade%20county\" target=\"_blank\" rel=\"noopener\">LinkedIn<\/a><\/li>\n<li><a href=\"https:\/\/www.glassdoor.com\/Job\/hialeah-fl-electrician-apprentice-jobs-SRCH_IL.0,10_IC1154162_KO11,33.htm\" target=\"_blank\" rel=\"noopener\">Glassdoor<\/a><\/li>\n<\/ol>\n<hr \/>\n<p><em><span style=\"color: #993366;\">We are working on this website designs and concepts (Draft Version)<\/span><\/em><\/p>\n<hr \/>\n<p><span style=\"color: #0000ff;\"><strong>SPONSORS HERE:<\/strong><\/span><\/p>\n<table style=\"border-collapse: collapse; width: 100%;\">\n<tbody>\n<tr>\n<td style=\"width: 33.3333%;\"><a href=\"https:\/\/www.walmart.com\/shop\/deals\" target=\"_blank\" rel=\"noopener\"><img loading=\"lazy\" decoding=\"async\" class=\"alignleft size-medium wp-image-363\" src=\"http:\/\/jobaqui.com\/wp-content\/uploads\/2024\/10\/Walmart-Deals-300x202.png\" alt=\"\" width=\"300\" height=\"202\" srcset=\"https:\/\/jobaqui.com\/wp-content\/uploads\/2024\/10\/Walmart-Deals-300x202.png 300w, https:\/\/jobaqui.com\/wp-content\/uploads\/2024\/10\/Walmart-Deals.png 311w\" sizes=\"auto, (max-width: 300px) 100vw, 300px\" \/><\/a><\/td>\n<td style=\"width: 33.3333%;\"><a href=\"https:\/\/www.bjs.com\/myCoupons\" target=\"_blank\" rel=\"noopener\"><img loading=\"lazy\" decoding=\"async\" class=\"alignleft size-medium wp-image-368\" src=\"http:\/\/jobaqui.com\/wp-content\/uploads\/2024\/10\/BJs-300x85.png\" alt=\"\" width=\"300\" height=\"85\" srcset=\"https:\/\/jobaqui.com\/wp-content\/uploads\/2024\/10\/BJs-300x85.png 300w, https:\/\/jobaqui.com\/wp-content\/uploads\/2024\/10\/BJs.png 341w\" sizes=\"auto, (max-width: 300px) 100vw, 300px\" \/><\/a><\/td>\n<td style=\"width: 33.3333%;\"><\/td>\n<\/tr>\n<\/tbody>\n<\/table>\n<hr \/>\n<p><span style=\"color: #0000ff;\"><strong>Important Documents:<\/strong><\/span><\/p>\n<ul>\n<li><a href=\"https:\/\/jobaqui.com\/certifications\/Certificaciones_Electricidad_Miami.pdf\" target=\"_blank\" rel=\"noopener\">Recommended Certifications ELE<\/a><\/li>\n<li><a href=\"https:\/\/jobaqui.com\/certifications\/Electricity_Market_Study.pdf\" target=\"_blank\" rel=\"noopener\">Electricity_Market_Study<\/a><\/li>\n<li><a href=\"https:\/\/jobaqui.com\/certifications\/ele-t10.html\" target=\"_blank\" rel=\"noopener\">Top 10 \u2013 Electrician (Task)<\/a><\/li>\n<\/ul>\n<hr \/>\n<p><span style=\"color: #0000ff;\"><strong>A day on Your Career Life: <a href=\"https:\/\/jobaqui.com\/daylife\/ele.html\" target=\"_blank\" rel=\"noopener\">ELE Videos Summary Link<\/a><\/strong><\/span><\/p>\n<hr \/>\n<p><iframe loading=\"lazy\" src=\"\/\/www.youtube.com\/embed\/lifunadBZ3U\" width=\"560\" height=\"314\" allowfullscreen=\"allowfullscreen\"><\/iframe><\/p>\n<p><iframe loading=\"lazy\" src=\"\/\/www.youtube.com\/embed\/ymUNNbVg1ds\" width=\"560\" height=\"314\" allowfullscreen=\"allowfullscreen\"><\/iframe><\/p>\n<p><iframe loading=\"lazy\" src=\"\/\/www.youtube.com\/embed\/q1GrC35q-Uc\" width=\"560\" height=\"314\" allowfullscreen=\"allowfullscreen\"><\/iframe><\/p>\n<hr \/>\n<p><span style=\"font-size: 14pt;\"><span style=\"color: #0000ff;\"><strong>\u00a0<\/strong><\/span><strong data-start=\"183\" data-end=\"232\">Top 20 Duties \/ Responsabilidades Principales<\/strong><\/span><\/p>\n<ol data-start=\"233\" data-end=\"2479\">\n<li data-start=\"233\" data-end=\"360\">\n<p data-start=\"236\" data-end=\"360\">Install, maintain, and repair electrical wiring and systems \/ Instalar, mantener y reparar cableado y sistemas el\u00e9ctricos.<\/p>\n<\/li>\n<li data-start=\"361\" data-end=\"460\">\n<p data-start=\"364\" data-end=\"460\">Assist in troubleshooting electrical problems \/ Ayudar en la soluci\u00f3n de problemas el\u00e9ctricos.<\/p>\n<\/li>\n<li data-start=\"461\" data-end=\"590\">\n<p data-start=\"464\" data-end=\"590\">Read and interpret electrical blueprints and technical diagrams \/ Leer e interpretar planos el\u00e9ctricos y diagramas t\u00e9cnicos.<\/p>\n<\/li>\n<li data-start=\"591\" data-end=\"684\">\n<p data-start=\"594\" data-end=\"684\">Measure, cut, and bend wire and conduit \/ Medir, cortar y doblar cables y tubos conduit.<\/p>\n<\/li>\n<li data-start=\"685\" data-end=\"785\">\n<p data-start=\"688\" data-end=\"785\">Install lighting, outlets, and switches \/ Instalar iluminaci\u00f3n, tomacorrientes y interruptores.<\/p>\n<\/li>\n<li data-start=\"786\" data-end=\"919\">\n<p data-start=\"789\" data-end=\"919\">Test electrical systems using meters and testing devices \/ Probar sistemas el\u00e9ctricos usando medidores y dispositivos de prueba.<\/p>\n<\/li>\n<li data-start=\"920\" data-end=\"1031\">\n<p data-start=\"923\" data-end=\"1031\">Follow safety procedures and OSHA regulations \/ Seguir procedimientos de seguridad y regulaciones de OSHA.<\/p>\n<\/li>\n<li data-start=\"1032\" data-end=\"1150\">\n<p data-start=\"1035\" data-end=\"1150\">Assist in upgrading or replacing outdated wiring \/ Ayudar en la actualizaci\u00f3n o sustituci\u00f3n de cableado obsoleto.<\/p>\n<\/li>\n<li data-start=\"1151\" data-end=\"1277\">\n<p data-start=\"1154\" data-end=\"1277\">Help with electrical panel installation and maintenance \/ Ayudar en la instalaci\u00f3n y mantenimiento de paneles el\u00e9ctricos.<\/p>\n<\/li>\n<li data-start=\"1278\" data-end=\"1373\">\n<p data-start=\"1282\" data-end=\"1373\">Prepare and assemble electrical components \/ Preparar y ensamblar componentes el\u00e9ctricos.<\/p>\n<\/li>\n<li data-start=\"1374\" data-end=\"1492\">\n<p data-start=\"1378\" data-end=\"1492\">Perform preventive maintenance on electrical systems \/ Realizar mantenimiento preventivo en sistemas el\u00e9ctricos.<\/p>\n<\/li>\n<li data-start=\"1493\" data-end=\"1605\">\n<p data-start=\"1497\" data-end=\"1605\">Assist licensed electricians on job sites \/ Asistir a electricistas licenciados en los lugares de trabajo.<\/p>\n<\/li>\n<li data-start=\"1606\" data-end=\"1729\">\n<p data-start=\"1610\" data-end=\"1729\">Ensure compliance with National Electrical Code (NEC) \/ Asegurar el cumplimiento del C\u00f3digo El\u00e9ctrico Nacional (NEC).<\/p>\n<\/li>\n<li data-start=\"1730\" data-end=\"1841\">\n<p data-start=\"1734\" data-end=\"1841\">Work with hand and power tools safely \/ Trabajar de manera segura con herramientas manuales y el\u00e9ctricas.<\/p>\n<\/li>\n<li data-start=\"1842\" data-end=\"1928\">\n<p data-start=\"1846\" data-end=\"1928\">Identify and mark electrical hazards \/ Identificar y marcar peligros el\u00e9ctricos.<\/p>\n<\/li>\n<li data-start=\"1929\" data-end=\"2056\">\n<p data-start=\"1933\" data-end=\"2056\">Pull and route wiring through walls, ceilings, and floors \/ Pasar y enrutar cableado a trav\u00e9s de paredes, techos y pisos.<\/p>\n<\/li>\n<li data-start=\"2057\" data-end=\"2148\">\n<p data-start=\"2061\" data-end=\"2148\">Install grounding and bonding systems \/ Instalar sistemas de puesta a tierra y uni\u00f3n.<\/p>\n<\/li>\n<li data-start=\"2149\" data-end=\"2264\">\n<p data-start=\"2153\" data-end=\"2264\">Replace fuses, circuit breakers, and other components \/ Reemplazar fusibles, disyuntores y otros componentes.<\/p>\n<\/li>\n<li data-start=\"2265\" data-end=\"2381\">\n<p data-start=\"2269\" data-end=\"2381\">Document work performed for project records \/ Documentar el trabajo realizado para los registros del proyecto.<\/p>\n<\/li>\n<li data-start=\"2382\" data-end=\"2479\">\n<p data-start=\"2386\" data-end=\"2479\">Maintain a clean and organized work area \/ Mantener un \u00e1rea de trabajo limpia y organizada.<\/p>\n<\/li>\n<\/ol>\n<hr data-start=\"2481\" data-end=\"2484\" \/>\n<h2 data-start=\"2486\" data-end=\"2532\"><span style=\"font-size: 14pt;\"><strong data-start=\"2489\" data-end=\"2532\">Top 20 Skills \/ Habilidades Principales<\/strong><\/span><\/h2>\n<ol data-start=\"2533\" data-end=\"4179\">\n<li data-start=\"2533\" data-end=\"2629\">\n<p data-start=\"2536\" data-end=\"2629\">Basic electrical theory and safety \/ Conocimientos b\u00e1sicos de teor\u00eda y seguridad el\u00e9ctrica.<\/p>\n<\/li>\n<li data-start=\"2630\" data-end=\"2711\">\n<p data-start=\"2633\" data-end=\"2711\">Reading blueprints and schematics \/ Lectura de planos y esquemas el\u00e9ctricos.<\/p>\n<\/li>\n<li data-start=\"2712\" data-end=\"2777\">\n<p data-start=\"2715\" data-end=\"2777\">Knowledge of NEC standards \/ Conocimiento de las normas NEC.<\/p>\n<\/li>\n<li data-start=\"2778\" data-end=\"2853\">\n<p data-start=\"2781\" data-end=\"2853\">Wiring installation and repair \/ Instalaci\u00f3n y reparaci\u00f3n de cableado.<\/p>\n<\/li>\n<li data-start=\"2854\" data-end=\"2925\">\n<p data-start=\"2857\" data-end=\"2925\">Conduit bending techniques \/ T\u00e9cnicas de doblado de tubos conduit.<\/p>\n<\/li>\n<li data-start=\"2926\" data-end=\"3004\">\n<p data-start=\"2929\" data-end=\"3004\">Troubleshooting and problem-solving \/ Resoluci\u00f3n de problemas el\u00e9ctricos.<\/p>\n<\/li>\n<li data-start=\"3005\" data-end=\"3095\">\n<p data-start=\"3008\" data-end=\"3095\">Use of multimeters and testing devices \/ Uso de mult\u00edmetros y dispositivos de prueba.<\/p>\n<\/li>\n<li data-start=\"3096\" data-end=\"3178\">\n<p data-start=\"3099\" data-end=\"3178\">Physical stamina and manual dexterity \/ Resistencia f\u00edsica y destreza manual.<\/p>\n<\/li>\n<li data-start=\"3179\" data-end=\"3226\">\n<p data-start=\"3182\" data-end=\"3226\">Attention to detail \/ Atenci\u00f3n al detalle.<\/p>\n<\/li>\n<li data-start=\"3227\" data-end=\"3270\">\n<p data-start=\"3231\" data-end=\"3270\">Time management \/ Gesti\u00f3n del tiempo.<\/p>\n<\/li>\n<li data-start=\"3271\" data-end=\"3354\">\n<p data-start=\"3275\" data-end=\"3354\">Hand and power tool operation \/ Manejo de herramientas manuales y el\u00e9ctricas.<\/p>\n<\/li>\n<li data-start=\"3355\" data-end=\"3436\">\n<p data-start=\"3359\" data-end=\"3436\">Communication with team members \/ Comunicaci\u00f3n con los miembros del equipo.<\/p>\n<\/li>\n<li data-start=\"3437\" data-end=\"3551\">\n<p data-start=\"3441\" data-end=\"3551\">Basic math skills for electrical calculations \/ Habilidades b\u00e1sicas de matem\u00e1ticas para c\u00e1lculos el\u00e9ctricos.<\/p>\n<\/li>\n<li data-start=\"3552\" data-end=\"3631\">\n<p data-start=\"3556\" data-end=\"3631\">Ladder and scaffold safety \/ Seguridad en el uso de escaleras y andamios.<\/p>\n<\/li>\n<li data-start=\"3632\" data-end=\"3726\">\n<p data-start=\"3636\" data-end=\"3726\">Awareness of local building codes \/ Conocimiento de los c\u00f3digos de construcci\u00f3n locales.<\/p>\n<\/li>\n<li data-start=\"3727\" data-end=\"3816\">\n<p data-start=\"3731\" data-end=\"3816\">Ability to work in confined spaces \/ Capacidad para trabajar en espacios reducidos.<\/p>\n<\/li>\n<li data-start=\"3817\" data-end=\"3907\">\n<p data-start=\"3821\" data-end=\"3907\">Adaptability to different job sites \/ Adaptabilidad a diferentes lugares de trabajo.<\/p>\n<\/li>\n<li data-start=\"3908\" data-end=\"3990\">\n<p data-start=\"3912\" data-end=\"3990\">Organization and record-keeping \/ Organizaci\u00f3n y mantenimiento de registros.<\/p>\n<\/li>\n<li data-start=\"3991\" data-end=\"4065\">\n<p data-start=\"3995\" data-end=\"4065\">Critical thinking under pressure \/ Pensamiento cr\u00edtico bajo presi\u00f3n.<\/p>\n<\/li>\n<li data-start=\"4066\" data-end=\"4179\">\n<p data-start=\"4070\" data-end=\"4179\">Willingness to learn from senior electricians \/ Disposici\u00f3n para aprender de electricistas con experiencia.<\/p>\n<\/li>\n<\/ol>\n<hr data-start=\"4181\" data-end=\"4184\" \/>\n<h2 data-start=\"4186\" data-end=\"4244\"><span style=\"font-size: 14pt;\"><strong data-start=\"4189\" data-end=\"4244\">Top 20 Certifications \/ Certificaciones Principales<\/strong><\/span><\/h2>\n<ol data-start=\"4245\" data-end=\"6208\">\n<li data-start=\"4245\" data-end=\"4359\">\n<p data-start=\"4248\" data-end=\"4359\">OSHA 10-Hour Construction Safety Certification \/ Certificaci\u00f3n de Seguridad en Construcci\u00f3n OSHA de 10 horas.<\/p>\n<\/li>\n<li data-start=\"4360\" data-end=\"4474\">\n<p data-start=\"4363\" data-end=\"4474\">OSHA 30-Hour Construction Safety Certification \/ Certificaci\u00f3n de Seguridad en Construcci\u00f3n OSHA de 30 horas.<\/p>\n<\/li>\n<li data-start=\"4475\" data-end=\"4555\">\n<p data-start=\"4478\" data-end=\"4555\">CPR and First Aid Certification \/ Certificaci\u00f3n en RCP y Primeros Auxilios.<\/p>\n<\/li>\n<li data-start=\"4556\" data-end=\"4654\">\n<p data-start=\"4559\" data-end=\"4654\">National Electrical Code (NEC) Training \/ Capacitaci\u00f3n en el C\u00f3digo El\u00e9ctrico Nacional (NEC).<\/p>\n<\/li>\n<li data-start=\"4655\" data-end=\"4731\">\n<p data-start=\"4658\" data-end=\"4731\">Electrical Safety Certification \/ Certificaci\u00f3n en Seguridad El\u00e9ctrica.<\/p>\n<\/li>\n<li data-start=\"4732\" data-end=\"4818\">\n<p data-start=\"4735\" data-end=\"4818\">Lockout\/Tagout (LOTO) Certification \/ Certificaci\u00f3n en Bloqueo\/Etiquetado (LOTO).<\/p>\n<\/li>\n<li data-start=\"4819\" data-end=\"4911\">\n<p data-start=\"4822\" data-end=\"4911\">Confined Space Entry Certification \/ Certificaci\u00f3n para Entrada en Espacios Confinados.<\/p>\n<\/li>\n<li data-start=\"4912\" data-end=\"5028\">\n<p data-start=\"4915\" data-end=\"5028\">Scissor Lift and Boom Lift Operator Certification \/ Certificaci\u00f3n para Operar Plataformas de Tijera y de Brazo.<\/p>\n<\/li>\n<li data-start=\"5029\" data-end=\"5117\">\n<p data-start=\"5032\" data-end=\"5117\">NFPA 70E Electrical Safety Training \/ Capacitaci\u00f3n en Seguridad El\u00e9ctrica NFPA 70E.<\/p>\n<\/li>\n<li data-start=\"5118\" data-end=\"5226\">\n<p data-start=\"5122\" data-end=\"5226\">Basic Rigging and Lifting Safety Certification \/ Certificaci\u00f3n B\u00e1sica en Aparejo y Seguridad en Izado.<\/p>\n<\/li>\n<li data-start=\"5227\" data-end=\"5350\">\n<p data-start=\"5231\" data-end=\"5350\">Construction Math and Blueprint Reading Certificate \/ Certificado en Matem\u00e1ticas de Construcci\u00f3n y Lectura de Planos.<\/p>\n<\/li>\n<li data-start=\"5351\" data-end=\"5476\">\n<p data-start=\"5355\" data-end=\"5476\">Journeyman Electrician License \/ Licencia de Electricista Journeyman (espec\u00edfica por estado, posterior al aprendizaje).<\/p>\n<\/li>\n<li data-start=\"5477\" data-end=\"5556\">\n<p data-start=\"5481\" data-end=\"5556\">Residential Wiring Certification \/ Certificaci\u00f3n en Cableado Residencial.<\/p>\n<\/li>\n<li data-start=\"5557\" data-end=\"5633\">\n<p data-start=\"5561\" data-end=\"5633\">Commercial Wiring Certification \/ Certificaci\u00f3n en Cableado Comercial.<\/p>\n<\/li>\n<li data-start=\"5634\" data-end=\"5750\">\n<p data-start=\"5638\" data-end=\"5750\">Energy Efficiency and Solar Installation Training \/ Capacitaci\u00f3n en Eficiencia Energ\u00e9tica e Instalaci\u00f3n Solar.<\/p>\n<\/li>\n<li data-start=\"5751\" data-end=\"5837\">\n<p data-start=\"5755\" data-end=\"5837\">Low Voltage Technician Certification \/ Certificaci\u00f3n de T\u00e9cnico en Bajo Voltaje.<\/p>\n<\/li>\n<li data-start=\"5838\" data-end=\"5924\">\n<p data-start=\"5842\" data-end=\"5924\">Fiber Optic Technician Certification \/ Certificaci\u00f3n de T\u00e9cnico en Fibra \u00d3ptica.<\/p>\n<\/li>\n<li data-start=\"5925\" data-end=\"6022\">\n<p data-start=\"5929\" data-end=\"6022\">Electrical Troubleshooting Certificate \/ Certificado en Resoluci\u00f3n de Problemas El\u00e9ctricos.<\/p>\n<\/li>\n<li data-start=\"6023\" data-end=\"6108\">\n<p data-start=\"6027\" data-end=\"6108\">Grounding and Bonding Certification \/ Certificaci\u00f3n en Puesta a Tierra y Uni\u00f3n.<\/p>\n<\/li>\n<li data-start=\"6109\" data-end=\"6208\">\n<p data-start=\"6113\" data-end=\"6208\">Smart Home Installation Certification \/ Certificaci\u00f3n en Instalaci\u00f3n de Hogares Inteligentes.<\/p>\n<\/li>\n<\/ol>\n<hr \/>\n<h2 data-start=\"126\" data-end=\"174\"><strong data-start=\"129\" data-end=\"174\">6-Month Roadmap \u2013 Entry-Level Electrician<\/strong><\/h2>\n<h3 data-start=\"176\" data-end=\"220\"><strong data-start=\"180\" data-end=\"220\">Month 1 \u2013 Electrical Basics &amp; Safety<\/strong><\/h3>\n<ul data-start=\"221\" data-end=\"544\">\n<li data-start=\"221\" data-end=\"297\">\n<p data-start=\"223\" data-end=\"297\">Learn <strong data-start=\"229\" data-end=\"256\">basic electrical theory<\/strong> (voltage, current, resistance, power).<\/p>\n<\/li>\n<li data-start=\"298\" data-end=\"351\">\n<p data-start=\"300\" data-end=\"351\">Study <strong data-start=\"306\" data-end=\"319\">Ohm\u2019s Law<\/strong> and basic circuit principles.<\/p>\n<\/li>\n<li data-start=\"352\" data-end=\"405\">\n<p data-start=\"354\" data-end=\"405\">Understand <strong data-start=\"365\" data-end=\"386\">OSHA safety rules<\/strong> and <strong data-start=\"391\" data-end=\"402\">PPE use<\/strong>.<\/p>\n<\/li>\n<li data-start=\"406\" data-end=\"453\">\n<p data-start=\"408\" data-end=\"453\">Learn <strong data-start=\"414\" data-end=\"439\">Lockout\/Tagout (LOTO)<\/strong> procedures.<\/p>\n<\/li>\n<li data-start=\"454\" data-end=\"544\">\n<p data-start=\"456\" data-end=\"544\">Tools: Online electrician basics courses, NEC code introduction, safety training videos.<\/p>\n<\/li>\n<\/ul>\n<hr data-start=\"546\" data-end=\"549\" \/>\n<h3 data-start=\"551\" data-end=\"595\"><strong data-start=\"555\" data-end=\"595\">Month 2 \u2013 Tools &amp; Equipment Handling<\/strong><\/h3>\n<ul data-start=\"596\" data-end=\"918\">\n<li data-start=\"596\" data-end=\"667\">\n<p data-start=\"598\" data-end=\"667\">Learn to use <strong data-start=\"611\" data-end=\"625\">hand tools<\/strong> (pliers, screwdrivers, wire strippers).<\/p>\n<\/li>\n<li data-start=\"668\" data-end=\"734\">\n<p data-start=\"670\" data-end=\"734\">Practice <strong data-start=\"679\" data-end=\"694\">power tools<\/strong> for drilling, cutting, and fastening.<\/p>\n<\/li>\n<li data-start=\"735\" data-end=\"792\">\n<p data-start=\"737\" data-end=\"792\">Study <strong data-start=\"743\" data-end=\"763\">multimeter usage<\/strong> and other testing devices.<\/p>\n<\/li>\n<li data-start=\"793\" data-end=\"845\">\n<p data-start=\"795\" data-end=\"845\">Learn <strong data-start=\"801\" data-end=\"831\">conduit bending techniques<\/strong> (EMT, PVC).<\/p>\n<\/li>\n<li data-start=\"846\" data-end=\"918\">\n<p data-start=\"848\" data-end=\"918\">Tools: Practice kits, multimeter, conduit bender, YouTube skill demos.<\/p>\n<\/li>\n<\/ul>\n<hr data-start=\"920\" data-end=\"923\" \/>\n<h3 data-start=\"925\" data-end=\"968\"><strong data-start=\"929\" data-end=\"968\">Month 3 \u2013 Residential Wiring Skills<\/strong><\/h3>\n<ul data-start=\"969\" data-end=\"1269\">\n<li data-start=\"969\" data-end=\"1032\">\n<p data-start=\"971\" data-end=\"1032\">Learn to <strong data-start=\"980\" data-end=\"1029\">install outlets, switches, and light fixtures<\/strong>.<\/p>\n<\/li>\n<li data-start=\"1033\" data-end=\"1081\">\n<p data-start=\"1035\" data-end=\"1081\">Practice <strong data-start=\"1044\" data-end=\"1078\">pulling wire and cable routing<\/strong>.<\/p>\n<\/li>\n<li data-start=\"1082\" data-end=\"1130\">\n<p data-start=\"1084\" data-end=\"1130\">Understand <strong data-start=\"1095\" data-end=\"1120\">grounding and bonding<\/strong> basics.<\/p>\n<\/li>\n<li data-start=\"1131\" data-end=\"1205\">\n<p data-start=\"1133\" data-end=\"1205\">Read and interpret <strong data-start=\"1152\" data-end=\"1177\">electrical blueprints<\/strong> for residential projects.<\/p>\n<\/li>\n<li data-start=\"1206\" data-end=\"1269\">\n<p data-start=\"1208\" data-end=\"1269\">Tools: Residential wiring diagrams, NEC residential chapters.<\/p>\n<\/li>\n<\/ul>\n<hr data-start=\"1271\" data-end=\"1274\" \/>\n<h3 data-start=\"1276\" data-end=\"1326\"><strong data-start=\"1280\" data-end=\"1326\">Month 4 \u2013 Commercial &amp; Low Voltage Systems<\/strong><\/h3>\n<ul data-start=\"1327\" data-end=\"1650\">\n<li data-start=\"1327\" data-end=\"1389\">\n<p data-start=\"1329\" data-end=\"1389\">Learn <strong data-start=\"1335\" data-end=\"1364\">commercial wiring systems<\/strong> (3-phase, panel work).<\/p>\n<\/li>\n<li data-start=\"1390\" data-end=\"1454\">\n<p data-start=\"1392\" data-end=\"1454\">Understand <strong data-start=\"1403\" data-end=\"1426\">low-voltage systems<\/strong> (security, data, alarms).<\/p>\n<\/li>\n<li data-start=\"1455\" data-end=\"1526\">\n<p data-start=\"1457\" data-end=\"1526\">Practice installing <strong data-start=\"1477\" data-end=\"1497\">circuit breakers<\/strong> and <strong data-start=\"1502\" data-end=\"1523\">fuse replacements<\/strong>.<\/p>\n<\/li>\n<li data-start=\"1527\" data-end=\"1587\">\n<p data-start=\"1529\" data-end=\"1587\">Study <strong data-start=\"1535\" data-end=\"1562\">troubleshooting methods<\/strong> for electrical faults.<\/p>\n<\/li>\n<li data-start=\"1588\" data-end=\"1650\">\n<p data-start=\"1590\" data-end=\"1650\">Tools: Commercial wiring course materials, low-voltage kits.<\/p>\n<\/li>\n<\/ul>\n<hr data-start=\"1652\" data-end=\"1655\" \/>\n<h3 data-start=\"1657\" data-end=\"1700\"><strong data-start=\"1661\" data-end=\"1700\">Month 5 \u2013 Certification Preparation<\/strong><\/h3>\n<ul data-start=\"1701\" data-end=\"1983\">\n<li data-start=\"1701\" data-end=\"1754\">\n<p data-start=\"1703\" data-end=\"1754\">Prepare for <strong data-start=\"1715\" data-end=\"1737\">OSHA 10 or OSHA 30<\/strong> certification.<\/p>\n<\/li>\n<li data-start=\"1755\" data-end=\"1793\">\n<p data-start=\"1757\" data-end=\"1793\">Take <strong data-start=\"1762\" data-end=\"1790\">CPR &amp; First Aid training<\/strong>.<\/p>\n<\/li>\n<li data-start=\"1794\" data-end=\"1845\">\n<p data-start=\"1796\" data-end=\"1845\">Study <strong data-start=\"1802\" data-end=\"1832\">NFPA 70E Electrical Safety<\/strong> standards.<\/p>\n<\/li>\n<li data-start=\"1846\" data-end=\"1909\">\n<p data-start=\"1848\" data-end=\"1909\">Begin <strong data-start=\"1854\" data-end=\"1876\">NEC code deep dive<\/strong> (state-specific requirements).<\/p>\n<\/li>\n<li data-start=\"1910\" data-end=\"1983\">\n<p data-start=\"1912\" data-end=\"1983\">Tools: OSHA training platforms, NFPA resources, state licensing guides.<\/p>\n<\/li>\n<\/ul>\n<hr data-start=\"1985\" data-end=\"1988\" \/>\n<h3 data-start=\"1990\" data-end=\"2028\"><strong data-start=\"1994\" data-end=\"2028\">Month 6 \u2013 Real-World Readiness<\/strong><\/h3>\n<ul data-start=\"2029\" data-end=\"2383\">\n<li data-start=\"2029\" data-end=\"2108\">\n<p data-start=\"2031\" data-end=\"2108\">Assist in <strong data-start=\"2041\" data-end=\"2059\">small projects<\/strong> under supervision (internship\/apprenticeship).<\/p>\n<\/li>\n<li data-start=\"2109\" data-end=\"2179\">\n<p data-start=\"2111\" data-end=\"2179\">Build a <strong data-start=\"2119\" data-end=\"2153\">beginner electrician portfolio<\/strong> with documented skills.<\/p>\n<\/li>\n<li data-start=\"2180\" data-end=\"2234\">\n<p data-start=\"2182\" data-end=\"2234\">Prepare a <strong data-start=\"2192\" data-end=\"2231\">resume with skills &amp; certifications<\/strong>.<\/p>\n<\/li>\n<li data-start=\"2235\" data-end=\"2300\">\n<p data-start=\"2237\" data-end=\"2300\">Apply for <strong data-start=\"2247\" data-end=\"2297\">entry-level electrician helper\/apprentice jobs<\/strong>.<\/p>\n<\/li>\n<li data-start=\"2301\" data-end=\"2383\">\n<p data-start=\"2303\" data-end=\"2383\">Tools: Networking with local electrical companies, trade school career services.<\/p>\n<\/li>\n<\/ul>\n<hr \/>\n<p><span style=\"color: #0000ff;\">Unique Visitors:<\/span> <span class='visitors'>2760<\/span><br \/>\n<span style=\"color: #0000ff;\">Page-views:<\/span> <span class='page-views'>11471<\/span><\/p>\n","protected":false},"excerpt":{"rendered":"<p>Electrician (JOB) Available today (Just click it the source to apply). Proactive Resume focus (Open Positions&#8230;<\/p>\n","protected":false},"author":1,"featured_media":0,"parent":0,"menu_order":3,"comment_status":"closed","ping_status":"closed","template":"","meta":{"footnotes":""},"class_list":["post-71","page","type-page","status-publish","hentry"],"_links":{"self":[{"href":"https:\/\/jobaqui.com\/index.php\/wp-json\/wp\/v2\/pages\/71","targetHints":{"allow":["GET"]}}],"collection":[{"href":"https:\/\/jobaqui.com\/index.php\/wp-json\/wp\/v2\/pages"}],"about":[{"href":"https:\/\/jobaqui.com\/index.php\/wp-json\/wp\/v2\/types\/page"}],"author":[{"embeddable":true,"href":"https:\/\/jobaqui.com\/index.php\/wp-json\/wp\/v2\/users\/1"}],"replies":[{"embeddable":true,"href":"https:\/\/jobaqui.com\/index.php\/wp-json\/wp\/v2\/comments?post=71"}],"version-history":[{"count":54,"href":"https:\/\/jobaqui.com\/index.php\/wp-json\/wp\/v2\/pages\/71\/revisions"}],"predecessor-version":[{"id":1669,"href":"https:\/\/jobaqui.com\/index.php\/wp-json\/wp\/v2\/pages\/71\/revisions\/1669"}],"wp:attachment":[{"href":"https:\/\/jobaqui.com\/index.php\/wp-json\/wp\/v2\/media?parent=71"}],"curies":[{"name":"wp","href":"https:\/\/api.w.org\/{rel}","templated":true}]}}