{"id":93,"date":"2024-09-15T00:38:34","date_gmt":"2024-09-15T00:38:34","guid":{"rendered":"https:\/\/jobaqui.com\/?page_id=93"},"modified":"2025-10-14T00:28:30","modified_gmt":"2025-10-14T00:28:30","slug":"construction","status":"publish","type":"page","link":"https:\/\/jobaqui.com\/index.php\/construction\/","title":{"rendered":"Construction"},"content":{"rendered":"<p><strong>Construction<\/strong> (JOB) Available today (<span style=\"color: #ff0000;\">Just click it the source to apply<\/span>).<\/p>\n<hr \/>\n<p><span style=\"color: #993300;\"><strong>Proactive Resume focus (Open Positions Requirements):<\/strong><\/span><\/p>\n<ul>\n<li><span style=\"font-size: 14pt;\"><a href=\"https:\/\/hiapromo.com\/sfit\/jobaqui\/bct_pr\/index.html\" target=\"_blank\" rel=\"noopener\">Construction (HTML to PDF)<\/a><\/span><\/li>\n<\/ul>\n<p><span style=\"color: #993300;\"><strong>Attendance and Survey:<\/strong><\/span><\/p>\n<table style=\"width: 99.1213%;\" width=\"330\">\n<tbody>\n<tr>\n<td style=\"text-align: left; width: 100%;\" width=\"330\"><span style=\"font-size: 14pt;\"><a href=\"https:\/\/hiapromo.com\/sfit\/jobaqui\/pr_con_s\/index.html\" target=\"_blank\" rel=\"noopener\">Construction &#8211; Participants Survey<\/a><\/span><\/td>\n<\/tr>\n<\/tbody>\n<\/table>\n<hr \/>\n<p><span style=\"font-size: 12pt; color: #008000; font-family: 'arial black', sans-serif;\"><a style=\"color: #008000;\" href=\"https:\/\/jobaqui.com\/certifications\/application.html\" target=\"_blank\" rel=\"noopener\">Gu\u00eda Universal de Plataformas de Empleo \u2013 Dade County 2025<\/a><\/span><\/p>\n<p><span style=\"color: #0000ff;\"><strong>Sources to Apply:<\/strong><\/span><\/p>\n<ol>\n<li><a href=\"https:\/\/www.ziprecruiter.com\/jobs-search?search=construction&amp;location=Hialeah%2C+FL&amp;refine_by_location_type=&amp;radius=25&amp;days=&amp;refine_by_employment=employment_type%3Aall&amp;refine_by_salary=&amp;refine_by_salary_ceil=&amp;lk=ib8w6TdvEkDNYtr-dINdnQ&amp;page=1\" target=\"_blank\" rel=\"noopener\">ZipRecruiter<\/a><\/li>\n<li><a href=\"http:\/\/indeed.com\/jobs?q=construction&amp;l=Hialeah%2C%20FL&amp;radius=35&amp;from=searchOnDesktopSerp\" target=\"_blank\" rel=\"noopener\">Indeed<\/a><\/li>\n<li><a href=\"https:\/\/www.monster.com\/jobs\/search?q=Construction&amp;where=Hialeah%2C+FL&amp;page=1&amp;so=m.s.sh\" target=\"_blank\" rel=\"noopener\">Monster<\/a><\/li>\n<li><a href=\"https:\/\/www.linkedin.com\/jobs\/search-results\/?keywords=Construction%20dade%20county%20posted%20in%20the%20past%20week\" target=\"_blank\" rel=\"noopener\">LinkedIn<\/a><\/li>\n<li><a href=\"https:\/\/www.glassdoor.com\/Job\/hialeah-fl-construction-worker-jobs-SRCH_IL.0,10_IC1154162_KO11,30.htm\" target=\"_blank\" rel=\"noopener\">Glassdoor<\/a><\/li>\n<\/ol>\n<hr \/>\n<p><em><span style=\"color: #993366;\">We are working on this website designs and concepts (Draft Version)<\/span><\/em><\/p>\n<hr \/>\n<p><span style=\"color: #0000ff;\"><strong>SPONSORS HERE:<\/strong><\/span><\/p>\n<table style=\"border-collapse: collapse; width: 100%;\">\n<tbody>\n<tr>\n<td style=\"width: 33.3333%;\"><a href=\"https:\/\/www.walmart.com\/shop\/deals\" target=\"_blank\" rel=\"noopener\"><img loading=\"lazy\" decoding=\"async\" class=\"alignleft size-medium wp-image-363\" src=\"http:\/\/jobaqui.com\/wp-content\/uploads\/2024\/10\/Walmart-Deals-300x202.png\" alt=\"\" width=\"300\" height=\"202\" srcset=\"https:\/\/jobaqui.com\/wp-content\/uploads\/2024\/10\/Walmart-Deals-300x202.png 300w, https:\/\/jobaqui.com\/wp-content\/uploads\/2024\/10\/Walmart-Deals.png 311w\" sizes=\"auto, (max-width: 300px) 100vw, 300px\" \/><\/a><\/td>\n<td style=\"width: 33.3333%;\"><a href=\"https:\/\/www.bjs.com\/myCoupons\" target=\"_blank\" rel=\"noopener\"><img loading=\"lazy\" decoding=\"async\" class=\"alignleft size-medium wp-image-368\" src=\"http:\/\/jobaqui.com\/wp-content\/uploads\/2024\/10\/BJs-300x85.png\" alt=\"\" width=\"300\" height=\"85\" srcset=\"https:\/\/jobaqui.com\/wp-content\/uploads\/2024\/10\/BJs-300x85.png 300w, https:\/\/jobaqui.com\/wp-content\/uploads\/2024\/10\/BJs.png 341w\" sizes=\"auto, (max-width: 300px) 100vw, 300px\" \/><\/a><\/td>\n<td style=\"width: 33.3333%;\"><\/td>\n<\/tr>\n<\/tbody>\n<\/table>\n<hr \/>\n<p><span style=\"color: #0000ff;\"><strong>Important Documents:<\/strong><\/span><\/p>\n<ul>\n<li><a href=\"https:\/\/jobaqui.com\/certifications\/Certificaciones_Construction_Miami.pdf\" target=\"_blank\" rel=\"noopener\">Recommended Certifications CON<\/a><\/li>\n<li><a href=\"https:\/\/jobaqui.com\/certifications\/Construction_Market_Study.pdf\" target=\"_blank\" rel=\"noopener\">Construction_Market_Study<\/a><\/li>\n<li><a href=\"https:\/\/jobaqui.com\/certifications\/con-t10.html\" target=\"_blank\" rel=\"noopener\">Top 10 \u2013 Construction Worker (Task)<\/a><\/li>\n<\/ul>\n<hr \/>\n<p><span style=\"color: #0000ff;\"><strong>A day on Your Career Life: <a href=\"https:\/\/jobaqui.com\/daylife\/con.html\" target=\"_blank\" rel=\"noopener\">CON Videos Summary Link<\/a><\/strong><\/span><\/p>\n<hr \/>\n<p><iframe loading=\"lazy\" src=\"\/\/www.youtube.com\/embed\/i5v6BRuxB5o\" width=\"560\" height=\"314\" allowfullscreen=\"allowfullscreen\"><\/iframe><\/p>\n<p><iframe loading=\"lazy\" src=\"\/\/www.youtube.com\/embed\/7TEf4p8O_Yo\" width=\"560\" height=\"314\" allowfullscreen=\"allowfullscreen\"><\/iframe><\/p>\n<p><iframe loading=\"lazy\" src=\"\/\/www.youtube.com\/embed\/8VkfZcmLVIk\" width=\"560\" height=\"314\" allowfullscreen=\"allowfullscreen\"><\/iframe><\/p>\n<hr \/>\n<h2 data-start=\"121\" data-end=\"219\"><span style=\"font-size: 14pt;\"><strong data-start=\"124\" data-end=\"219\">Top 20 Duties \u2013 Construction Worker \/ Principales 20 Funciones \u2013 Trabajador de Construcci\u00f3n<\/strong><\/span><\/h2>\n<ol data-start=\"221\" data-end=\"2232\">\n<li data-start=\"221\" data-end=\"318\">\n<p data-start=\"224\" data-end=\"318\">Assist with building and demolition tasks. \/ Asistir en tareas de construcci\u00f3n y demolici\u00f3n.<\/p>\n<\/li>\n<li data-start=\"319\" data-end=\"437\">\n<p data-start=\"322\" data-end=\"437\">Load, unload, and transport construction materials. \/ Cargar, descargar y transportar materiales de construcci\u00f3n.<\/p>\n<\/li>\n<li data-start=\"438\" data-end=\"531\">\n<p data-start=\"441\" data-end=\"531\">Operate basic hand and power tools. \/ Operar herramientas manuales y el\u00e9ctricas b\u00e1sicas.<\/p>\n<\/li>\n<li data-start=\"532\" data-end=\"658\">\n<p data-start=\"535\" data-end=\"658\">Measure, cut, and assemble wood, metal, or other materials. \/ Medir, cortar y ensamblar madera, metal u otros materiales.<\/p>\n<\/li>\n<li data-start=\"659\" data-end=\"715\">\n<p data-start=\"662\" data-end=\"715\">Mix and pour concrete. \/ Mezclar y verter concreto.<\/p>\n<\/li>\n<li data-start=\"716\" data-end=\"802\">\n<p data-start=\"719\" data-end=\"802\">Dig and prepare foundations or trenches. \/ Excavar y preparar cimientos o zanjas.<\/p>\n<\/li>\n<li data-start=\"803\" data-end=\"921\">\n<p data-start=\"806\" data-end=\"921\">Install temporary structures (scaffolding, barricades). \/ Instalar estructuras temporales (andamios, barricadas).<\/p>\n<\/li>\n<li data-start=\"922\" data-end=\"1024\">\n<p data-start=\"925\" data-end=\"1024\">Assist carpenters, electricians, and plumbers. \/ Asistir a carpinteros, electricistas y plomeros.<\/p>\n<\/li>\n<li data-start=\"1025\" data-end=\"1119\">\n<p data-start=\"1028\" data-end=\"1119\">Remove debris from construction sites. \/ Retirar escombros de los sitios de construcci\u00f3n.<\/p>\n<\/li>\n<li data-start=\"1120\" data-end=\"1220\">\n<p data-start=\"1124\" data-end=\"1220\">Follow blueprints and supervisor instructions. \/ Seguir planos e instrucciones del supervisor.<\/p>\n<\/li>\n<li data-start=\"1221\" data-end=\"1294\">\n<p data-start=\"1225\" data-end=\"1294\">Install insulation materials. \/ Instalar materiales de aislamiento.<\/p>\n<\/li>\n<li data-start=\"1295\" data-end=\"1405\">\n<p data-start=\"1299\" data-end=\"1405\">Perform basic repairs on tools and equipment. \/ Realizar reparaciones b\u00e1sicas en herramientas y equipos.<\/p>\n<\/li>\n<li data-start=\"1406\" data-end=\"1505\">\n<p data-start=\"1410\" data-end=\"1505\">Maintain a clean and safe work environment. \/ Mantener un entorno de trabajo limpio y seguro.<\/p>\n<\/li>\n<li data-start=\"1506\" data-end=\"1612\">\n<p data-start=\"1510\" data-end=\"1612\">Assist with roofing and siding installation. \/ Asistir en la instalaci\u00f3n de techos y revestimientos.<\/p>\n<\/li>\n<li data-start=\"1613\" data-end=\"1734\">\n<p data-start=\"1617\" data-end=\"1734\">Operate forklifts or small machinery (with training). \/ Operar montacargas o maquinaria peque\u00f1a (con capacitaci\u00f3n).<\/p>\n<\/li>\n<li data-start=\"1735\" data-end=\"1812\">\n<p data-start=\"1739\" data-end=\"1812\">Set up and dismantle work areas. \/ Montar y desmontar \u00e1reas de trabajo.<\/p>\n<\/li>\n<li data-start=\"1813\" data-end=\"1928\">\n<p data-start=\"1817\" data-end=\"1928\">Apply paints, sealants, and protective coatings. \/ Aplicar pinturas, selladores y recubrimientos protectores.<\/p>\n<\/li>\n<li data-start=\"1929\" data-end=\"2026\">\n<p data-start=\"1933\" data-end=\"2026\">Help with landscaping and exterior finishing. \/ Ayudar en jardiner\u00eda y acabados exteriores.<\/p>\n<\/li>\n<li data-start=\"2027\" data-end=\"2136\">\n<p data-start=\"2031\" data-end=\"2136\">Assist in material inventory and organization. \/ Asistir en el inventario y organizaci\u00f3n de materiales.<\/p>\n<\/li>\n<li data-start=\"2137\" data-end=\"2232\">\n<p data-start=\"2141\" data-end=\"2232\">Comply with OSHA safety regulations. \/ Cumplir con las regulaciones de seguridad de OSHA.<\/p>\n<\/li>\n<\/ol>\n<hr data-start=\"2234\" data-end=\"2237\" \/>\n<h2 data-start=\"2239\" data-end=\"2339\"><span style=\"font-size: 14pt;\"><strong data-start=\"2242\" data-end=\"2339\">Top 20 Skills \u2013 Construction Worker \/ Principales 20 Habilidades \u2013 Trabajador de Construcci\u00f3n<\/strong><\/span><\/h2>\n<ol data-start=\"2341\" data-end=\"3963\">\n<li data-start=\"2341\" data-end=\"2407\">\n<p data-start=\"2344\" data-end=\"2407\">Basic carpentry skills. \/ Habilidades b\u00e1sicas de carpinter\u00eda.<\/p>\n<\/li>\n<li data-start=\"2408\" data-end=\"2485\">\n<p data-start=\"2411\" data-end=\"2485\">Ability to read simple blueprints. \/ Capacidad para leer planos simples.<\/p>\n<\/li>\n<li data-start=\"2486\" data-end=\"2576\">\n<p data-start=\"2489\" data-end=\"2576\">Safe use of hand and power tools. \/ Uso seguro de herramientas manuales y el\u00e9ctricas.<\/p>\n<\/li>\n<li data-start=\"2577\" data-end=\"2643\">\n<p data-start=\"2580\" data-end=\"2643\">Physical strength and stamina. \/ Fuerza f\u00edsica y resistencia.<\/p>\n<\/li>\n<li data-start=\"2644\" data-end=\"2718\">\n<p data-start=\"2647\" data-end=\"2718\">Measurement and math skills. \/ Habilidades de medici\u00f3n y matem\u00e1ticas.<\/p>\n<\/li>\n<li data-start=\"2719\" data-end=\"2784\">\n<p data-start=\"2722\" data-end=\"2784\">Basic masonry techniques. \/ T\u00e9cnicas b\u00e1sicas de alba\u00f1iler\u00eda.<\/p>\n<\/li>\n<li data-start=\"2785\" data-end=\"2852\">\n<p data-start=\"2788\" data-end=\"2852\">Concrete mixing and finishing. \/ Mezcla y acabado de concreto.<\/p>\n<\/li>\n<li data-start=\"2853\" data-end=\"2936\">\n<p data-start=\"2856\" data-end=\"2936\">Knowledge of safety procedures. \/ Conocimiento de procedimientos de seguridad.<\/p>\n<\/li>\n<li data-start=\"2937\" data-end=\"3005\">\n<p data-start=\"2940\" data-end=\"3005\">Communication and teamwork. \/ Comunicaci\u00f3n y trabajo en equipo.<\/p>\n<\/li>\n<li data-start=\"3006\" data-end=\"3078\">\n<p data-start=\"3010\" data-end=\"3078\">Time management and efficiency. \/ Gesti\u00f3n del tiempo y eficiencia.<\/p>\n<\/li>\n<li data-start=\"3079\" data-end=\"3174\">\n<p data-start=\"3083\" data-end=\"3174\">Basic plumbing and electrical assistance. \/ Asistencia b\u00e1sica en plomer\u00eda y electricidad.<\/p>\n<\/li>\n<li data-start=\"3175\" data-end=\"3255\">\n<p data-start=\"3179\" data-end=\"3255\">Roofing and siding basics. \/ Conceptos b\u00e1sicos de techado y revestimiento.<\/p>\n<\/li>\n<li data-start=\"3256\" data-end=\"3338\">\n<p data-start=\"3260\" data-end=\"3338\">Problem-solving and adaptability. \/ Resoluci\u00f3n de problemas y adaptabilidad.<\/p>\n<\/li>\n<li data-start=\"3339\" data-end=\"3438\">\n<p data-start=\"3343\" data-end=\"3438\">Proper lifting and material handling. \/ Levantamiento y manejo de materiales de forma segura.<\/p>\n<\/li>\n<li data-start=\"3439\" data-end=\"3530\">\n<p data-start=\"3443\" data-end=\"3530\">Understanding of construction sequences. \/ Comprensi\u00f3n de secuencias de construcci\u00f3n.<\/p>\n<\/li>\n<li data-start=\"3531\" data-end=\"3602\">\n<p data-start=\"3535\" data-end=\"3602\">Site preparation and cleanup. \/ Preparaci\u00f3n y limpieza de sitios.<\/p>\n<\/li>\n<li data-start=\"3603\" data-end=\"3687\">\n<p data-start=\"3607\" data-end=\"3687\">Forklift or skid-steer operation. \/ Operaci\u00f3n de montacargas o minicargadores.<\/p>\n<\/li>\n<li data-start=\"3688\" data-end=\"3778\">\n<p data-start=\"3692\" data-end=\"3778\">Attention to detail in finishing work. \/ Atenci\u00f3n al detalle en trabajos de acabado.<\/p>\n<\/li>\n<li data-start=\"3779\" data-end=\"3880\">\n<p data-start=\"3783\" data-end=\"3880\">Weatherproofing and insulation installation. \/ Instalaci\u00f3n de impermeabilizaci\u00f3n y aislamiento.<\/p>\n<\/li>\n<li data-start=\"3881\" data-end=\"3963\">\n<p data-start=\"3885\" data-end=\"3963\">Willingness to learn new trades. \/ Disposici\u00f3n para aprender nuevos oficios.<\/p>\n<\/li>\n<\/ol>\n<hr data-start=\"3965\" data-end=\"3968\" \/>\n<h2 data-start=\"3970\" data-end=\"4082\"><span style=\"font-size: 14pt;\"><strong data-start=\"3973\" data-end=\"4082\">Top 20 Certifications \u2013 Construction Worker \/ Principales 20 Certificaciones \u2013 Trabajador de Construcci\u00f3n<\/strong><\/span><\/h2>\n<ol data-start=\"4084\" data-end=\"5816\">\n<li data-start=\"4084\" data-end=\"4168\">\n<p data-start=\"4087\" data-end=\"4168\">OSHA 10-Hour Construction Safety. \/ OSHA Seguridad en Construcci\u00f3n de 10 horas.<\/p>\n<\/li>\n<li data-start=\"4169\" data-end=\"4253\">\n<p data-start=\"4172\" data-end=\"4253\">OSHA 30-Hour Construction Safety. \/ OSHA Seguridad en Construcci\u00f3n de 30 horas.<\/p>\n<\/li>\n<li data-start=\"4254\" data-end=\"4333\">\n<p data-start=\"4257\" data-end=\"4333\">First Aid &amp; CPR Certification. \/ Certificaci\u00f3n en Primeros Auxilios y RCP.<\/p>\n<\/li>\n<li data-start=\"4334\" data-end=\"4415\">\n<p data-start=\"4337\" data-end=\"4415\">Forklift Operator Certification. \/ Certificaci\u00f3n de Operador de Montacargas.<\/p>\n<\/li>\n<li data-start=\"4416\" data-end=\"4496\">\n<p data-start=\"4419\" data-end=\"4496\">Scaffolding Safety Certification. \/ Certificaci\u00f3n en Seguridad de Andamios.<\/p>\n<\/li>\n<li data-start=\"4497\" data-end=\"4571\">\n<p data-start=\"4500\" data-end=\"4571\">Fall Protection Training. \/ Capacitaci\u00f3n en Protecci\u00f3n contra Ca\u00eddas.<\/p>\n<\/li>\n<li data-start=\"4572\" data-end=\"4664\">\n<p data-start=\"4575\" data-end=\"4664\">Confined Space Entry Certification. \/ Certificaci\u00f3n para Entrada a Espacios Confinados.<\/p>\n<\/li>\n<li data-start=\"4665\" data-end=\"4761\">\n<p data-start=\"4668\" data-end=\"4761\">Hazard Communication (HazCom) Training. \/ Capacitaci\u00f3n en Comunicaci\u00f3n de Riesgos (HazCom).<\/p>\n<\/li>\n<li data-start=\"4762\" data-end=\"4865\">\n<p data-start=\"4765\" data-end=\"4865\">Basic Rigging and Signal Person Certification. \/ Certificaci\u00f3n en Aparejos B\u00e1sicos y Se\u00f1alizaci\u00f3n.<\/p>\n<\/li>\n<li data-start=\"4866\" data-end=\"4956\">\n<p data-start=\"4870\" data-end=\"4956\">Lockout\/Tagout (LOTO) Certification. \/ Certificaci\u00f3n en Bloqueo y Etiquetado (LOTO).<\/p>\n<\/li>\n<li data-start=\"4957\" data-end=\"5064\">\n<p data-start=\"4961\" data-end=\"5064\">Personal Protective Equipment (PPE) Training. \/ Capacitaci\u00f3n en Equipos de Protecci\u00f3n Personal (PPE).<\/p>\n<\/li>\n<li data-start=\"5065\" data-end=\"5136\">\n<p data-start=\"5069\" data-end=\"5136\">Silica Safety Awareness. \/ Conciencia sobre Seguridad con S\u00edlice.<\/p>\n<\/li>\n<li data-start=\"5137\" data-end=\"5214\">\n<p data-start=\"5141\" data-end=\"5214\">Ladder Safety Certification. \/ Certificaci\u00f3n en Seguridad en Escaleras.<\/p>\n<\/li>\n<li data-start=\"5215\" data-end=\"5315\">\n<p data-start=\"5219\" data-end=\"5315\">Construction Site Flagger Certification. \/ Certificaci\u00f3n de Se\u00f1alero en Obras de Construcci\u00f3n.<\/p>\n<\/li>\n<li data-start=\"5316\" data-end=\"5400\">\n<p data-start=\"5320\" data-end=\"5400\">Fire Extinguisher Safety Training. \/ Capacitaci\u00f3n en Seguridad con Extintores.<\/p>\n<\/li>\n<li data-start=\"5401\" data-end=\"5505\">\n<p data-start=\"5405\" data-end=\"5505\">Aerial Lift\/Boom Lift Operator Certification. \/ Certificaci\u00f3n de Operador de Plataforma Elevadora.<\/p>\n<\/li>\n<li data-start=\"5506\" data-end=\"5582\">\n<p data-start=\"5510\" data-end=\"5582\">Trenching and Excavation Safety. \/ Seguridad en Zanjas y Excavaciones.<\/p>\n<\/li>\n<li data-start=\"5583\" data-end=\"5658\">\n<p data-start=\"5587\" data-end=\"5658\">Basic Carpentry Certification. \/ Certificaci\u00f3n en Carpinter\u00eda B\u00e1sica.<\/p>\n<\/li>\n<li data-start=\"5659\" data-end=\"5727\">\n<p data-start=\"5663\" data-end=\"5727\">Material Handling Safety. \/ Seguridad en Manejo de Materiales.<\/p>\n<\/li>\n<li data-start=\"5728\" data-end=\"5816\">\n<p data-start=\"5732\" data-end=\"5816\">Workplace Ergonomics Training. \/ Capacitaci\u00f3n en Ergonom\u00eda en el Lugar de Trabajo.<\/p>\n<\/li>\n<\/ol>\n<hr \/>\n<h2 data-start=\"164\" data-end=\"220\"><strong data-start=\"167\" data-end=\"220\">6-Month Roadmap \u2013 Entry-Level Construction Worker<\/strong><\/h2>\n<h3 data-start=\"222\" data-end=\"255\"><strong data-start=\"226\" data-end=\"255\">Month 1 \u2013 Safety &amp; Basics<\/strong><\/h3>\n<ul data-start=\"256\" data-end=\"561\">\n<li data-start=\"256\" data-end=\"303\">\n<p data-start=\"258\" data-end=\"303\">Learn <strong data-start=\"264\" data-end=\"300\">OSHA 10-Hour Construction Safety<\/strong>.<\/p>\n<\/li>\n<li data-start=\"304\" data-end=\"378\">\n<p data-start=\"306\" data-end=\"378\">Understand <strong data-start=\"317\" data-end=\"330\">PPE usage<\/strong> (helmets, gloves, safety glasses, harnesses).<\/p>\n<\/li>\n<li data-start=\"379\" data-end=\"444\">\n<p data-start=\"381\" data-end=\"444\">Study <strong data-start=\"387\" data-end=\"420\">basic construction site rules<\/strong> and hazard awareness.<\/p>\n<\/li>\n<li data-start=\"445\" data-end=\"496\">\n<p data-start=\"447\" data-end=\"496\">Introduction to <strong data-start=\"463\" data-end=\"493\">hand and power tool safety<\/strong>.<\/p>\n<\/li>\n<li data-start=\"497\" data-end=\"561\">\n<p data-start=\"499\" data-end=\"561\">Tools: OSHA training material, safety posters, tool manuals.<\/p>\n<\/li>\n<\/ul>\n<hr data-start=\"563\" data-end=\"566\" \/>\n<h3 data-start=\"568\" data-end=\"603\"><strong data-start=\"572\" data-end=\"603\">Month 2 \u2013 Tools &amp; Materials<\/strong><\/h3>\n<ul data-start=\"604\" data-end=\"943\">\n<li data-start=\"604\" data-end=\"685\">\n<p data-start=\"606\" data-end=\"685\">Identify and use <strong data-start=\"623\" data-end=\"643\">basic hand tools<\/strong> (hammers, saws, levels, tape measures).<\/p>\n<\/li>\n<li data-start=\"686\" data-end=\"744\">\n<p data-start=\"688\" data-end=\"744\">Learn <strong data-start=\"694\" data-end=\"709\">power tools<\/strong> (drills, saws, grinders) safely.<\/p>\n<\/li>\n<li data-start=\"745\" data-end=\"824\">\n<p data-start=\"747\" data-end=\"824\">Study common <strong data-start=\"760\" data-end=\"786\">construction materials<\/strong>: wood, metal, concrete, insulation.<\/p>\n<\/li>\n<li data-start=\"825\" data-end=\"880\">\n<p data-start=\"827\" data-end=\"880\">Learn basic <strong data-start=\"839\" data-end=\"877\">measurement and cutting techniques<\/strong>.<\/p>\n<\/li>\n<li data-start=\"881\" data-end=\"943\">\n<p data-start=\"883\" data-end=\"943\">Tools: Tool kits, material samples, online tool tutorials.<\/p>\n<\/li>\n<\/ul>\n<hr data-start=\"945\" data-end=\"948\" \/>\n<h3 data-start=\"950\" data-end=\"998\"><strong data-start=\"954\" data-end=\"998\">Month 3 \u2013 Site Preparation &amp; Basic Tasks<\/strong><\/h3>\n<ul data-start=\"999\" data-end=\"1290\">\n<li data-start=\"999\" data-end=\"1060\">\n<p data-start=\"1001\" data-end=\"1060\">Assist in <strong data-start=\"1011\" data-end=\"1026\">site layout<\/strong> and <strong data-start=\"1031\" data-end=\"1057\">foundation preparation<\/strong>.<\/p>\n<\/li>\n<li data-start=\"1061\" data-end=\"1119\">\n<p data-start=\"1063\" data-end=\"1119\">Learn <strong data-start=\"1069\" data-end=\"1116\">digging, trenching, and leveling techniques<\/strong>.<\/p>\n<\/li>\n<li data-start=\"1120\" data-end=\"1169\">\n<p data-start=\"1122\" data-end=\"1169\">Practice <strong data-start=\"1131\" data-end=\"1166\">material handling and transport<\/strong>.<\/p>\n<\/li>\n<li data-start=\"1170\" data-end=\"1230\">\n<p data-start=\"1172\" data-end=\"1230\">Help with <strong data-start=\"1182\" data-end=\"1206\">temporary structures<\/strong>: scaffolds, barriers.<\/p>\n<\/li>\n<li data-start=\"1231\" data-end=\"1290\">\n<p data-start=\"1233\" data-end=\"1290\">Tools: Shovels, wheelbarrows, levels, scaffold manuals.<\/p>\n<\/li>\n<\/ul>\n<hr data-start=\"1292\" data-end=\"1295\" \/>\n<h3 data-start=\"1297\" data-end=\"1331\"><strong data-start=\"1301\" data-end=\"1331\">Month 4 \u2013 Trade Assistance<\/strong><\/h3>\n<ul data-start=\"1332\" data-end=\"1642\">\n<li data-start=\"1332\" data-end=\"1387\">\n<p data-start=\"1334\" data-end=\"1387\">Support <strong data-start=\"1342\" data-end=\"1356\">carpenters<\/strong>: cutting, nailing, assembly.<\/p>\n<\/li>\n<li data-start=\"1388\" data-end=\"1440\">\n<p data-start=\"1390\" data-end=\"1440\">Assist <strong data-start=\"1397\" data-end=\"1407\">masons<\/strong>: mixing mortar, laying bricks.<\/p>\n<\/li>\n<li data-start=\"1441\" data-end=\"1501\">\n<p data-start=\"1443\" data-end=\"1501\">Help <strong data-start=\"1448\" data-end=\"1459\">roofers<\/strong>: lifting materials, basic installation.<\/p>\n<\/li>\n<li data-start=\"1502\" data-end=\"1573\">\n<p data-start=\"1504\" data-end=\"1573\">Provide <strong data-start=\"1512\" data-end=\"1552\">basic plumbing\/electrical assistance<\/strong> under supervision.<\/p>\n<\/li>\n<li data-start=\"1574\" data-end=\"1642\">\n<p data-start=\"1576\" data-end=\"1642\">Tools: Basic carpentry and masonry tools, trade-specific guides.<\/p>\n<\/li>\n<\/ul>\n<hr data-start=\"1644\" data-end=\"1647\" \/>\n<h3 data-start=\"1649\" data-end=\"1702\"><strong data-start=\"1653\" data-end=\"1702\">Month 5 \u2013 Specialized Skills &amp; Certifications<\/strong><\/h3>\n<ul data-start=\"1703\" data-end=\"1995\">\n<li data-start=\"1703\" data-end=\"1767\">\n<p data-start=\"1705\" data-end=\"1767\">Complete <strong data-start=\"1714\" data-end=\"1749\">Forklift Operator Certification<\/strong> (if available).<\/p>\n<\/li>\n<li data-start=\"1768\" data-end=\"1833\">\n<p data-start=\"1770\" data-end=\"1833\">Take <strong data-start=\"1775\" data-end=\"1794\">Fall Protection<\/strong> and <strong data-start=\"1799\" data-end=\"1821\">Scaffolding Safety<\/strong> training.<\/p>\n<\/li>\n<li data-start=\"1834\" data-end=\"1885\">\n<p data-start=\"1836\" data-end=\"1885\">Learn <strong data-start=\"1842\" data-end=\"1882\">basic concrete pouring and finishing<\/strong>.<\/p>\n<\/li>\n<li data-start=\"1886\" data-end=\"1932\">\n<p data-start=\"1888\" data-end=\"1932\">Study <strong data-start=\"1894\" data-end=\"1915\">blueprint reading<\/strong> for beginners.<\/p>\n<\/li>\n<li data-start=\"1933\" data-end=\"1995\">\n<p data-start=\"1935\" data-end=\"1995\">Tools: Forklift training manuals, safety course materials.<\/p>\n<\/li>\n<\/ul>\n<hr data-start=\"1997\" data-end=\"2000\" \/>\n<h3 data-start=\"2002\" data-end=\"2055\"><strong data-start=\"2006\" data-end=\"2055\">Month 6 \u2013 Real-World Practice &amp; Job Readiness<\/strong><\/h3>\n<ul data-start=\"2056\" data-end=\"2376\">\n<li data-start=\"2056\" data-end=\"2130\">\n<p data-start=\"2058\" data-end=\"2130\">Participate in <strong data-start=\"2073\" data-end=\"2104\">small construction projects<\/strong> or <strong data-start=\"2108\" data-end=\"2127\">apprenticeships<\/strong>.<\/p>\n<\/li>\n<li data-start=\"2131\" data-end=\"2191\">\n<p data-start=\"2133\" data-end=\"2191\">Build a <strong data-start=\"2141\" data-end=\"2159\">skills logbook<\/strong> with photos and descriptions.<\/p>\n<\/li>\n<li data-start=\"2192\" data-end=\"2238\">\n<p data-start=\"2194\" data-end=\"2238\">Prepare a <strong data-start=\"2204\" data-end=\"2235\">construction-focused resume<\/strong>.<\/p>\n<\/li>\n<li data-start=\"2239\" data-end=\"2294\">\n<p data-start=\"2241\" data-end=\"2294\">Apply for <strong data-start=\"2251\" data-end=\"2291\">laborer, helper, or apprentice roles<\/strong>.<\/p>\n<\/li>\n<li data-start=\"2295\" data-end=\"2376\">\n<p data-start=\"2297\" data-end=\"2376\">Tools: Job board listings, trade school career services, networking contacts.<\/p>\n<\/li>\n<\/ul>\n<hr \/>\n<p><span style=\"color: #0000ff;\">Unique Visitors:<\/span> <span class='visitors'>2760<\/span><br \/>\n<span style=\"color: #0000ff;\">Page-views:<\/span> <span class='page-views'>11471<\/span><\/p>\n","protected":false},"excerpt":{"rendered":"<p>Construction (JOB) Available today (Just click it the source to apply). Proactive Resume focus (Open Positions&#8230;<\/p>\n","protected":false},"author":1,"featured_media":0,"parent":0,"menu_order":5,"comment_status":"closed","ping_status":"closed","template":"","meta":{"footnotes":""},"class_list":["post-93","page","type-page","status-publish","hentry"],"_links":{"self":[{"href":"https:\/\/jobaqui.com\/index.php\/wp-json\/wp\/v2\/pages\/93","targetHints":{"allow":["GET"]}}],"collection":[{"href":"https:\/\/jobaqui.com\/index.php\/wp-json\/wp\/v2\/pages"}],"about":[{"href":"https:\/\/jobaqui.com\/index.php\/wp-json\/wp\/v2\/types\/page"}],"author":[{"embeddable":true,"href":"https:\/\/jobaqui.com\/index.php\/wp-json\/wp\/v2\/users\/1"}],"replies":[{"embeddable":true,"href":"https:\/\/jobaqui.com\/index.php\/wp-json\/wp\/v2\/comments?post=93"}],"version-history":[{"count":39,"href":"https:\/\/jobaqui.com\/index.php\/wp-json\/wp\/v2\/pages\/93\/revisions"}],"predecessor-version":[{"id":1695,"href":"https:\/\/jobaqui.com\/index.php\/wp-json\/wp\/v2\/pages\/93\/revisions\/1695"}],"wp:attachment":[{"href":"https:\/\/jobaqui.com\/index.php\/wp-json\/wp\/v2\/media?parent=93"}],"curies":[{"name":"wp","href":"https:\/\/api.w.org\/{rel}","templated":true}]}}