{"id":95,"date":"2024-09-15T00:39:26","date_gmt":"2024-09-15T00:39:26","guid":{"rendered":"https:\/\/jobaqui.com\/?page_id=95"},"modified":"2025-10-14T00:28:08","modified_gmt":"2025-10-14T00:28:08","slug":"air-conditioning","status":"publish","type":"page","link":"https:\/\/jobaqui.com\/index.php\/air-conditioning\/","title":{"rendered":"Air Conditioning"},"content":{"rendered":"<p><strong>Air Conditioning<\/strong> (JOB) Available today (<span style=\"color: #ff0000;\">Just click it the source to apply<\/span>).<\/p>\n<hr \/>\n<p><span style=\"color: #993300;\"><strong>Proactive Resume focus (Open Positions Requirements):<\/strong><\/span><\/p>\n<ul>\n<li><span style=\"font-size: 14pt;\"><a href=\"https:\/\/hiapromo.com\/sfit\/jobaqui\/ac_pr\/index.html\" target=\"_blank\" rel=\"noopener\">Air Conditioning (HTML to PDF)<\/a><\/span><\/li>\n<\/ul>\n<p><span style=\"color: #993300;\"><strong>Attendance and Survey:<\/strong><\/span><\/p>\n<table style=\"width: 99.1213%;\" width=\"330\">\n<tbody>\n<tr>\n<td style=\"text-align: left; width: 100%;\" width=\"330\"><span style=\"font-size: 14pt;\"><a href=\"https:\/\/hiapromo.com\/sfit\/jobaqui\/pr_ac_s\/index.html\" target=\"_blank\" rel=\"noopener\">Air Conditioning \u2013 Participants Survey<\/a><\/span><\/td>\n<\/tr>\n<\/tbody>\n<\/table>\n<hr \/>\n<p><span style=\"font-size: 12pt; color: #008000; font-family: 'arial black', sans-serif;\"><a style=\"color: #008000;\" href=\"https:\/\/jobaqui.com\/certifications\/application.html\" target=\"_blank\" rel=\"noopener\">Gu\u00eda Universal de Plataformas de Empleo \u2013 Dade County 2025<\/a><\/span><\/p>\n<p><span style=\"color: #0000ff;\"><strong>Sources to Apply:<\/strong><\/span><\/p>\n<ol>\n<li><a href=\"https:\/\/www.ziprecruiter.com\/jobs-search?search=air+conditioning&amp;location=Hialeah%2C+FL&amp;refine_by_location_type=&amp;radius=25&amp;days=&amp;refine_by_employment=employment_type%3Aall&amp;refine_by_salary=&amp;refine_by_salary_ceil=&amp;lk=CIOk_nncW0lvQCFo3v7z9w&amp;page=1\" target=\"_blank\" rel=\"noopener\">ZipRecruiter<\/a><\/li>\n<li><a href=\"http:\/\/indeed.com\/jobs?q=Air%20Conditioning&amp;l=Hialeah%2C%20FL&amp;radius=35&amp;from=searchOnDesktopSerp\" target=\"_blank\" rel=\"noopener\">Indeed<\/a><\/li>\n<li><a href=\"https:\/\/www.monster.com\/jobs\/search?q=Air+Conditioning&amp;where=Hialeah%2C+FL&amp;page=1&amp;so=m.s.sh\" target=\"_blank\" rel=\"noopener\">Monster<\/a><\/li>\n<li><a href=\"https:\/\/www.linkedin.com\/jobs\/search-results\/?keywords=Air%20Conditioning%20dade%20county%20posted%20in%20the%20past%20week\" target=\"_blank\" rel=\"noopener\">LinkedIn<\/a><\/li>\n<li><a href=\"https:\/\/www.glassdoor.com\/Job\/hialeah-fl-air-condition-technician-jobs-SRCH_IL.0,10_IC1154162_KO11,35.htm\" target=\"_blank\" rel=\"noopener\">Glassdoor<\/a><\/li>\n<\/ol>\n<hr \/>\n<p><em><span style=\"color: #993366;\">We are working on this website designs and concepts (Draft Version)<\/span><\/em><\/p>\n<hr \/>\n<p><span style=\"color: #0000ff;\"><strong>SPONSORS HERE:<\/strong><\/span><\/p>\n<table style=\"border-collapse: collapse; width: 100%;\">\n<tbody>\n<tr>\n<td style=\"width: 33.3333%;\"><a href=\"https:\/\/www.walmart.com\/shop\/deals\" target=\"_blank\" rel=\"noopener\"><img loading=\"lazy\" decoding=\"async\" class=\"alignleft size-medium wp-image-363\" src=\"http:\/\/jobaqui.com\/wp-content\/uploads\/2024\/10\/Walmart-Deals-300x202.png\" alt=\"\" width=\"300\" height=\"202\" srcset=\"https:\/\/jobaqui.com\/wp-content\/uploads\/2024\/10\/Walmart-Deals-300x202.png 300w, https:\/\/jobaqui.com\/wp-content\/uploads\/2024\/10\/Walmart-Deals.png 311w\" sizes=\"auto, (max-width: 300px) 100vw, 300px\" \/><\/a><\/td>\n<td style=\"width: 33.3333%;\"><a href=\"https:\/\/www.bjs.com\/myCoupons\" target=\"_blank\" rel=\"noopener\"><img loading=\"lazy\" decoding=\"async\" class=\"alignleft size-medium wp-image-368\" src=\"http:\/\/jobaqui.com\/wp-content\/uploads\/2024\/10\/BJs-300x85.png\" alt=\"\" width=\"300\" height=\"85\" srcset=\"https:\/\/jobaqui.com\/wp-content\/uploads\/2024\/10\/BJs-300x85.png 300w, https:\/\/jobaqui.com\/wp-content\/uploads\/2024\/10\/BJs.png 341w\" sizes=\"auto, (max-width: 300px) 100vw, 300px\" \/><\/a><\/td>\n<td style=\"width: 33.3333%;\"><\/td>\n<\/tr>\n<\/tbody>\n<\/table>\n<hr \/>\n<p><span style=\"color: #0000ff;\"><strong>Important Documents:<\/strong><\/span><\/p>\n<ul>\n<li><a href=\"https:\/\/jobaqui.com\/certifications\/Certificaciones_HVAC_Miami.pdf\" target=\"_blank\" rel=\"noopener\">Recommended Certifications AC<\/a><\/li>\n<li><a href=\"https:\/\/jobaqui.com\/certifications\/HVAC_Market_Study.pdf\" target=\"_blank\" rel=\"noopener\">HVAC_Market_Study<\/a><\/li>\n<li><a href=\"https:\/\/jobaqui.com\/certifications\/ac-t10.html\" target=\"_blank\" rel=\"noopener\">Top 10 \u2013 Air Conditioning Technician (Task)<\/a><\/li>\n<\/ul>\n<hr \/>\n<p><span style=\"color: #0000ff;\"><strong>A day on Your Career Life: <a href=\"https:\/\/jobaqui.com\/daylife\/ac.html\" target=\"_blank\" rel=\"noopener\">AC Videos Summary Link<\/a><\/strong><\/span><\/p>\n<hr \/>\n<p><iframe loading=\"lazy\" src=\"\/\/www.youtube.com\/embed\/GktnK0h3iQM\" width=\"560\" height=\"314\" allowfullscreen=\"allowfullscreen\"><\/iframe><\/p>\n<p><iframe loading=\"lazy\" src=\"\/\/www.youtube.com\/embed\/300j_g0UQXM\" width=\"560\" height=\"314\" allowfullscreen=\"allowfullscreen\"><\/iframe><\/p>\n<p><iframe loading=\"lazy\" src=\"\/\/www.youtube.com\/embed\/-VlcoKX0K4Y\" width=\"560\" height=\"314\" allowfullscreen=\"allowfullscreen\"><\/iframe><\/p>\n<hr \/>\n<p><span style=\"font-size: 14pt;\"><span style=\"color: #0000ff;\"><strong>\u00a0<\/strong><\/span><strong data-start=\"155\" data-end=\"190\">Top 20 Duties \/ HVAC Technician<\/strong><\/span><\/p>\n<ol data-start=\"193\" data-end=\"2163\">\n<li data-start=\"193\" data-end=\"331\">\n<p data-start=\"196\" data-end=\"331\">Install HVAC systems (heating, ventilation, air conditioning) \/ Instalar sistemas HVAC (calefacci\u00f3n, ventilaci\u00f3n, aire acondicionado)<\/p>\n<\/li>\n<li data-start=\"332\" data-end=\"435\">\n<p data-start=\"335\" data-end=\"435\">Perform maintenance and service on HVAC units \/ Realizar mantenimiento y servicio en unidades HVAC<\/p>\n<\/li>\n<li data-start=\"436\" data-end=\"539\">\n<p data-start=\"439\" data-end=\"539\">Troubleshoot and diagnose equipment issues \/ Solucionar problemas y diagnosticar fallas en equipos<\/p>\n<\/li>\n<li data-start=\"540\" data-end=\"629\">\n<p data-start=\"543\" data-end=\"629\">Repair heating and cooling systems \/ Reparar sistemas de calefacci\u00f3n y refrigeraci\u00f3n<\/p>\n<\/li>\n<li data-start=\"630\" data-end=\"714\">\n<p data-start=\"633\" data-end=\"714\">Install and service ductwork \/ Instalar y dar mantenimiento a conductos de aire<\/p>\n<\/li>\n<li data-start=\"715\" data-end=\"787\">\n<p data-start=\"718\" data-end=\"787\">Replace or clean air filters \/ Reemplazar o limpiar filtros de aire<\/p>\n<\/li>\n<li data-start=\"788\" data-end=\"883\">\n<p data-start=\"791\" data-end=\"883\">Test system performance and efficiency \/ Probar el rendimiento y la eficiencia del sistema<\/p>\n<\/li>\n<li data-start=\"884\" data-end=\"1000\">\n<p data-start=\"887\" data-end=\"1000\">Recharge refrigerants under certification guidelines \/ Recargar refrigerantes seg\u00fan las normas de certificaci\u00f3n<\/p>\n<\/li>\n<li data-start=\"1001\" data-end=\"1100\">\n<p data-start=\"1004\" data-end=\"1100\">Perform preventive maintenance inspections \/ Realizar inspecciones de mantenimiento preventivo<\/p>\n<\/li>\n<li data-start=\"1101\" data-end=\"1185\">\n<p data-start=\"1105\" data-end=\"1185\">Clean coils and condenser units \/ Limpiar serpentines y unidades condensadoras<\/p>\n<\/li>\n<li data-start=\"1186\" data-end=\"1257\">\n<p data-start=\"1190\" data-end=\"1257\">Adjust and calibrate thermostats \/ Ajustar y calibrar termostatos<\/p>\n<\/li>\n<li data-start=\"1258\" data-end=\"1352\">\n<p data-start=\"1262\" data-end=\"1352\">Install ventilation fans and controls \/ Instalar ventiladores y controles de ventilaci\u00f3n<\/p>\n<\/li>\n<li data-start=\"1353\" data-end=\"1456\">\n<p data-start=\"1357\" data-end=\"1456\">Check refrigerant pressures and temperatures \/ Verificar presiones y temperaturas de refrigerante<\/p>\n<\/li>\n<li data-start=\"1457\" data-end=\"1538\">\n<p data-start=\"1461\" data-end=\"1538\">Maintain accurate service records \/ Mantener registros precisos de servicio<\/p>\n<\/li>\n<li data-start=\"1539\" data-end=\"1641\">\n<p data-start=\"1543\" data-end=\"1641\">Follow OSHA and EPA safety regulations \/ Cumplir con las regulaciones de seguridad de OSHA y EPA<\/p>\n<\/li>\n<li data-start=\"1642\" data-end=\"1740\">\n<p data-start=\"1646\" data-end=\"1740\">Remove and replace worn or damaged parts \/ Retirar y reemplazar piezas desgastadas o da\u00f1adas<\/p>\n<\/li>\n<li data-start=\"1741\" data-end=\"1852\">\n<p data-start=\"1745\" data-end=\"1852\">Support senior technicians during large installations \/ Apoyar a t\u00e9cnicos senior en instalaciones grandes<\/p>\n<\/li>\n<li data-start=\"1853\" data-end=\"1950\">\n<p data-start=\"1857\" data-end=\"1950\">Educate customers on HVAC system operation \/ Ense\u00f1ar a los clientes el uso del sistema HVAC<\/p>\n<\/li>\n<li data-start=\"1951\" data-end=\"2061\">\n<p data-start=\"1955\" data-end=\"2061\">Assist with duct sealing and insulation \/ Ayudar en el sellado e instalaci\u00f3n de aislamiento en conductos<\/p>\n<\/li>\n<li data-start=\"2062\" data-end=\"2163\">\n<p data-start=\"2066\" data-end=\"2163\">Keep tools and work area organized \/ Mantener organizadas las herramientas y el \u00e1rea de trabajo<\/p>\n<\/li>\n<\/ol>\n<hr data-start=\"2165\" data-end=\"2168\" \/>\n<h2 data-start=\"2170\" data-end=\"2210\"><span style=\"font-size: 14pt;\"><strong data-start=\"2173\" data-end=\"2208\">Top 20 Skills \/ HVAC Technician<\/strong><\/span><\/h2>\n<ol data-start=\"2211\" data-end=\"4057\">\n<li data-start=\"2211\" data-end=\"2304\">\n<p data-start=\"2214\" data-end=\"2304\">Knowledge of HVAC system components \/ Conocimiento de los componentes de un sistema HVAC<\/p>\n<\/li>\n<li data-start=\"2305\" data-end=\"2392\">\n<p data-start=\"2308\" data-end=\"2392\">Understanding of refrigeration cycles \/ Comprensi\u00f3n de los ciclos de refrigeraci\u00f3n<\/p>\n<\/li>\n<li data-start=\"2393\" data-end=\"2493\">\n<p data-start=\"2396\" data-end=\"2493\">Basic electrical wiring and controls \/ Conocimientos b\u00e1sicos de cableado y controles el\u00e9ctricos<\/p>\n<\/li>\n<li data-start=\"2494\" data-end=\"2580\">\n<p data-start=\"2497\" data-end=\"2580\">Ability to read blueprints and schematics \/ Capacidad para leer planos y esquemas<\/p>\n<\/li>\n<li data-start=\"2581\" data-end=\"2667\">\n<p data-start=\"2584\" data-end=\"2667\">Mechanical troubleshooting skills \/ Habilidades para resolver problemas mec\u00e1nicos<\/p>\n<\/li>\n<li data-start=\"2668\" data-end=\"2731\">\n<p data-start=\"2671\" data-end=\"2731\">Safe refrigerant handling \/ Manejo seguro de refrigerantes<\/p>\n<\/li>\n<li data-start=\"2732\" data-end=\"2823\">\n<p data-start=\"2735\" data-end=\"2823\">Ductwork installation and fabrication \/ Instalaci\u00f3n y fabricaci\u00f3n de conductos de aire<\/p>\n<\/li>\n<li data-start=\"2824\" data-end=\"2952\">\n<p data-start=\"2827\" data-end=\"2952\">Use of HVAC tools (gauges, vacuum pumps, multimeters) \/ Uso de herramientas HVAC (man\u00f3metros, bombas de vac\u00edo, mult\u00edmetros)<\/p>\n<\/li>\n<li data-start=\"2953\" data-end=\"3031\">\n<p data-start=\"2956\" data-end=\"3031\">Airflow measurement and balancing \/ Medici\u00f3n y balanceo del flujo de aire<\/p>\n<\/li>\n<li data-start=\"3032\" data-end=\"3110\">\n<p data-start=\"3036\" data-end=\"3110\">Preventive maintenance techniques \/ T\u00e9cnicas de mantenimiento preventivo<\/p>\n<\/li>\n<li data-start=\"3111\" data-end=\"3195\">\n<p data-start=\"3115\" data-end=\"3195\">Strong problem-solving abilities \/ Fuertes habilidades para resolver problemas<\/p>\n<\/li>\n<li data-start=\"3196\" data-end=\"3304\">\n<p data-start=\"3200\" data-end=\"3304\">Compliance with safety regulations (OSHA, EPA) \/ Cumplimiento de regulaciones de seguridad (OSHA, EPA)<\/p>\n<\/li>\n<li data-start=\"3305\" data-end=\"3430\">\n<p data-start=\"3309\" data-end=\"3430\">Physical stamina for lifting and confined work \/ Resistencia f\u00edsica para levantar peso y trabajar en espacios reducidos<\/p>\n<\/li>\n<li data-start=\"3431\" data-end=\"3501\">\n<p data-start=\"3435\" data-end=\"3501\">Time management and efficiency \/ Gesti\u00f3n del tiempo y eficiencia<\/p>\n<\/li>\n<li data-start=\"3502\" data-end=\"3579\">\n<p data-start=\"3506\" data-end=\"3579\">Customer service and communication \/ Servicio al cliente y comunicaci\u00f3n<\/p>\n<\/li>\n<li data-start=\"3580\" data-end=\"3688\">\n<p data-start=\"3584\" data-end=\"3688\">Attention to detail in installations and repairs \/ Atenci\u00f3n al detalle en instalaciones y reparaciones<\/p>\n<\/li>\n<li data-start=\"3689\" data-end=\"3783\">\n<p data-start=\"3693\" data-end=\"3783\">Adaptability to varying work environments \/ Adaptabilidad a entornos de trabajo variados<\/p>\n<\/li>\n<li data-start=\"3784\" data-end=\"3874\">\n<p data-start=\"3788\" data-end=\"3874\">Basic plumbing for condensate drains \/ Fontaner\u00eda b\u00e1sica para drenajes de condensado<\/p>\n<\/li>\n<li data-start=\"3875\" data-end=\"3959\">\n<p data-start=\"3879\" data-end=\"3959\">Heat pump servicing knowledge \/ Conocimiento en el servicio de bombas de calor<\/p>\n<\/li>\n<li data-start=\"3960\" data-end=\"4057\">\n<p data-start=\"3964\" data-end=\"4057\">Willingness to learn from senior technicians \/ Disposici\u00f3n para aprender de t\u00e9cnicos senior<\/p>\n<\/li>\n<\/ol>\n<hr data-start=\"4059\" data-end=\"4062\" \/>\n<h2 data-start=\"4064\" data-end=\"4112\"><span style=\"font-size: 14pt;\"><strong data-start=\"4067\" data-end=\"4110\">Top 20 Certifications \/ HVAC Technician<\/strong><\/span><\/h2>\n<ol data-start=\"4113\" data-end=\"5903\">\n<li data-start=\"4113\" data-end=\"4241\">\n<p data-start=\"4116\" data-end=\"4241\">EPA Section 608 Certification (mandatory for refrigerants) \/ Certificaci\u00f3n EPA Secci\u00f3n 608 (obligatoria para refrigerantes)<\/p>\n<\/li>\n<li data-start=\"4242\" data-end=\"4323\">\n<p data-start=\"4245\" data-end=\"4323\">OSHA 10-Hour Safety Certification \/ Certificaci\u00f3n de Seguridad OSHA 10 Horas<\/p>\n<\/li>\n<li data-start=\"4324\" data-end=\"4405\">\n<p data-start=\"4327\" data-end=\"4405\">OSHA 30-Hour Safety Certification \/ Certificaci\u00f3n de Seguridad OSHA 30 Horas<\/p>\n<\/li>\n<li data-start=\"4406\" data-end=\"4474\">\n<p data-start=\"4409\" data-end=\"4474\">NATE Ready-to-Work Certificate \/ Certificado NATE Ready-to-Work<\/p>\n<\/li>\n<li data-start=\"4475\" data-end=\"4551\">\n<p data-start=\"4478\" data-end=\"4551\">R-410A Refrigerant Certification \/ Certificaci\u00f3n en Refrigerante R-410A<\/p>\n<\/li>\n<li data-start=\"4552\" data-end=\"4652\">\n<p data-start=\"4555\" data-end=\"4652\">HVAC Excellence Employment Ready Certification \/ Certificaci\u00f3n HVAC Excellence Employment Ready<\/p>\n<\/li>\n<li data-start=\"4653\" data-end=\"4742\">\n<p data-start=\"4656\" data-end=\"4742\">Basic Electrical for HVAC Certificate \/ Certificado de Electricidad B\u00e1sica para HVAC<\/p>\n<\/li>\n<li data-start=\"4743\" data-end=\"4836\">\n<p data-start=\"4746\" data-end=\"4836\">Air Conditioning Service Certification \/ Certificaci\u00f3n en Servicio de Aire Acondicionado<\/p>\n<\/li>\n<li data-start=\"4837\" data-end=\"4920\">\n<p data-start=\"4840\" data-end=\"4920\">Heat Pump Service Certification \/ Certificaci\u00f3n en Servicio de Bombas de Calor<\/p>\n<\/li>\n<li data-start=\"4921\" data-end=\"4994\">\n<p data-start=\"4925\" data-end=\"4994\">Furnace Service Certification \/ Certificaci\u00f3n en Servicio de Hornos<\/p>\n<\/li>\n<li data-start=\"4995\" data-end=\"5089\">\n<p data-start=\"4999\" data-end=\"5089\">Indoor Air Quality (IAQ) Certification \/ Certificaci\u00f3n en Calidad de Aire Interior (IAQ)<\/p>\n<\/li>\n<li data-start=\"5090\" data-end=\"5182\">\n<p data-start=\"5094\" data-end=\"5182\">Sheet Metal Fabrication Certification \/ Certificaci\u00f3n en Fabricaci\u00f3n de Chapa Met\u00e1lica<\/p>\n<\/li>\n<li data-start=\"5183\" data-end=\"5248\">\n<p data-start=\"5187\" data-end=\"5248\">Green HVAC\/R Certification \/ Certificaci\u00f3n HVAC\/R Ecol\u00f3gica<\/p>\n<\/li>\n<li data-start=\"5249\" data-end=\"5327\">\n<p data-start=\"5253\" data-end=\"5327\">Hydronic Heating Certification \/ Certificaci\u00f3n en Calefacci\u00f3n Hidr\u00e1ulica<\/p>\n<\/li>\n<li data-start=\"5328\" data-end=\"5436\">\n<p data-start=\"5332\" data-end=\"5436\">Preventive Maintenance Technician Certification \/ Certificaci\u00f3n de T\u00e9cnico en Mantenimiento Preventivo<\/p>\n<\/li>\n<li data-start=\"5437\" data-end=\"5545\">\n<p data-start=\"5441\" data-end=\"5545\">Smart Thermostat Installation Certification \/ Certificaci\u00f3n en Instalaci\u00f3n de Termostatos Inteligentes<\/p>\n<\/li>\n<li data-start=\"5546\" data-end=\"5646\">\n<p data-start=\"5550\" data-end=\"5646\">Building Automation Systems Training \/ Capacitaci\u00f3n en Sistemas de Automatizaci\u00f3n de Edificios<\/p>\n<\/li>\n<li data-start=\"5647\" data-end=\"5732\">\n<p data-start=\"5651\" data-end=\"5732\">Low Voltage Technician Certification \/ Certificaci\u00f3n de T\u00e9cnico en Baja Tensi\u00f3n<\/p>\n<\/li>\n<li data-start=\"5733\" data-end=\"5822\">\n<p data-start=\"5737\" data-end=\"5822\">Duct Leakage Testing Certification \/ Certificaci\u00f3n en Pruebas de Fugas en Conductos<\/p>\n<\/li>\n<li data-start=\"5823\" data-end=\"5903\">\n<p data-start=\"5827\" data-end=\"5903\">CPR and First Aid Certification \/ Certificaci\u00f3n en RCP y Primeros Auxilios<\/p>\n<\/li>\n<\/ol>\n<hr \/>\n<h2 data-start=\"135\" data-end=\"187\"><strong data-start=\"138\" data-end=\"187\">6-Month Roadmap \u2013 Entry-Level HVAC Technician<\/strong><\/h2>\n<h3 data-start=\"189\" data-end=\"233\"><strong data-start=\"193\" data-end=\"233\">Month 1 \u2013 HVAC Fundamentals &amp; Safety<\/strong><\/h3>\n<ul data-start=\"234\" data-end=\"566\">\n<li data-start=\"234\" data-end=\"302\">\n<p data-start=\"236\" data-end=\"302\">Learn <strong data-start=\"242\" data-end=\"257\">HVAC basics<\/strong>: heating, cooling, ventilation principles.<\/p>\n<\/li>\n<li data-start=\"303\" data-end=\"361\">\n<p data-start=\"305\" data-end=\"361\">Understand <strong data-start=\"316\" data-end=\"358\">thermodynamics and refrigeration cycle<\/strong>.<\/p>\n<\/li>\n<li data-start=\"362\" data-end=\"410\">\n<p data-start=\"364\" data-end=\"410\">Study <strong data-start=\"370\" data-end=\"391\">OSHA safety rules<\/strong> and <strong data-start=\"396\" data-end=\"407\">PPE use<\/strong>.<\/p>\n<\/li>\n<li data-start=\"411\" data-end=\"478\">\n<p data-start=\"413\" data-end=\"478\">Introduction to <strong data-start=\"429\" data-end=\"462\">EPA Section 608 Certification<\/strong> requirements.<\/p>\n<\/li>\n<li data-start=\"479\" data-end=\"566\">\n<p data-start=\"481\" data-end=\"566\">Tools: Online HVAC fundamentals course, safety manuals, basic refrigeration diagrams.<\/p>\n<\/li>\n<\/ul>\n<hr data-start=\"568\" data-end=\"571\" \/>\n<h3 data-start=\"573\" data-end=\"622\"><strong data-start=\"577\" data-end=\"622\">Month 2 \u2013 Tools, Equipment &amp; Measurements<\/strong><\/h3>\n<ul data-start=\"623\" data-end=\"969\">\n<li data-start=\"623\" data-end=\"706\">\n<p data-start=\"625\" data-end=\"706\">Learn proper use of <strong data-start=\"645\" data-end=\"664\">HVAC hand tools<\/strong> (screwdrivers, pliers, tubing cutters).<\/p>\n<\/li>\n<li data-start=\"707\" data-end=\"768\">\n<p data-start=\"709\" data-end=\"768\">Practice <strong data-start=\"718\" data-end=\"765\">gauges, vacuum pumps, and recovery machines<\/strong>.<\/p>\n<\/li>\n<li data-start=\"769\" data-end=\"821\">\n<p data-start=\"771\" data-end=\"821\">Use a <strong data-start=\"777\" data-end=\"791\">multimeter<\/strong> for electrical diagnostics.<\/p>\n<\/li>\n<li data-start=\"822\" data-end=\"886\">\n<p data-start=\"824\" data-end=\"886\">Learn how to measure <strong data-start=\"845\" data-end=\"883\">temperature, pressure, and airflow<\/strong>.<\/p>\n<\/li>\n<li data-start=\"887\" data-end=\"969\">\n<p data-start=\"889\" data-end=\"969\">Tools: Refrigeration manifold gauge set, multimeter, thermometer, airflow meter.<\/p>\n<\/li>\n<\/ul>\n<hr data-start=\"971\" data-end=\"974\" \/>\n<h3 data-start=\"976\" data-end=\"1026\"><strong data-start=\"980\" data-end=\"1026\">Month 3 \u2013 Residential Systems Installation<\/strong><\/h3>\n<ul data-start=\"1027\" data-end=\"1327\">\n<li data-start=\"1027\" data-end=\"1101\">\n<p data-start=\"1029\" data-end=\"1101\">Install <strong data-start=\"1037\" data-end=\"1080\">split systems, heat pumps, and furnaces<\/strong> under supervision.<\/p>\n<\/li>\n<li data-start=\"1102\" data-end=\"1146\">\n<p data-start=\"1104\" data-end=\"1146\">Learn <strong data-start=\"1110\" data-end=\"1143\">ductwork assembly and sealing<\/strong>.<\/p>\n<\/li>\n<li data-start=\"1147\" data-end=\"1194\">\n<p data-start=\"1149\" data-end=\"1194\">Connect <strong data-start=\"1157\" data-end=\"1191\">thermostats and control wiring<\/strong>.<\/p>\n<\/li>\n<li data-start=\"1195\" data-end=\"1254\">\n<p data-start=\"1197\" data-end=\"1254\">Understand <strong data-start=\"1208\" data-end=\"1251\">condensate drainage and plumbing basics<\/strong>.<\/p>\n<\/li>\n<li data-start=\"1255\" data-end=\"1327\">\n<p data-start=\"1257\" data-end=\"1327\">Tools: Wiring diagrams, duct fabrication guides, HVAC install manuals.<\/p>\n<\/li>\n<\/ul>\n<hr data-start=\"1329\" data-end=\"1332\" \/>\n<h3 data-start=\"1334\" data-end=\"1381\"><strong data-start=\"1338\" data-end=\"1381\">Month 4 \u2013 Maintenance &amp; Troubleshooting<\/strong><\/h3>\n<ul data-start=\"1382\" data-end=\"1714\">\n<li data-start=\"1382\" data-end=\"1465\">\n<p data-start=\"1384\" data-end=\"1465\">Perform <strong data-start=\"1392\" data-end=\"1418\">preventive maintenance<\/strong>: coil cleaning, filter changes, lubrication.<\/p>\n<\/li>\n<li data-start=\"1466\" data-end=\"1523\">\n<p data-start=\"1468\" data-end=\"1523\">Diagnose <strong data-start=\"1477\" data-end=\"1520\">refrigerant leaks and electrical faults<\/strong>.<\/p>\n<\/li>\n<li data-start=\"1524\" data-end=\"1580\">\n<p data-start=\"1526\" data-end=\"1580\">Test <strong data-start=\"1531\" data-end=\"1552\">system efficiency<\/strong> and optimize performance.<\/p>\n<\/li>\n<li data-start=\"1581\" data-end=\"1645\">\n<p data-start=\"1583\" data-end=\"1645\">Practice <strong data-start=\"1592\" data-end=\"1642\">refrigerant recovery, evacuation, and charging<\/strong>.<\/p>\n<\/li>\n<li data-start=\"1646\" data-end=\"1714\">\n<p data-start=\"1648\" data-end=\"1714\">Tools: Leak detectors, digital gauges, troubleshooting flowcharts.<\/p>\n<\/li>\n<\/ul>\n<hr data-start=\"1716\" data-end=\"1719\" \/>\n<h3 data-start=\"1721\" data-end=\"1764\"><strong data-start=\"1725\" data-end=\"1764\">Month 5 \u2013 Certification Preparation<\/strong><\/h3>\n<ul data-start=\"1765\" data-end=\"2045\">\n<li data-start=\"1765\" data-end=\"1821\">\n<p data-start=\"1767\" data-end=\"1821\">Complete <strong data-start=\"1776\" data-end=\"1818\">EPA Section 608 Certification training<\/strong>.<\/p>\n<\/li>\n<li data-start=\"1822\" data-end=\"1872\">\n<p data-start=\"1824\" data-end=\"1872\">Study for <strong data-start=\"1834\" data-end=\"1869\">NATE Ready-to-Work or Core exam<\/strong>.<\/p>\n<\/li>\n<li data-start=\"1873\" data-end=\"1923\">\n<p data-start=\"1875\" data-end=\"1923\">Take <strong data-start=\"1880\" data-end=\"1920\">R-410A refrigerant handling training<\/strong>.<\/p>\n<\/li>\n<li data-start=\"1924\" data-end=\"1974\">\n<p data-start=\"1926\" data-end=\"1974\">Review <strong data-start=\"1933\" data-end=\"1962\">OSHA safety certification<\/strong> material.<\/p>\n<\/li>\n<li data-start=\"1975\" data-end=\"2045\">\n<p data-start=\"1977\" data-end=\"2045\">Tools: Practice tests, online training platforms, HVAC study guides.<\/p>\n<\/li>\n<\/ul>\n<hr data-start=\"2047\" data-end=\"2050\" \/>\n<h3 data-start=\"2052\" data-end=\"2105\"><strong data-start=\"2056\" data-end=\"2105\">Month 6 \u2013 Real-World Practice &amp; Job Readiness<\/strong><\/h3>\n<ul data-start=\"2106\" data-end=\"2431\">\n<li data-start=\"2106\" data-end=\"2175\">\n<p data-start=\"2108\" data-end=\"2175\">Work on <strong data-start=\"2116\" data-end=\"2149\">small projects or ride-alongs<\/strong> with experienced techs.<\/p>\n<\/li>\n<li data-start=\"2176\" data-end=\"2236\">\n<p data-start=\"2178\" data-end=\"2236\">Build a <strong data-start=\"2186\" data-end=\"2206\">skills portfolio<\/strong> (photos, job descriptions).<\/p>\n<\/li>\n<li data-start=\"2237\" data-end=\"2304\">\n<p data-start=\"2239\" data-end=\"2304\">Prepare a <strong data-start=\"2249\" data-end=\"2301\">resume listing skills, tools, and certifications<\/strong>.<\/p>\n<\/li>\n<li data-start=\"2305\" data-end=\"2359\">\n<p data-start=\"2307\" data-end=\"2359\">Apply for <strong data-start=\"2317\" data-end=\"2356\">HVAC helper or apprentice positions<\/strong>.<\/p>\n<\/li>\n<li data-start=\"2360\" data-end=\"2431\">\n<p data-start=\"2362\" data-end=\"2431\">Tools: Networking with local HVAC companies, trade school job boards.<\/p>\n<\/li>\n<\/ul>\n<hr \/>\n<p><span style=\"color: #0000ff;\">Unique Visitors:<\/span> <span class='visitors'>2760<\/span><br \/>\n<span style=\"color: #0000ff;\">Page-views:<\/span> <span class='page-views'>11471<\/span><\/p>\n","protected":false},"excerpt":{"rendered":"<p>Air Conditioning (JOB) Available today (Just click it the source to apply). Proactive Resume focus (Open&#8230;<\/p>\n","protected":false},"author":1,"featured_media":0,"parent":0,"menu_order":4,"comment_status":"closed","ping_status":"closed","template":"","meta":{"footnotes":""},"class_list":["post-95","page","type-page","status-publish","hentry"],"_links":{"self":[{"href":"https:\/\/jobaqui.com\/index.php\/wp-json\/wp\/v2\/pages\/95","targetHints":{"allow":["GET"]}}],"collection":[{"href":"https:\/\/jobaqui.com\/index.php\/wp-json\/wp\/v2\/pages"}],"about":[{"href":"https:\/\/jobaqui.com\/index.php\/wp-json\/wp\/v2\/types\/page"}],"author":[{"embeddable":true,"href":"https:\/\/jobaqui.com\/index.php\/wp-json\/wp\/v2\/users\/1"}],"replies":[{"embeddable":true,"href":"https:\/\/jobaqui.com\/index.php\/wp-json\/wp\/v2\/comments?post=95"}],"version-history":[{"count":44,"href":"https:\/\/jobaqui.com\/index.php\/wp-json\/wp\/v2\/pages\/95\/revisions"}],"predecessor-version":[{"id":1693,"href":"https:\/\/jobaqui.com\/index.php\/wp-json\/wp\/v2\/pages\/95\/revisions\/1693"}],"wp:attachment":[{"href":"https:\/\/jobaqui.com\/index.php\/wp-json\/wp\/v2\/media?parent=95"}],"curies":[{"name":"wp","href":"https:\/\/api.w.org\/{rel}","templated":true}]}}