{"id":97,"date":"2024-09-15T00:40:07","date_gmt":"2024-09-15T00:40:07","guid":{"rendered":"https:\/\/jobaqui.com\/?page_id=97"},"modified":"2025-10-14T00:29:04","modified_gmt":"2025-10-14T00:29:04","slug":"plumbing","status":"publish","type":"page","link":"https:\/\/jobaqui.com\/index.php\/plumbing\/","title":{"rendered":"Plumbing"},"content":{"rendered":"<p><strong>Plumbing<\/strong> (JOB) Available today (<span style=\"color: #ff0000;\">Just click it the source to apply<\/span>).<\/p>\n<p><span style=\"color: #993300;\"><strong>Proactive Resume focus (Open Positions Requirements):<\/strong><\/span><\/p>\n<ul>\n<li><span style=\"font-size: 14pt;\"><a href=\"https:\/\/hiapromo.com\/sfit\/jobaqui\/plu_pr\/index.html\" target=\"_blank\" rel=\"noopener\">Plumbing (HTML to PDF)<\/a><\/span><\/li>\n<\/ul>\n<p><span style=\"color: #993300;\"><strong>Attendance and Survey:<\/strong><\/span><\/p>\n<table style=\"width: 99.1213%;\" width=\"330\">\n<tbody>\n<tr>\n<td style=\"text-align: left; width: 100%;\" width=\"330\"><span style=\"font-size: 14pt;\"><a href=\"https:\/\/hiapromo.com\/sfit\/jobaqui\/pr_plu_s\/index.html\" target=\"_blank\" rel=\"noopener\">Plumbing &#8211; Participants Survey<\/a><\/span><\/td>\n<\/tr>\n<\/tbody>\n<\/table>\n<hr \/>\n<p><span style=\"font-size: 12pt; color: #008000; font-family: 'arial black', sans-serif;\"><a style=\"color: #008000;\" href=\"https:\/\/jobaqui.com\/certifications\/application.html\" target=\"_blank\" rel=\"noopener\">Gu\u00eda Universal de Plataformas de Empleo \u2013 Dade County 2025<\/a><\/span><\/p>\n<p><span style=\"color: #0000ff;\"><strong>Sources to apply:<\/strong><\/span><\/p>\n<ol>\n<li><a href=\"https:\/\/www.ziprecruiter.com\/jobs-search?search=plumbing&amp;location=Hialeah%2C+FL&amp;refine_by_location_type=&amp;radius=25&amp;days=&amp;refine_by_employment=employment_type%3Aall&amp;refine_by_salary=&amp;refine_by_salary_ceil=&amp;lk=CylusELLX0dqLXq5vUfmjg&amp;page=1\" target=\"_blank\" rel=\"noopener\">ZipRecruiter<\/a><\/li>\n<li><a href=\"http:\/\/indeed.com\/jobs?q=plumbing&amp;l=Hialeah%2C%20FL&amp;radius=35&amp;from=searchOnDesktopSerp\" target=\"_blank\" rel=\"noopener\">Indeed<\/a><\/li>\n<li><a href=\"https:\/\/www.monster.com\/jobs\/search?q=Plumbing&amp;where=Hialeah%2C+FL&amp;page=1&amp;so=m.s.sh\" target=\"_blank\" rel=\"noopener\">Monster<\/a><\/li>\n<li><a href=\"https:\/\/www.linkedin.com\/jobs\/search-results\/?keywords=Plumbing%20dade%20county%20posted%20in%20the%20past%20week\" target=\"_blank\" rel=\"noopener\">LinkedIn<\/a><\/li>\n<li><a href=\"https:\/\/www.glassdoor.com\/Job\/hialeah-fl-plumbing-apprentice-jobs-SRCH_IL.0,10_IC1154162_KO11,30.htm\" target=\"_blank\" rel=\"noopener\">Glassdoor<\/a><\/li>\n<\/ol>\n<hr \/>\n<p><em><span style=\"color: #993366;\">We are working on this website designs and concepts (Draft Version)<\/span><\/em><\/p>\n<hr \/>\n<p><span style=\"color: #0000ff;\"><strong>SPONSORS HERE:<\/strong><\/span><\/p>\n<table style=\"border-collapse: collapse; width: 100%;\">\n<tbody>\n<tr>\n<td style=\"width: 33.3333%;\"><a href=\"https:\/\/www.walmart.com\/shop\/deals\" target=\"_blank\" rel=\"noopener\"><img loading=\"lazy\" decoding=\"async\" class=\"alignleft size-medium wp-image-363\" src=\"http:\/\/jobaqui.com\/wp-content\/uploads\/2024\/10\/Walmart-Deals-300x202.png\" alt=\"\" width=\"300\" height=\"202\" srcset=\"https:\/\/jobaqui.com\/wp-content\/uploads\/2024\/10\/Walmart-Deals-300x202.png 300w, https:\/\/jobaqui.com\/wp-content\/uploads\/2024\/10\/Walmart-Deals.png 311w\" sizes=\"auto, (max-width: 300px) 100vw, 300px\" \/><\/a><\/td>\n<td style=\"width: 33.3333%;\"><a href=\"https:\/\/www.bjs.com\/myCoupons\" target=\"_blank\" rel=\"noopener\"><img loading=\"lazy\" decoding=\"async\" class=\"alignleft size-medium wp-image-368\" src=\"http:\/\/jobaqui.com\/wp-content\/uploads\/2024\/10\/BJs-300x85.png\" alt=\"\" width=\"300\" height=\"85\" srcset=\"https:\/\/jobaqui.com\/wp-content\/uploads\/2024\/10\/BJs-300x85.png 300w, https:\/\/jobaqui.com\/wp-content\/uploads\/2024\/10\/BJs.png 341w\" sizes=\"auto, (max-width: 300px) 100vw, 300px\" \/><\/a><\/td>\n<td style=\"width: 33.3333%;\"><\/td>\n<\/tr>\n<\/tbody>\n<\/table>\n<hr \/>\n<p><span style=\"color: #0000ff;\"><strong>Important Documents:<\/strong><\/span><\/p>\n<ul>\n<li><a href=\"https:\/\/jobaqui.com\/certifications\/Certificaciones_Plumbing_Miami.pdf\" target=\"_blank\" rel=\"noopener\">Recommended Certifications PLU<\/a><\/li>\n<li><a href=\"https:\/\/jobaqui.com\/certifications\/Plumbing_Market_Study.pdf\" target=\"_blank\" rel=\"noopener\">Plumbing_Market_Study<\/a><\/li>\n<li><a href=\"https:\/\/jobaqui.com\/certifications\/plu-t10.html\" target=\"_blank\" rel=\"noopener\">Top 10 \u2013 Plumbing Technician (Task)<\/a><\/li>\n<\/ul>\n<hr \/>\n<p><span style=\"color: #0000ff;\"><strong>A day on Your Career Life: <a href=\"https:\/\/jobaqui.com\/daylife\/plu.html\" target=\"_blank\" rel=\"noopener\">PLU Videos Summary Link<\/a><\/strong><\/span><\/p>\n<hr \/>\n<p><iframe loading=\"lazy\" src=\"\/\/www.youtube.com\/embed\/jZAb3BcPy6o\" width=\"560\" height=\"314\" allowfullscreen=\"allowfullscreen\"><\/iframe><\/p>\n<p><iframe loading=\"lazy\" src=\"\/\/www.youtube.com\/embed\/rBNciXF3LHY\" width=\"560\" height=\"314\" allowfullscreen=\"allowfullscreen\"><\/iframe><\/p>\n<p><iframe loading=\"lazy\" src=\"\/\/www.youtube.com\/embed\/Fy_rBst7geA\" width=\"560\" height=\"314\" allowfullscreen=\"allowfullscreen\"><\/iframe><\/p>\n<hr \/>\n<p><span style=\"color: #0000ff;\"><strong>\u00a0<\/strong><\/span><strong data-start=\"191\" data-end=\"228\">Top 20 Duties \u2013 Plumber \/ Plomero<\/strong><\/p>\n<ul data-start=\"231\" data-end=\"3335\">\n<li data-start=\"231\" data-end=\"602\">\n<p data-start=\"233\" data-end=\"602\">Assemble pipe sections, tubing, or fittings using couplings, clamps, screws, bolts, cement, plastic solvent, caulking, soldering, brazing, or welding equipment \/ Ensamblar secciones de tuber\u00edas, tubos o accesorios utilizando acoplamientos, abrazaderas, tornillos, pernos, cemento, solvente pl\u00e1stico, calafateo, soldadura blanda, soldadura fuerte o equipo de soldadura<\/p>\n<\/li>\n<li data-start=\"603\" data-end=\"961\">\n<p data-start=\"605\" data-end=\"961\">Install pipe assemblies, fittings, valves, appliances such as dishwashers or water heaters, or fixtures such as sinks and toilets using hand or power tools \/ Instalar conjuntos de tuber\u00edas, accesorios, v\u00e1lvulas, electrodom\u00e9sticos como lavavajillas o calentadores de agua, o accesorios como lavabos e inodoros utilizando herramientas manuales o el\u00e9ctricas<\/p>\n<\/li>\n<li data-start=\"962\" data-end=\"1081\">\n<p data-start=\"964\" data-end=\"1081\">Plan plumbing layout using drawings or blueprints \/ Planificar el dise\u00f1o de la plomer\u00eda utilizando planos o dibujos<\/p>\n<\/li>\n<li data-start=\"1082\" data-end=\"1192\">\n<p data-start=\"1084\" data-end=\"1192\">Perform maintenance of water supply systems \/ Realizar mantenimiento de sistemas de abastecimiento de agua<\/p>\n<\/li>\n<li data-start=\"1193\" data-end=\"1311\">\n<p data-start=\"1195\" data-end=\"1311\">Install and maintain gas and liquid heating systems \/ Instalar y mantener sistemas de calefacci\u00f3n a gas y l\u00edquidos<\/p>\n<\/li>\n<li data-start=\"1312\" data-end=\"1495\">\n<p data-start=\"1314\" data-end=\"1495\">Install, repair, and maintain plumbing systems in commercial or government buildings \/ Instalar, reparar y mantener sistemas de plomer\u00eda en edificios comerciales o gubernamentales<\/p>\n<\/li>\n<li data-start=\"1496\" data-end=\"1582\">\n<p data-start=\"1498\" data-end=\"1582\">Diagnose and repair plumbing issues \/ Diagnosticar y reparar problemas de plomer\u00eda<\/p>\n<\/li>\n<li data-start=\"1583\" data-end=\"1735\">\n<p data-start=\"1585\" data-end=\"1735\">Ensure compliance with building codes and safety regulations \/ Garantizar el cumplimiento de los c\u00f3digos de construcci\u00f3n y regulaciones de seguridad<\/p>\n<\/li>\n<li data-start=\"1736\" data-end=\"2009\">\n<p data-start=\"1738\" data-end=\"2009\">Work with large-scale waste removal systems, water supply lines, and sewage systems connected to public utilities \/ Trabajar con sistemas de eliminaci\u00f3n de residuos a gran escala, l\u00edneas de suministro de agua y sistemas de alcantarillado conectados a servicios p\u00fablicos<\/p>\n<\/li>\n<li data-start=\"2010\" data-end=\"2155\">\n<p data-start=\"2012\" data-end=\"2155\">Read and interpret blueprints, building codes, and technical drawings \/ Leer e interpretar planos, c\u00f3digos de construcci\u00f3n y dibujos t\u00e9cnicos<\/p>\n<\/li>\n<li data-start=\"2156\" data-end=\"2285\">\n<p data-start=\"2158\" data-end=\"2285\">Inspect and repair previously installed plumbing systems \/ Inspeccionar y reparar sistemas de plomer\u00eda previamente instalados<\/p>\n<\/li>\n<li data-start=\"2286\" data-end=\"2416\">\n<p data-start=\"2288\" data-end=\"2416\">Maintain accurate records of work, materials, and supplies \/ Mantener registros precisos del trabajo, materiales y suministros<\/p>\n<\/li>\n<li data-start=\"2417\" data-end=\"2520\">\n<p data-start=\"2419\" data-end=\"2520\">Provide plumbing support for on-call shifts \/ Brindar soporte de plomer\u00eda durante turnos de guardia<\/p>\n<\/li>\n<li data-start=\"2521\" data-end=\"2635\">\n<p data-start=\"2523\" data-end=\"2635\">Communicate with clients to ensure satisfaction \/ Comunicarse con los clientes para garantizar su satisfacci\u00f3n<\/p>\n<\/li>\n<li data-start=\"2636\" data-end=\"2752\">\n<p data-start=\"2638\" data-end=\"2752\">Install new fixtures, piping, and perform repairs \/ Instalar nuevos accesorios, tuber\u00edas y realizar reparaciones<\/p>\n<\/li>\n<li data-start=\"2753\" data-end=\"2867\">\n<p data-start=\"2755\" data-end=\"2867\">Perform preventive maintenance on plumbing systems \/ Realizar mantenimiento preventivo en sistemas de plomer\u00eda<\/p>\n<\/li>\n<li data-start=\"2868\" data-end=\"3041\">\n<p data-start=\"2870\" data-end=\"3041\">Troubleshoot and install water heaters, toilets, faucets, water softeners \/ Solucionar problemas e instalar calentadores de agua, inodoros, grifos y ablandadores de agua<\/p>\n<\/li>\n<li data-start=\"3042\" data-end=\"3155\">\n<p data-start=\"3044\" data-end=\"3155\">Repair leaking pipes in walls, slabs, yards, etc. \/ Reparar fugas de tuber\u00edas en paredes, losas, patios, etc.<\/p>\n<\/li>\n<li data-start=\"3156\" data-end=\"3228\">\n<p data-start=\"3158\" data-end=\"3228\">Install gas lines and fixtures \/ Instalar l\u00edneas y accesorios de gas<\/p>\n<\/li>\n<li data-start=\"3229\" data-end=\"3335\">\n<p data-start=\"3231\" data-end=\"3335\">Repipe homes and perform leak detection \/ Reemplazar tuber\u00edas en hogares y realizar detecci\u00f3n de fugas<\/p>\n<\/li>\n<\/ul>\n<hr data-start=\"3337\" data-end=\"3340\" \/>\n<p data-start=\"3342\" data-end=\"3381\"><strong data-start=\"3342\" data-end=\"3379\">Top 20 Skills \u2013 Plumber \/ Plomero<\/strong><\/p>\n<ul data-start=\"3382\" data-end=\"5434\">\n<li data-start=\"3382\" data-end=\"3454\">\n<p data-start=\"3384\" data-end=\"3454\">Knowledge of plumbing systems \/ Conocimiento de sistemas de plomer\u00eda<\/p>\n<\/li>\n<li data-start=\"3455\" data-end=\"3565\">\n<p data-start=\"3457\" data-end=\"3565\">Ability to handle plumbing tools and equipment \/ Capacidad para manejar herramientas y equipos de plomer\u00eda<\/p>\n<\/li>\n<li data-start=\"3566\" data-end=\"3691\">\n<p data-start=\"3568\" data-end=\"3691\">Familiarity with plumbing codes and piping requirements \/ Familiaridad con el c\u00f3digo de plomer\u00eda y requisitos de tuber\u00edas<\/p>\n<\/li>\n<li data-start=\"3692\" data-end=\"3845\">\n<p data-start=\"3694\" data-end=\"3845\">Physical strength to lift at least 100 lbs and work in confined spaces \/ Fuerza f\u00edsica para levantar al menos 45 kg y trabajar en espacios confinados<\/p>\n<\/li>\n<li data-start=\"3846\" data-end=\"3933\">\n<p data-start=\"3848\" data-end=\"3933\">Ability to read and interpret blueprints \/ Capacidad para leer e interpretar planos<\/p>\n<\/li>\n<li data-start=\"3934\" data-end=\"4057\">\n<p data-start=\"3936\" data-end=\"4057\">Strong problem-solving and critical thinking skills \/ S\u00f3lidas habilidades para resolver problemas y pensamiento cr\u00edtico<\/p>\n<\/li>\n<li data-start=\"4058\" data-end=\"4154\">\n<p data-start=\"4060\" data-end=\"4154\">Time management and organizational skills \/ Habilidades de gesti\u00f3n del tiempo y organizaci\u00f3n<\/p>\n<\/li>\n<li data-start=\"4155\" data-end=\"4244\">\n<p data-start=\"4157\" data-end=\"4244\">Teamwork in construction environments \/ Trabajo en equipo en entornos de construcci\u00f3n<\/p>\n<\/li>\n<li data-start=\"4245\" data-end=\"4309\">\n<p data-start=\"4247\" data-end=\"4309\">Customer service skills \/ Habilidades de servicio al cliente<\/p>\n<\/li>\n<li data-start=\"4310\" data-end=\"4405\">\n<p data-start=\"4312\" data-end=\"4405\">Experience in commercial plumbing projects \/ Experiencia en proyectos de plomer\u00eda comercial<\/p>\n<\/li>\n<li data-start=\"4406\" data-end=\"4508\">\n<p data-start=\"4408\" data-end=\"4508\">Knowledge of gas and water heating systems \/ Conocimiento de sistemas de calefacci\u00f3n de gas y agua<\/p>\n<\/li>\n<li data-start=\"4509\" data-end=\"4573\">\n<p data-start=\"4511\" data-end=\"4573\">Leak detection expertise \/ Experiencia en detecci\u00f3n de fugas<\/p>\n<\/li>\n<li data-start=\"4574\" data-end=\"4710\">\n<p data-start=\"4576\" data-end=\"4710\">Ability to work independently and with minimal supervision \/ Capacidad para trabajar de forma independiente y con m\u00ednima supervisi\u00f3n<\/p>\n<\/li>\n<li data-start=\"4711\" data-end=\"4819\">\n<p data-start=\"4713\" data-end=\"4819\">Compliance with OSHA and local safety standards \/ Cumplimiento de las normas de seguridad OSHA y locales<\/p>\n<\/li>\n<li data-start=\"4820\" data-end=\"4953\">\n<p data-start=\"4822\" data-end=\"4953\">Ability to install and maintain water supply and drainage systems \/ Capacidad para instalar y mantener sistemas de agua y drenaje<\/p>\n<\/li>\n<li data-start=\"4954\" data-end=\"5073\">\n<p data-start=\"4956\" data-end=\"5073\">Experience with CPVC, PVC, PEX, copper, and metal pipes \/ Experiencia con tuber\u00edas de CPVC, PVC, PEX, cobre y metal<\/p>\n<\/li>\n<li data-start=\"5074\" data-end=\"5149\">\n<p data-start=\"5076\" data-end=\"5149\">Preventive maintenance skills \/ Habilidades de mantenimiento preventivo<\/p>\n<\/li>\n<li data-start=\"5150\" data-end=\"5234\">\n<p data-start=\"5152\" data-end=\"5234\">Recordkeeping and documentation skills \/ Habilidades de registro y documentaci\u00f3n<\/p>\n<\/li>\n<li data-start=\"5235\" data-end=\"5318\">\n<p data-start=\"5237\" data-end=\"5318\">Adaptability to various job sites \/ Adaptabilidad a diversos lugares de trabajo<\/p>\n<\/li>\n<li data-start=\"5319\" data-end=\"5434\">\n<p data-start=\"5321\" data-end=\"5434\">Willingness to complete projects from start to finish \/ Disposici\u00f3n para completar proyectos de principio a fin<\/p>\n<\/li>\n<\/ul>\n<hr data-start=\"5436\" data-end=\"5439\" \/>\n<p data-start=\"5441\" data-end=\"5488\"><strong data-start=\"5441\" data-end=\"5486\">Top 20 Certifications \u2013 Plumber \/ Plomero<\/strong><\/p>\n<ul data-start=\"5489\" data-end=\"7052\">\n<li data-start=\"5489\" data-end=\"5549\">\n<p data-start=\"5491\" data-end=\"5549\">Journeyman Plumber License \/ Licencia de Plomero Oficial<\/p>\n<\/li>\n<li data-start=\"5550\" data-end=\"5606\">\n<p data-start=\"5552\" data-end=\"5606\">Master Plumber License \/ Licencia de Plomero Maestro<\/p>\n<\/li>\n<li data-start=\"5607\" data-end=\"5670\">\n<p data-start=\"5609\" data-end=\"5670\">OSHA Safety Certification \/ Certificaci\u00f3n de Seguridad OSHA<\/p>\n<\/li>\n<li data-start=\"5671\" data-end=\"5749\">\n<p data-start=\"5673\" data-end=\"5749\">Backflow Prevention Certification \/ Certificaci\u00f3n de Prevenci\u00f3n de Retorno<\/p>\n<\/li>\n<li data-start=\"5750\" data-end=\"5815\">\n<p data-start=\"5752\" data-end=\"5815\">Gas Fitter Certification \/ Certificaci\u00f3n de Instalador de Gas<\/p>\n<\/li>\n<li data-start=\"5816\" data-end=\"5908\">\n<p data-start=\"5818\" data-end=\"5908\">Cross-Connection Control Certification \/ Certificaci\u00f3n de Control de Conexiones Cruzadas<\/p>\n<\/li>\n<li data-start=\"5909\" data-end=\"5992\">\n<p data-start=\"5911\" data-end=\"5992\">Medical Gas Installer Certification \/ Certificaci\u00f3n de Instalador de Gas M\u00e9dico<\/p>\n<\/li>\n<li data-start=\"5993\" data-end=\"6064\">\n<p data-start=\"5995\" data-end=\"6064\">Green Plumbing Certification \/ Certificaci\u00f3n de Plomer\u00eda Sostenible<\/p>\n<\/li>\n<li data-start=\"6065\" data-end=\"6163\">\n<p data-start=\"6067\" data-end=\"6163\">Water Heater Installation Certification \/ Certificaci\u00f3n en Instalaci\u00f3n de Calentadores de Agua<\/p>\n<\/li>\n<li data-start=\"6164\" data-end=\"6245\">\n<p data-start=\"6166\" data-end=\"6245\">Leak Detection Specialist Certification \/ Certificaci\u00f3n en Detecci\u00f3n de Fugas<\/p>\n<\/li>\n<li data-start=\"6246\" data-end=\"6312\">\n<p data-start=\"6248\" data-end=\"6312\">EPA Lead-Safe Certification \/ Certificaci\u00f3n EPA Libre de Plomo<\/p>\n<\/li>\n<li data-start=\"6313\" data-end=\"6389\">\n<p data-start=\"6315\" data-end=\"6389\">First Aid &amp; CPR Certification \/ Certificaci\u00f3n de Primeros Auxilios y RCP<\/p>\n<\/li>\n<li data-start=\"6390\" data-end=\"6477\">\n<p data-start=\"6392\" data-end=\"6477\">Confined Space Entry Certification \/ Certificaci\u00f3n de Entrada a Espacios Confinados<\/p>\n<\/li>\n<li data-start=\"6478\" data-end=\"6546\">\n<p data-start=\"6480\" data-end=\"6546\">Pipefitting Certification \/ Certificaci\u00f3n en Montaje de Tuber\u00edas<\/p>\n<\/li>\n<li data-start=\"6547\" data-end=\"6631\">\n<p data-start=\"6549\" data-end=\"6631\">Soldering and Brazing Certification \/ Certificaci\u00f3n en Soldadura Blanda y Fuerte<\/p>\n<\/li>\n<li data-start=\"6632\" data-end=\"6704\">\n<p data-start=\"6634\" data-end=\"6704\">Blueprint Reading Certification \/ Certificaci\u00f3n en Lectura de Planos<\/p>\n<\/li>\n<li data-start=\"6705\" data-end=\"6805\">\n<p data-start=\"6707\" data-end=\"6805\">Water Treatment and Filtration Certification \/ Certificaci\u00f3n en Tratamiento y Filtraci\u00f3n de Agua<\/p>\n<\/li>\n<li data-start=\"6806\" data-end=\"6902\">\n<p data-start=\"6808\" data-end=\"6902\">Septic System Installation Certification \/ Certificaci\u00f3n en Instalaci\u00f3n de Sistemas S\u00e9pticos<\/p>\n<\/li>\n<li data-start=\"6903\" data-end=\"6995\">\n<p data-start=\"6905\" data-end=\"6995\">Advanced Plumbing Systems Certification \/ Certificaci\u00f3n en Sistemas de Plomer\u00eda Avanzada<\/p>\n<\/li>\n<li data-start=\"6996\" data-end=\"7052\">\n<p data-start=\"6998\" data-end=\"7052\">Hydronics Certification \/ Certificaci\u00f3n en Hidronica<\/p>\n<\/li>\n<\/ul>\n<hr \/>\n<h2 data-start=\"188\" data-end=\"276\"><strong data-start=\"191\" data-end=\"276\">6-Month Roadmap \u2013 Plumbing Career \/ Hoja de Ruta de 6 Meses \u2013 Carrera en Plomer\u00eda<\/strong><\/h2>\n<h3 data-start=\"278\" data-end=\"330\"><strong data-start=\"282\" data-end=\"330\">Month 1 \u2013 Fundamentals \/ Mes 1 \u2013 Fundamentos<\/strong><\/h3>\n<ul data-start=\"331\" data-end=\"787\">\n<li data-start=\"331\" data-end=\"426\">\n<p data-start=\"333\" data-end=\"426\">Review and memorize plumbing terminology \/ Revisar y memorizar la terminolog\u00eda de plomer\u00eda.<\/p>\n<\/li>\n<li data-start=\"427\" data-end=\"523\">\n<p data-start=\"429\" data-end=\"523\">Learn to read blueprints and technical drawings \/ Aprender a leer planos y dibujos t\u00e9cnicos.<\/p>\n<\/li>\n<li data-start=\"524\" data-end=\"670\">\n<p data-start=\"526\" data-end=\"670\">Study OSHA safety regulations and local building codes \/ Estudiar las regulaciones de seguridad de OSHA y los c\u00f3digos de construcci\u00f3n locales.<\/p>\n<\/li>\n<li data-start=\"671\" data-end=\"787\">\n<p data-start=\"673\" data-end=\"787\">Familiarize yourself with plumbing tools and materials \/ Familiarizarse con herramientas y materiales de plomer\u00eda.<\/p>\n<\/li>\n<\/ul>\n<h3 data-start=\"789\" data-end=\"870\"><strong data-start=\"793\" data-end=\"870\">Month 2 \u2013 Basic Skills Practice \/ Mes 2 \u2013 Pr\u00e1ctica de Habilidades B\u00e1sicas<\/strong><\/h3>\n<ul data-start=\"871\" data-end=\"1334\">\n<li data-start=\"871\" data-end=\"989\">\n<p data-start=\"873\" data-end=\"989\">Practice installing and connecting pipes and fittings \/ Practicar instalaci\u00f3n y conexi\u00f3n de tuber\u00edas y accesorios.<\/p>\n<\/li>\n<li data-start=\"990\" data-end=\"1104\">\n<p data-start=\"992\" data-end=\"1104\">Perform basic maintenance on water supply systems \/ Realizar mantenimiento b\u00e1sico en sistemas de agua potable.<\/p>\n<\/li>\n<li data-start=\"1105\" data-end=\"1224\">\n<p data-start=\"1107\" data-end=\"1224\">Learn soldering, welding, and pipe joining techniques \/ Aprender t\u00e9cnicas de soldadura, uni\u00f3n y acople de tuber\u00edas.<\/p>\n<\/li>\n<li data-start=\"1225\" data-end=\"1334\">\n<p data-start=\"1227\" data-end=\"1334\">Assist in minor repair jobs under supervision \/ Asistir en trabajos de reparaci\u00f3n menores bajo supervisi\u00f3n.<\/p>\n<\/li>\n<\/ul>\n<h3 data-start=\"1336\" data-end=\"1416\"><strong data-start=\"1340\" data-end=\"1416\">Month 3 \u2013 Intermediate Installations \/ Mes 3 \u2013 Instalaciones Intermedias<\/strong><\/h3>\n<ul data-start=\"1417\" data-end=\"1902\">\n<li data-start=\"1417\" data-end=\"1566\">\n<p data-start=\"1419\" data-end=\"1566\">Install and test fixtures such as sinks, toilets, and water heaters \/ Instalar y probar accesorios como lavabos, inodoros y calentadores de agua.<\/p>\n<\/li>\n<li data-start=\"1567\" data-end=\"1685\">\n<p data-start=\"1569\" data-end=\"1685\">Learn diagnostic techniques for leaks and blockages \/ Aprender t\u00e9cnicas de diagn\u00f3stico para fugas y obstrucciones.<\/p>\n<\/li>\n<li data-start=\"1686\" data-end=\"1782\">\n<p data-start=\"1688\" data-end=\"1782\">Practice preventive maintenance schedules \/ Practicar programas de mantenimiento preventivo.<\/p>\n<\/li>\n<li data-start=\"1783\" data-end=\"1902\">\n<p data-start=\"1785\" data-end=\"1902\">Understand and implement infection control protocols \/ Comprender e implementar protocolos de control de infecciones.<\/p>\n<\/li>\n<\/ul>\n<h3 data-start=\"1904\" data-end=\"2002\"><strong data-start=\"1908\" data-end=\"2002\">Month 4 \u2013 Commercial &amp; Specialized Systems \/ Mes 4 \u2013 Sistemas Comerciales y Especializados<\/strong><\/h3>\n<ul data-start=\"2003\" data-end=\"2471\">\n<li data-start=\"2003\" data-end=\"2123\">\n<p data-start=\"2005\" data-end=\"2123\">Work with large-scale waste removal and drainage systems \/ Trabajar con sistemas de drenaje y desecho a gran escala.<\/p>\n<\/li>\n<li data-start=\"2124\" data-end=\"2221\">\n<p data-start=\"2126\" data-end=\"2221\">Install and maintain gas heating systems \/ Instalar y mantener sistemas de calefacci\u00f3n a gas.<\/p>\n<\/li>\n<li data-start=\"2222\" data-end=\"2334\">\n<p data-start=\"2224\" data-end=\"2334\">Gain experience in commercial building plumbing \/ Adquirir experiencia en plomer\u00eda de edificios comerciales.<\/p>\n<\/li>\n<li data-start=\"2335\" data-end=\"2471\">\n<p data-start=\"2337\" data-end=\"2471\">Learn to coordinate with contractors and facility managers \/ Aprender a coordinar con contratistas y administradores de instalaciones.<\/p>\n<\/li>\n<\/ul>\n<h3 data-start=\"2473\" data-end=\"2557\"><strong data-start=\"2477\" data-end=\"2557\">Month 5 \u2013 Certification Preparation \/ Mes 5 \u2013 Preparaci\u00f3n para Certificaci\u00f3n<\/strong><\/h3>\n<ul data-start=\"2558\" data-end=\"3015\">\n<li data-start=\"2558\" data-end=\"2666\">\n<p data-start=\"2560\" data-end=\"2666\">Study for Journeyman or State Plumbing License \/ Estudiar para la licencia de plomero oficial o estatal.<\/p>\n<\/li>\n<li data-start=\"2667\" data-end=\"2770\">\n<p data-start=\"2669\" data-end=\"2770\">Complete CPR, OSHA, and safety certifications \/ Completar certificaciones de RCP, OSHA y seguridad.<\/p>\n<\/li>\n<li data-start=\"2771\" data-end=\"2894\">\n<p data-start=\"2773\" data-end=\"2894\">Review building code compliance checklists \/ Revisar listas de verificaci\u00f3n de cumplimiento de c\u00f3digos de construcci\u00f3n.<\/p>\n<\/li>\n<li data-start=\"2895\" data-end=\"3015\">\n<p data-start=\"2897\" data-end=\"3015\">Practice all required skills for license exams \/ Practicar todas las habilidades requeridas para ex\u00e1menes de licencia.<\/p>\n<\/li>\n<\/ul>\n<h3 data-start=\"3017\" data-end=\"3093\"><strong data-start=\"3021\" data-end=\"3093\">Month 6 \u2013 Professional Integration \/ Mes 6 \u2013 Integraci\u00f3n Profesional<\/strong><\/h3>\n<ul data-start=\"3094\" data-end=\"3574\">\n<li data-start=\"3094\" data-end=\"3195\">\n<p data-start=\"3096\" data-end=\"3195\">Work independently on assigned projects \/ Trabajar de forma independiente en proyectos asignados.<\/p>\n<\/li>\n<li data-start=\"3196\" data-end=\"3308\">\n<p data-start=\"3198\" data-end=\"3308\">Lead small plumbing installation or repair jobs \/ Liderar peque\u00f1as instalaciones o reparaciones de plomer\u00eda.<\/p>\n<\/li>\n<li data-start=\"3309\" data-end=\"3443\">\n<p data-start=\"3311\" data-end=\"3443\">Network with industry professionals for job opportunities \/ Crear redes con profesionales del sector para oportunidades laborales.<\/p>\n<\/li>\n<li data-start=\"3444\" data-end=\"3574\">\n<p data-start=\"3446\" data-end=\"3574\">Begin applying for permanent positions or contract work \/ Empezar a postularse para puestos permanentes o trabajos por contrato.<\/p>\n<\/li>\n<\/ul>\n<hr \/>\n<p><span style=\"color: #0000ff;\">Unique Visitors:<\/span> <span class='visitors'>2760<\/span><br \/>\n<span style=\"color: #0000ff;\">Page-views:<\/span> <span class='page-views'>11471<\/span><\/p>\n","protected":false},"excerpt":{"rendered":"<p>Plumbing (JOB) Available today (Just click it the source to apply). Proactive Resume focus (Open Positions&#8230;<\/p>\n","protected":false},"author":1,"featured_media":0,"parent":0,"menu_order":6,"comment_status":"closed","ping_status":"closed","template":"","meta":{"footnotes":""},"class_list":["post-97","page","type-page","status-publish","hentry"],"_links":{"self":[{"href":"https:\/\/jobaqui.com\/index.php\/wp-json\/wp\/v2\/pages\/97","targetHints":{"allow":["GET"]}}],"collection":[{"href":"https:\/\/jobaqui.com\/index.php\/wp-json\/wp\/v2\/pages"}],"about":[{"href":"https:\/\/jobaqui.com\/index.php\/wp-json\/wp\/v2\/types\/page"}],"author":[{"embeddable":true,"href":"https:\/\/jobaqui.com\/index.php\/wp-json\/wp\/v2\/users\/1"}],"replies":[{"embeddable":true,"href":"https:\/\/jobaqui.com\/index.php\/wp-json\/wp\/v2\/comments?post=97"}],"version-history":[{"count":42,"href":"https:\/\/jobaqui.com\/index.php\/wp-json\/wp\/v2\/pages\/97\/revisions"}],"predecessor-version":[{"id":1696,"href":"https:\/\/jobaqui.com\/index.php\/wp-json\/wp\/v2\/pages\/97\/revisions\/1696"}],"wp:attachment":[{"href":"https:\/\/jobaqui.com\/index.php\/wp-json\/wp\/v2\/media?parent=97"}],"curies":[{"name":"wp","href":"https:\/\/api.w.org\/{rel}","templated":true}]}}