{"id":99,"date":"2024-09-15T00:41:27","date_gmt":"2024-09-15T00:41:27","guid":{"rendered":"https:\/\/jobaqui.com\/?page_id=99"},"modified":"2025-10-14T00:29:19","modified_gmt":"2025-10-14T00:29:19","slug":"computer-business-application","status":"publish","type":"page","link":"https:\/\/jobaqui.com\/index.php\/computer-business-application\/","title":{"rendered":"CBA_Accounting"},"content":{"rendered":"<p><span style=\"font-size: 14pt;\"><strong>Computer Business Application<\/strong> (JOB) Available today (<span style=\"color: #ff0000;\">Just Click it to apply<\/span>).<\/span><\/p>\n<p><span style=\"color: #993300;\"><strong>Proactive Resume focus (Open Positions Requirements):<\/strong><\/span><\/p>\n<ul>\n<li><span style=\"font-size: 14pt;\"><a href=\"https:\/\/hiapromo.com\/sfit\/jobaqui\/cba_pr\/index.html\" target=\"_blank\" rel=\"noopener\">Computer Business Application (HTML to PDF)<\/a><\/span><\/li>\n<\/ul>\n<p><span style=\"color: #993300;\"><strong>Attendance and Survey:<\/strong><\/span><\/p>\n<table style=\"width: 70.7375%; height: 61px;\" width=\"330\">\n<tbody>\n<tr>\n<td style=\"text-align: left; width: 100%;\" width=\"330\"><span style=\"font-size: 14pt;\">Computer Business Application &#8211; Participants Survey<\/span><\/td>\n<\/tr>\n<\/tbody>\n<\/table>\n<hr \/>\n<p><span style=\"font-size: 12pt; color: #008000; font-family: 'arial black', sans-serif;\"><a style=\"color: #008000;\" href=\"https:\/\/jobaqui.com\/certifications\/application.html\" target=\"_blank\" rel=\"noopener\">Gu\u00eda Universal de Plataformas de Empleo \u2013 Dade County 2025<\/a><\/span><\/p>\n<p><span style=\"color: #0000ff;\"><strong>Sources to apply:<\/strong><\/span><\/p>\n<ol>\n<li><a href=\"https:\/\/www.ziprecruiter.com\/jobs-search?search=entry+level+accountant&amp;location=Hialeah%2C+FL&amp;refine_by_location_type=&amp;radius=25&amp;days=&amp;refine_by_employment=employment_type%3Aall&amp;refine_by_salary=&amp;refine_by_salary_ceil=&amp;lk=eCBXuniLrPzhHON8S5SYpA&amp;page=1\" target=\"_blank\" rel=\"noopener\">ZipRecruiter<\/a><\/li>\n<li><a href=\"https:\/\/www.indeed.com\/jobs?q=entry+level+accountant&amp;l=Hialeah%2C+FL&amp;radius=25&amp;from=searchOnDesktopSerp&amp;vjk=a27d91ec3bdbd0ef\" target=\"_blank\" rel=\"noopener\">Indeed<\/a><\/li>\n<li><a href=\"https:\/\/www.monster.com\/jobs\/search?q=entry+level+accountant&amp;where=Hialeah%2C+FL&amp;page=1&amp;so=m.s.sh\" target=\"_blank\" rel=\"noopener\">Monster<\/a><\/li>\n<li><a href=\"https:\/\/www.linkedin.com\/jobs\/search-results\/?keywords=accounting%20entry%20level%20dade%20county%20posted%20in%20the%20past%20week\" target=\"_blank\" rel=\"noopener\">LinkedIn<\/a><\/li>\n<li><a href=\"https:\/\/www.glassdoor.com\/Job\/hialeah-fl-accountant-entry-level-jobs-SRCH_IL.0,10_IC1154162_KO11,33.htm?radius=10\" target=\"_blank\" rel=\"noopener\">Glassdoor<\/a><\/li>\n<\/ol>\n<hr \/>\n<p><em><span style=\"color: #993366;\">We are working on this website designs and concepts (Draft Version)<\/span><\/em><\/p>\n<hr \/>\n<p><span style=\"color: #0000ff;\"><strong>SPONSORS HERE:<\/strong><\/span><\/p>\n<table style=\"border-collapse: collapse; width: 100%;\">\n<tbody>\n<tr>\n<td style=\"width: 33.3333%;\"><a href=\"https:\/\/www.walmart.com\/shop\/deals\" target=\"_blank\" rel=\"noopener\"><img loading=\"lazy\" decoding=\"async\" class=\"alignleft size-medium wp-image-363\" src=\"http:\/\/jobaqui.com\/wp-content\/uploads\/2024\/10\/Walmart-Deals-300x202.png\" alt=\"\" width=\"300\" height=\"202\" srcset=\"https:\/\/jobaqui.com\/wp-content\/uploads\/2024\/10\/Walmart-Deals-300x202.png 300w, https:\/\/jobaqui.com\/wp-content\/uploads\/2024\/10\/Walmart-Deals.png 311w\" sizes=\"auto, (max-width: 300px) 100vw, 300px\" \/><\/a><\/td>\n<td style=\"width: 33.3333%;\"><a href=\"https:\/\/www.bjs.com\/myCoupons\" target=\"_blank\" rel=\"noopener\"><img loading=\"lazy\" decoding=\"async\" class=\"alignleft size-medium wp-image-368\" src=\"http:\/\/jobaqui.com\/wp-content\/uploads\/2024\/10\/BJs-300x85.png\" alt=\"\" width=\"300\" height=\"85\" srcset=\"https:\/\/jobaqui.com\/wp-content\/uploads\/2024\/10\/BJs-300x85.png 300w, https:\/\/jobaqui.com\/wp-content\/uploads\/2024\/10\/BJs.png 341w\" sizes=\"auto, (max-width: 300px) 100vw, 300px\" \/><\/a><\/td>\n<td style=\"width: 33.3333%;\"><\/td>\n<\/tr>\n<\/tbody>\n<\/table>\n<hr \/>\n<p><span style=\"color: #0000ff;\"><strong>Important Documents:<\/strong><\/span><\/p>\n<ul>\n<li><a href=\"https:\/\/jobaqui.com\/certifications\/Certificaciones_CBA_Miami.pdf\" target=\"_blank\" rel=\"noopener\">Recommended Certifications CBA<\/a><\/li>\n<li><a href=\"https:\/\/jobaqui.com\/certifications\/Accounting_EntryLevel_Market_Study.pdf\" target=\"_blank\" rel=\"noopener\">Accounting_EntryLevel_Market_Study<\/a><\/li>\n<li><a href=\"https:\/\/jobaqui.com\/certifications\/cba-t10.html\" target=\"_blank\" rel=\"noopener\">Top 10 \u2013 Accounting Assistant (Entry Level) (Task)<\/a><\/li>\n<\/ul>\n<hr \/>\n<p><span style=\"color: #0000ff;\"><strong>A day on Your Career Life: <a href=\"https:\/\/jobaqui.com\/daylife\/cba.html\" target=\"_blank\" rel=\"noopener\">CBA Videos Summary Link<\/a><\/strong><\/span><\/p>\n<hr \/>\n<p><iframe loading=\"lazy\" src=\"\/\/www.youtube.com\/embed\/BWItQzWjthU?list=PLKzobJwkGwKHJd82tJXTgtqf63KJPPIGg&amp;index=5\" width=\"560\" height=\"314\" allowfullscreen=\"allowfullscreen\"><\/iframe><\/p>\n<p><iframe loading=\"lazy\" src=\"\/\/www.youtube.com\/embed\/HIQHx82cxtg\" width=\"560\" height=\"314\" allowfullscreen=\"allowfullscreen\"><\/iframe><\/p>\n<p><iframe loading=\"lazy\" src=\"\/\/www.youtube.com\/embed\/NPxiNBU8Vsk\" width=\"560\" height=\"314\" allowfullscreen=\"allowfullscreen\"><\/iframe><\/p>\n<hr \/>\n<h2 data-start=\"147\" data-end=\"201\"><span style=\"font-size: 14pt;\"><strong data-start=\"150\" data-end=\"199\">Top 20 Duties \/ Principales Responsabilidades<\/strong><\/span><\/h2>\n<ol data-start=\"202\" data-end=\"2191\">\n<li data-start=\"202\" data-end=\"349\">\n<p data-start=\"205\" data-end=\"349\">Process and record accounts payable (AP) and accounts receivable (AR) \/ Procesar y registrar cuentas por pagar (AP) y cuentas por cobrar (AR).<\/p>\n<\/li>\n<li data-start=\"350\" data-end=\"466\">\n<p data-start=\"353\" data-end=\"466\">Reconcile bank statements and accounting records \/ Conciliar estados de cuenta bancarios y registros contables.<\/p>\n<\/li>\n<li data-start=\"467\" data-end=\"547\">\n<p data-start=\"470\" data-end=\"547\">Prepare and post journal entries \/ Preparar y registrar asientos contables.<\/p>\n<\/li>\n<li data-start=\"548\" data-end=\"607\">\n<p data-start=\"551\" data-end=\"607\">Maintain the general ledger \/ Mantener el libro mayor.<\/p>\n<\/li>\n<li data-start=\"608\" data-end=\"702\">\n<p data-start=\"611\" data-end=\"702\">Process payments (checks, ACH, Zelle, etc.) \/ Procesar pagos (cheques, ACH, Zelle, etc.).<\/p>\n<\/li>\n<li data-start=\"703\" data-end=\"784\">\n<p data-start=\"706\" data-end=\"784\">Generate and issue customer invoices \/ Generar y emitir facturas a clientes.<\/p>\n<\/li>\n<li data-start=\"785\" data-end=\"860\">\n<p data-start=\"788\" data-end=\"860\">Follow up and manage collections \/ Dar seguimiento y gestionar cobros.<\/p>\n<\/li>\n<li data-start=\"861\" data-end=\"944\">\n<p data-start=\"864\" data-end=\"944\">Maintain accurate financial records \/ Mantener registros financieros precisos.<\/p>\n<\/li>\n<li data-start=\"945\" data-end=\"1047\">\n<p data-start=\"948\" data-end=\"1047\">Prepare monthly and annual financial reports \/ Preparar informes financieros mensuales y anuales.<\/p>\n<\/li>\n<li data-start=\"1048\" data-end=\"1147\">\n<p data-start=\"1052\" data-end=\"1147\">Assist with month-end and year-end closing \/ Asistir en el cierre de fin de mes y fin de a\u00f1o.<\/p>\n<\/li>\n<li data-start=\"1148\" data-end=\"1234\">\n<p data-start=\"1152\" data-end=\"1234\">Review and process 1099 and W9 forms \/ Revisar y procesar formularios 1099 y W9.<\/p>\n<\/li>\n<li data-start=\"1235\" data-end=\"1325\">\n<p data-start=\"1239\" data-end=\"1325\">Reconcile inventory with accounting data \/ Conciliar inventario con datos contables.<\/p>\n<\/li>\n<li data-start=\"1326\" data-end=\"1422\">\n<p data-start=\"1330\" data-end=\"1422\">Calculate sales taxes and other taxes \/ Calcular impuestos sobre ventas y otros impuestos.<\/p>\n<\/li>\n<li data-start=\"1423\" data-end=\"1506\">\n<p data-start=\"1427\" data-end=\"1506\">Support internal and external audits \/ Apoyar auditor\u00edas internas y externas.<\/p>\n<\/li>\n<li data-start=\"1507\" data-end=\"1607\">\n<p data-start=\"1511\" data-end=\"1607\">Generate aging reports for receivables \/ Generar reportes de antig\u00fcedad de cuentas por cobrar.<\/p>\n<\/li>\n<li data-start=\"1608\" data-end=\"1747\">\n<p data-start=\"1612\" data-end=\"1747\">Enter and update vendor\/customer information in the system \/ Ingresar y actualizar informaci\u00f3n de proveedores\/clientes en el sistema.<\/p>\n<\/li>\n<li data-start=\"1748\" data-end=\"1842\">\n<p data-start=\"1752\" data-end=\"1842\">Process adjustments, returns, and refunds \/ Procesar ajustes, devoluciones y reembolsos.<\/p>\n<\/li>\n<li data-start=\"1843\" data-end=\"1953\">\n<p data-start=\"1847\" data-end=\"1953\">Assist in budget preparation and forecasting \/ Asistir en la preparaci\u00f3n de presupuestos y proyecciones.<\/p>\n<\/li>\n<li data-start=\"1954\" data-end=\"2028\">\n<p data-start=\"1958\" data-end=\"2028\">Ensure compliance with GAAP \/ Asegurar el cumplimiento con los GAAP.<\/p>\n<\/li>\n<li data-start=\"2029\" data-end=\"2191\">\n<p data-start=\"2033\" data-end=\"2191\">Collaborate with other departments to ensure accurate financial reporting \/ Colaborar con otros departamentos para garantizar reportes financieros precisos.<\/p>\n<\/li>\n<\/ol>\n<hr data-start=\"2193\" data-end=\"2196\" \/>\n<h2 data-start=\"2198\" data-end=\"2246\"><span style=\"font-size: 14pt;\"><strong data-start=\"2201\" data-end=\"2244\">Top 20 Skills \/ Principales Habilidades<\/strong><\/span><\/h2>\n<ol data-start=\"2247\" data-end=\"4251\">\n<li data-start=\"2247\" data-end=\"2415\">\n<p data-start=\"2250\" data-end=\"2415\">Advanced Microsoft Excel skills (pivot tables, formulas, VLOOKUP\/XLOOKUP) \/ Habilidades avanzadas de Microsoft Excel (tablas din\u00e1micas, f\u00f3rmulas, VLOOKUP\/XLOOKUP).<\/p>\n<\/li>\n<li data-start=\"2416\" data-end=\"2525\">\n<p data-start=\"2419\" data-end=\"2525\">Knowledge of basic accounting principles and GAAP \/ Conocimiento de principios contables b\u00e1sicos y GAAP.<\/p>\n<\/li>\n<li data-start=\"2526\" data-end=\"2632\">\n<p data-start=\"2529\" data-end=\"2632\">Attention to detail and data entry accuracy \/ Atenci\u00f3n al detalle y precisi\u00f3n en la entrada de datos.<\/p>\n<\/li>\n<li data-start=\"2633\" data-end=\"2747\">\n<p data-start=\"2636\" data-end=\"2747\">Ability to work with high transaction volumes \/ Capacidad para trabajar con altos vol\u00famenes de transacciones.<\/p>\n<\/li>\n<li data-start=\"2748\" data-end=\"2843\">\n<p data-start=\"2751\" data-end=\"2843\">Proficiency in QuickBooks (Desktop and Online) \/ Dominio de QuickBooks (Desktop y Online).<\/p>\n<\/li>\n<li data-start=\"2844\" data-end=\"2942\">\n<p data-start=\"2847\" data-end=\"2942\">Time management and prioritization skills \/ Habilidades de gesti\u00f3n del tiempo y priorizaci\u00f3n.<\/p>\n<\/li>\n<li data-start=\"2943\" data-end=\"3056\">\n<p data-start=\"2946\" data-end=\"3056\">Clear and professional communication (oral and written) \/ Comunicaci\u00f3n clara y profesional (oral y escrita).<\/p>\n<\/li>\n<li data-start=\"3057\" data-end=\"3147\">\n<p data-start=\"3060\" data-end=\"3147\">Teamwork and collaboration abilities \/ Habilidad para trabajar en equipo y colaborar.<\/p>\n<\/li>\n<li data-start=\"3148\" data-end=\"3216\">\n<p data-start=\"3151\" data-end=\"3216\">Multitasking skills \/ Habilidad para realizar m\u00faltiples tareas.<\/p>\n<\/li>\n<li data-start=\"3217\" data-end=\"3303\">\n<p data-start=\"3221\" data-end=\"3303\">Experience in account reconciliations \/ Experiencia en conciliaciones contables.<\/p>\n<\/li>\n<li data-start=\"3304\" data-end=\"3376\">\n<p data-start=\"3308\" data-end=\"3376\">Customer service orientation \/ Orientaci\u00f3n al servicio al cliente.<\/p>\n<\/li>\n<li data-start=\"3377\" data-end=\"3504\">\n<p data-start=\"3381\" data-end=\"3504\">Familiarity with ERP systems (Yardi, Zoho, Sage, MIP, MRI) \/ Familiaridad con sistemas ERP (Yardi, Zoho, Sage, MIP, MRI).<\/p>\n<\/li>\n<li data-start=\"3505\" data-end=\"3596\">\n<p data-start=\"3509\" data-end=\"3596\">Problem-solving and discrepancy resolution \/ Resoluci\u00f3n de problemas y discrepancias.<\/p>\n<\/li>\n<li data-start=\"3597\" data-end=\"3702\">\n<p data-start=\"3601\" data-end=\"3702\">Organization and management of financial records \/ Organizaci\u00f3n y gesti\u00f3n de registros financieros.<\/p>\n<\/li>\n<li data-start=\"3703\" data-end=\"3794\">\n<p data-start=\"3707\" data-end=\"3794\">Basic knowledge of payroll and benefits \/ Conocimiento b\u00e1sico de n\u00f3mina y beneficios.<\/p>\n<\/li>\n<li data-start=\"3795\" data-end=\"3887\">\n<p data-start=\"3799\" data-end=\"3887\">Adaptability to changes and new tools \/ Adaptabilidad a cambios y nuevas herramientas.<\/p>\n<\/li>\n<li data-start=\"3888\" data-end=\"3966\">\n<p data-start=\"3892\" data-end=\"3966\">Understanding of audit processes \/ Comprensi\u00f3n de procesos de auditor\u00eda.<\/p>\n<\/li>\n<li data-start=\"3967\" data-end=\"4063\">\n<p data-start=\"3971\" data-end=\"4063\">Ability to work with minimal supervision \/ Capacidad para trabajar con m\u00ednima supervisi\u00f3n.<\/p>\n<\/li>\n<li data-start=\"4064\" data-end=\"4158\">\n<p data-start=\"4068\" data-end=\"4158\">Knowledge of tax processes and reporting \/ Conocimiento de procesos y reportes fiscales.<\/p>\n<\/li>\n<li data-start=\"4159\" data-end=\"4251\">\n<p data-start=\"4163\" data-end=\"4251\">Bilingual (English\/Spanish) or multilingual \/ Biling\u00fce (ingl\u00e9s\/espa\u00f1ol) o multiling\u00fce.<\/p>\n<\/li>\n<\/ol>\n<hr data-start=\"4253\" data-end=\"4256\" \/>\n<h2 data-start=\"4258\" data-end=\"4318\"><span style=\"font-size: 14pt;\"><strong data-start=\"4261\" data-end=\"4316\">Top 20 Certifications \/ Principales Certificaciones<\/strong><\/span><\/h2>\n<ol data-start=\"4319\" data-end=\"6538\">\n<li data-start=\"4319\" data-end=\"4425\">\n<p data-start=\"4322\" data-end=\"4425\">QuickBooks Certified User (Desktop or Online) \/ Usuario Certificado en QuickBooks (Desktop o Online).<\/p>\n<\/li>\n<li data-start=\"4426\" data-end=\"4552\">\n<p data-start=\"4429\" data-end=\"4552\">Microsoft Excel Certification (MOS Specialist or Expert) \/ Certificaci\u00f3n en Microsoft Excel (MOS Especialista o Experto).<\/p>\n<\/li>\n<li data-start=\"4553\" data-end=\"4647\">\n<p data-start=\"4556\" data-end=\"4647\">Bookkeeping Certification (AIPB or NACPB) \/ Certificaci\u00f3n en Contabilidad (AIPB o NACPB).<\/p>\n<\/li>\n<li data-start=\"4648\" data-end=\"4777\">\n<p data-start=\"4651\" data-end=\"4777\">Certified Public Accountant (CPA) (in progress or planned) \/ Contador P\u00fablico Certificado (CPA) (en progreso o planificado).<\/p>\n<\/li>\n<li data-start=\"4778\" data-end=\"4915\">\n<p data-start=\"4781\" data-end=\"4915\">Fundamentals of Accounting Certification (Coursera, edX, etc.) \/ Certificaci\u00f3n en Fundamentos de Contabilidad (Coursera, edX, etc.).<\/p>\n<\/li>\n<li data-start=\"4916\" data-end=\"5034\">\n<p data-start=\"4919\" data-end=\"5034\">Accounts Payable\/Receivable Specialist Certification \/ Certificaci\u00f3n de Especialista en Cuentas por Pagar\/Cobrar.<\/p>\n<\/li>\n<li data-start=\"5035\" data-end=\"5115\">\n<p data-start=\"5038\" data-end=\"5115\">Microsoft Office Specialist (MOS) \/ Especialista en Microsoft Office (MOS).<\/p>\n<\/li>\n<li data-start=\"5116\" data-end=\"5222\">\n<p data-start=\"5119\" data-end=\"5222\">Tax Preparation Certification (IRS or AFSP) \/ Certificaci\u00f3n en Preparaci\u00f3n de Impuestos (IRS o AFSP).<\/p>\n<\/li>\n<li data-start=\"5223\" data-end=\"5348\">\n<p data-start=\"5226\" data-end=\"5348\">Certified Management Accountant (CMA) (medium-term goal) \/ Contador de Gesti\u00f3n Certificado (CMA) (meta a mediano plazo).<\/p>\n<\/li>\n<li data-start=\"5349\" data-end=\"5418\">\n<p data-start=\"5353\" data-end=\"5418\">Yardi Software Certification \/ Certificaci\u00f3n en Software Yardi.<\/p>\n<\/li>\n<li data-start=\"5419\" data-end=\"5492\">\n<p data-start=\"5423\" data-end=\"5492\">Sage Accounting Certification \/ Certificaci\u00f3n en Contabilidad Sage.<\/p>\n<\/li>\n<li data-start=\"5493\" data-end=\"5554\">\n<p data-start=\"5497\" data-end=\"5554\">Zoho Books Certification \/ Certificaci\u00f3n en Zoho Books.<\/p>\n<\/li>\n<li data-start=\"5555\" data-end=\"5720\">\n<p data-start=\"5559\" data-end=\"5720\">Financial Accounting Fundamentals (Harvard Online, LinkedIn Learning, etc.) \/ Fundamentos de Contabilidad Financiera (Harvard Online, LinkedIn Learning, etc.).<\/p>\n<\/li>\n<li data-start=\"5721\" data-end=\"5874\">\n<p data-start=\"5725\" data-end=\"5874\">Payroll Certification (Fundamentals or Certified Payroll Professional) \/ Certificaci\u00f3n en N\u00f3mina (Fundamentos o Profesional Certificado en N\u00f3mina).<\/p>\n<\/li>\n<li data-start=\"5875\" data-end=\"6001\">\n<p data-start=\"5879\" data-end=\"6001\">Bilingual Professional Certification (optional if applicable) \/ Certificaci\u00f3n Profesional Biling\u00fce (opcional si aplica).<\/p>\n<\/li>\n<li data-start=\"6002\" data-end=\"6096\">\n<p data-start=\"6006\" data-end=\"6096\">Data Entry Specialist Certification \/ Certificaci\u00f3n de Especialista en Entrada de Datos.<\/p>\n<\/li>\n<li data-start=\"6097\" data-end=\"6175\">\n<p data-start=\"6101\" data-end=\"6175\">Accounting Technician Certification \/ Certificaci\u00f3n de T\u00e9cnico Contable.<\/p>\n<\/li>\n<li data-start=\"6176\" data-end=\"6305\">\n<p data-start=\"6180\" data-end=\"6305\">Excel for Accounting and Finance (technical specialization) \/ Excel para Contabilidad y Finanzas (especializaci\u00f3n t\u00e9cnica).<\/p>\n<\/li>\n<li data-start=\"6306\" data-end=\"6431\">\n<p data-start=\"6310\" data-end=\"6431\">Business Accounting Certificate (college or institute) \/ Certificado en Contabilidad Empresarial (colegio o instituto).<\/p>\n<\/li>\n<li data-start=\"6432\" data-end=\"6538\">\n<p data-start=\"6436\" data-end=\"6538\">ERP Systems Training (SAP, Oracle, NetSuite) \/ Capacitaci\u00f3n en Sistemas ERP (SAP, Oracle, NetSuite).<\/p>\n<\/li>\n<\/ol>\n<hr \/>\n<h2 data-start=\"130\" data-end=\"198\"><strong data-start=\"133\" data-end=\"198\">6-Month Roadmap for Entry-Level Accountant Career Development<\/strong><\/h2>\n<hr data-start=\"200\" data-end=\"203\" \/>\n<h3 data-start=\"205\" data-end=\"241\"><strong data-start=\"209\" data-end=\"241\">Month 1 \u2013 Foundation &amp; Tools<\/strong><\/h3>\n<ul data-start=\"242\" data-end=\"573\">\n<li data-start=\"242\" data-end=\"331\">\n<p data-start=\"244\" data-end=\"331\">Learn <strong data-start=\"250\" data-end=\"281\">Basic Accounting Principles<\/strong> (GAAP, double-entry system, chart of accounts).<\/p>\n<\/li>\n<li data-start=\"332\" data-end=\"436\">\n<p data-start=\"334\" data-end=\"436\">Practice <strong data-start=\"343\" data-end=\"362\">Microsoft Excel<\/strong> daily: formulas, pivot tables, VLOOKUP\/XLOOKUP, conditional formatting.<\/p>\n<\/li>\n<li data-start=\"437\" data-end=\"500\">\n<p data-start=\"439\" data-end=\"500\">Start exploring <strong data-start=\"455\" data-end=\"469\">QuickBooks<\/strong> (Desktop &amp; Online versions).<\/p>\n<\/li>\n<li data-start=\"501\" data-end=\"573\">\n<p data-start=\"503\" data-end=\"573\">Set up a personal <strong data-start=\"521\" data-end=\"540\">practice ledger<\/strong> to simulate real transactions.<\/p>\n<\/li>\n<\/ul>\n<hr data-start=\"575\" data-end=\"578\" \/>\n<h3 data-start=\"580\" data-end=\"624\"><strong data-start=\"584\" data-end=\"624\">Month 2 \u2013 Core Accounting Operations<\/strong><\/h3>\n<ul data-start=\"625\" data-end=\"898\">\n<li data-start=\"625\" data-end=\"689\">\n<p data-start=\"627\" data-end=\"689\">Master <strong data-start=\"634\" data-end=\"676\">Accounts Payable &amp; Accounts Receivable<\/strong> workflows.<\/p>\n<\/li>\n<li data-start=\"690\" data-end=\"752\">\n<p data-start=\"692\" data-end=\"752\">Practice <strong data-start=\"701\" data-end=\"725\">bank reconciliations<\/strong> using sample statements.<\/p>\n<\/li>\n<li data-start=\"753\" data-end=\"807\">\n<p data-start=\"755\" data-end=\"807\">Create and post <strong data-start=\"771\" data-end=\"790\">journal entries<\/strong> in QuickBooks.<\/p>\n<\/li>\n<li data-start=\"808\" data-end=\"898\">\n<p data-start=\"810\" data-end=\"898\">Learn to prepare and issue <strong data-start=\"837\" data-end=\"849\">invoices<\/strong> and process <strong data-start=\"862\" data-end=\"874\">payments<\/strong> (checks, ACH, Zelle).<\/p>\n<\/li>\n<\/ul>\n<hr data-start=\"900\" data-end=\"903\" \/>\n<h3 data-start=\"905\" data-end=\"943\"><strong data-start=\"909\" data-end=\"943\">Month 3 \u2013 Reports &amp; Compliance<\/strong><\/h3>\n<ul data-start=\"944\" data-end=\"1220\">\n<li data-start=\"944\" data-end=\"1024\">\n<p data-start=\"946\" data-end=\"1024\">Learn to generate <strong data-start=\"964\" data-end=\"985\">financial reports<\/strong> (P&amp;L, Balance Sheet, Aging Reports).<\/p>\n<\/li>\n<li data-start=\"1025\" data-end=\"1085\">\n<p data-start=\"1027\" data-end=\"1085\">Understand <strong data-start=\"1038\" data-end=\"1082\">month-end and year-end closing processes<\/strong>.<\/p>\n<\/li>\n<li data-start=\"1086\" data-end=\"1149\">\n<p data-start=\"1088\" data-end=\"1149\">Practice <strong data-start=\"1097\" data-end=\"1125\">inventory reconciliation<\/strong> with accounting data.<\/p>\n<\/li>\n<li data-start=\"1150\" data-end=\"1220\">\n<p data-start=\"1152\" data-end=\"1220\">Study <strong data-start=\"1158\" data-end=\"1171\">sales tax<\/strong> and basic <strong data-start=\"1182\" data-end=\"1206\">tax form preparation<\/strong> (W9, 1099).<\/p>\n<\/li>\n<\/ul>\n<hr data-start=\"1222\" data-end=\"1225\" \/>\n<h3 data-start=\"1227\" data-end=\"1269\"><strong data-start=\"1231\" data-end=\"1269\">Month 4 \u2013 Systems &amp; Certifications<\/strong><\/h3>\n<ul data-start=\"1270\" data-end=\"1540\">\n<li data-start=\"1270\" data-end=\"1328\">\n<p data-start=\"1272\" data-end=\"1328\">Explore <strong data-start=\"1280\" data-end=\"1295\">ERP systems<\/strong> (Yardi, Sage, Zoho, MIP, MRI).<\/p>\n<\/li>\n<li data-start=\"1329\" data-end=\"1388\">\n<p data-start=\"1331\" data-end=\"1388\">Begin <strong data-start=\"1337\" data-end=\"1365\">QuickBooks Certification<\/strong> (Desktop or Online).<\/p>\n<\/li>\n<li data-start=\"1389\" data-end=\"1469\">\n<p data-start=\"1391\" data-end=\"1469\">Start <strong data-start=\"1397\" data-end=\"1430\">Microsoft Excel Certification<\/strong> preparation (MOS Specialist\/Expert).<\/p>\n<\/li>\n<li data-start=\"1470\" data-end=\"1540\">\n<p data-start=\"1472\" data-end=\"1540\">Learn <strong data-start=\"1478\" data-end=\"1537\">document organization and record-keeping best practices<\/strong>.<\/p>\n<\/li>\n<\/ul>\n<hr data-start=\"1542\" data-end=\"1545\" \/>\n<h3 data-start=\"1547\" data-end=\"1598\"><strong data-start=\"1551\" data-end=\"1598\">Month 5 \u2013 Advanced Skills &amp; Problem Solving<\/strong><\/h3>\n<ul data-start=\"1599\" data-end=\"1849\">\n<li data-start=\"1599\" data-end=\"1665\">\n<p data-start=\"1601\" data-end=\"1665\">Practice <strong data-start=\"1610\" data-end=\"1632\">budget preparation<\/strong> and <strong data-start=\"1637\" data-end=\"1662\">financial forecasting<\/strong>.<\/p>\n<\/li>\n<li data-start=\"1666\" data-end=\"1732\">\n<p data-start=\"1668\" data-end=\"1732\">Learn <strong data-start=\"1674\" data-end=\"1718\">discrepancy investigation and resolution<\/strong> techniques.<\/p>\n<\/li>\n<li data-start=\"1733\" data-end=\"1775\">\n<p data-start=\"1735\" data-end=\"1775\">Simulate <strong data-start=\"1744\" data-end=\"1772\">internal audit processes<\/strong>.<\/p>\n<\/li>\n<li data-start=\"1776\" data-end=\"1849\">\n<p data-start=\"1778\" data-end=\"1849\">Develop <strong data-start=\"1786\" data-end=\"1831\">customer service and communication skills<\/strong> for accounting.<\/p>\n<\/li>\n<\/ul>\n<hr data-start=\"1851\" data-end=\"1854\" \/>\n<h3 data-start=\"1856\" data-end=\"1910\"><strong data-start=\"1860\" data-end=\"1910\">Month 6 \u2013 Professional Profile &amp; Job Readiness<\/strong><\/h3>\n<ul data-start=\"1911\" data-end=\"2247\">\n<li data-start=\"1911\" data-end=\"1964\">\n<p data-start=\"1913\" data-end=\"1964\">Complete <strong data-start=\"1922\" data-end=\"1961\">QuickBooks and Excel certifications<\/strong>.<\/p>\n<\/li>\n<li data-start=\"1965\" data-end=\"2051\">\n<p data-start=\"1967\" data-end=\"2051\">Build a <strong data-start=\"1975\" data-end=\"1998\">professional resume<\/strong> highlighting accounting skills and certifications.<\/p>\n<\/li>\n<li data-start=\"2052\" data-end=\"2117\">\n<p data-start=\"2054\" data-end=\"2117\">Create a <strong data-start=\"2063\" data-end=\"2093\">LinkedIn profile optimized<\/strong> for accounting roles.<\/p>\n<\/li>\n<li data-start=\"2118\" data-end=\"2189\">\n<p data-start=\"2120\" data-end=\"2189\">Apply for <strong data-start=\"2130\" data-end=\"2156\">entry-level accountant<\/strong> and <strong data-start=\"2161\" data-end=\"2176\">bookkeeping<\/strong> positions.<\/p>\n<\/li>\n<li data-start=\"2190\" data-end=\"2247\">\n<p data-start=\"2192\" data-end=\"2247\">Practice <strong data-start=\"2201\" data-end=\"2224\">interview questions<\/strong> for accounting jobs.<\/p>\n<\/li>\n<\/ul>\n","protected":false},"excerpt":{"rendered":"<p>Computer Business Application (JOB) Available today (Just Click it to apply). Proactive Resume focus (Open Positions&#8230;<\/p>\n","protected":false},"author":1,"featured_media":0,"parent":0,"menu_order":7,"comment_status":"closed","ping_status":"closed","template":"","meta":{"footnotes":""},"class_list":["post-99","page","type-page","status-publish","hentry"],"_links":{"self":[{"href":"https:\/\/jobaqui.com\/index.php\/wp-json\/wp\/v2\/pages\/99","targetHints":{"allow":["GET"]}}],"collection":[{"href":"https:\/\/jobaqui.com\/index.php\/wp-json\/wp\/v2\/pages"}],"about":[{"href":"https:\/\/jobaqui.com\/index.php\/wp-json\/wp\/v2\/types\/page"}],"author":[{"embeddable":true,"href":"https:\/\/jobaqui.com\/index.php\/wp-json\/wp\/v2\/users\/1"}],"replies":[{"embeddable":true,"href":"https:\/\/jobaqui.com\/index.php\/wp-json\/wp\/v2\/comments?post=99"}],"version-history":[{"count":27,"href":"https:\/\/jobaqui.com\/index.php\/wp-json\/wp\/v2\/pages\/99\/revisions"}],"predecessor-version":[{"id":1697,"href":"https:\/\/jobaqui.com\/index.php\/wp-json\/wp\/v2\/pages\/99\/revisions\/1697"}],"wp:attachment":[{"href":"https:\/\/jobaqui.com\/index.php\/wp-json\/wp\/v2\/media?parent=99"}],"curies":[{"name":"wp","href":"https:\/\/api.w.org\/{rel}","templated":true}]}}